{"id":16285,"date":"2026-02-09T15:54:47","date_gmt":"2026-02-09T14:54:47","guid":{"rendered":"https:\/\/psychosomatik-krause.de\/?post_type=product&#038;p=16285"},"modified":"2026-02-09T18:28:59","modified_gmt":"2026-02-09T17:28:59","slug":"psychosomatik-verstehen-wenn-symptome-unerklaerbar-werden","status":"publish","type":"product","link":"https:\/\/psychosomatik-krause.de\/en\/product\/psychosomatik-verstehen-wenn-symptome-unerklaerbar-werden","title":{"rendered":"Psychosomatik verstehen &#8211; wenn Symptome unerkl\u00e4rbar werden"},"content":{"rendered":"<h1 data-start=\"268\" data-end=\"330\">Psychosomatik verstehen \u2013 wenn Symptome unerkl\u00e4rbar werden<\/h1>\n<h2 data-start=\"331\" data-end=\"392\">Der ONPT\u00ae-Ratgeber f\u00fcr k\u00f6rperlich-seelische Zusammenh\u00e4nge<\/h2>\n<p data-start=\"394\" data-end=\"693\">Viele chronische Beschwerden lassen sich medizinisch nicht eindeutig erkl\u00e4ren \u2013 und doch sind sie real.<br data-start=\"497\" data-end=\"500\" \/>Dieser Ratgeber zeigt dir verst\u00e4ndlich, wie <strong data-start=\"544\" data-end=\"588\">K\u00f6rper, Psyche und funktionelle Prozesse<\/strong> zusammenwirken und warum Symptome oft dort entstehen, wo klassische Behandlungen an ihre Grenzen sto\u00dfen.<\/p>\n<p data-start=\"695\" data-end=\"861\">Basierend auf dem ONPT-Ansatz erh\u00e4ltst du neue Perspektiven auf Schmerzen, Stressreaktionen und psychosomatische Belastungen \u2013 klar, fundiert und ohne Fachchinesisch.<\/p>\n<hr data-start=\"863\" data-end=\"866\" \/>\n<h2 data-start=\"868\" data-end=\"931\">Warum psychosomatische Beschwerden oft \u201eunerkl\u00e4rbar\u201c bleiben<\/h2>\n<p data-start=\"933\" data-end=\"1043\">Moderne Medizin betrachtet h\u00e4ufig einzelne Symptome \u2013 doch der menschliche Organismus funktioniert als System.<\/p>\n<p data-start=\"1045\" data-end=\"1076\">In diesem Ratgeber erf\u00e4hrst du:<\/p>\n<ul data-start=\"1078\" data-end=\"1320\">\n<li data-start=\"1078\" data-end=\"1136\">\n<p data-start=\"1080\" data-end=\"1136\">warum Stress das Nervensystem dauerhaft ver\u00e4ndern kann<\/p>\n<\/li>\n<li data-start=\"1137\" data-end=\"1196\">\n<p data-start=\"1139\" data-end=\"1196\">wie psychische Belastung k\u00f6rperliche Symptome verst\u00e4rkt<\/p>\n<\/li>\n<li data-start=\"1197\" data-end=\"1261\">\n<p data-start=\"1199\" data-end=\"1261\">weshalb chronische Schmerzen oft mehr als eine Ursache haben<\/p>\n<\/li>\n<li data-start=\"1262\" data-end=\"1320\">\n<p data-start=\"1264\" data-end=\"1320\">warum reine Symptombehandlung langfristig selten hilft<\/p>\n<\/li>\n<\/ul>\n<hr data-start=\"1322\" data-end=\"1325\" \/>\n<h2 data-start=\"1327\" data-end=\"1366\">Was dich in diesem Ratgeber erwartet<\/h2>\n<h3 data-start=\"1368\" data-end=\"1410\">Verst\u00e4ndlich. Ganzheitlich. Praxisnah.<\/h3>\n<p data-start=\"1412\" data-end=\"1649\">\u2714 Einf\u00fchrung in psychosomatische Zusammenh\u00e4nge<br data-start=\"1458\" data-end=\"1461\" \/>\u2714 Verbindung von Schmerz, Psyche und funktioneller Belastung<br data-start=\"1521\" data-end=\"1524\" \/>\u2714 neue Sicht auf chronische Beschwerden<br data-start=\"1563\" data-end=\"1566\" \/>\u2714 systemisches Denken statt isolierter Symptome<br data-start=\"1613\" data-end=\"1616\" \/>\u2714 moderner Ansatz ohne Esoterik<\/p>\n<hr data-start=\"1651\" data-end=\"1654\" \/>\n<h2 data-start=\"1656\" data-end=\"1696\">F\u00fcr wen ist dieser Ratgeber geeignet?<\/h2>\n<p data-start=\"1698\" data-end=\"1742\">Dieser Ratgeber ist ideal f\u00fcr dich, wenn du:<\/p>\n<ul data-start=\"1744\" data-end=\"2031\">\n<li data-start=\"1744\" data-end=\"1806\">\n<p data-start=\"1746\" data-end=\"1806\">unter chronischen oder wiederkehrenden Beschwerden leidest<\/p>\n<\/li>\n<li data-start=\"1807\" data-end=\"1859\">\n<p data-start=\"1809\" data-end=\"1859\">trotz Untersuchungen keine klare Ursache findest<\/p>\n<\/li>\n<li data-start=\"1860\" data-end=\"1918\">\n<p data-start=\"1862\" data-end=\"1918\">das Gef\u00fchl hast, dass K\u00f6rper und Psyche zusammenh\u00e4ngen<\/p>\n<\/li>\n<li data-start=\"1919\" data-end=\"1977\">\n<p data-start=\"1921\" data-end=\"1977\">verstehen m\u00f6chtest, was hinter deinen Symptomen steckt<\/p>\n<\/li>\n<li data-start=\"1978\" data-end=\"2031\">\n<p data-start=\"1980\" data-end=\"2031\">neue Wege statt endloser Therapieschleifen suchst<\/p>\n<\/li>\n<\/ul>\n<hr data-start=\"2033\" data-end=\"2036\" \/>\n<h2 data-start=\"2038\" data-end=\"2072\">Der ONPT\u00ae-Ansatz \u2013 kurz erkl\u00e4rt<\/h2>\n<p data-start=\"2074\" data-end=\"2297\">ONPT verbindet k\u00f6rperliche, seelische und biochemische Ebenen in einem integrativen Therapiekonzept.<br data-start=\"2174\" data-end=\"2177\" \/>Statt Symptome isoliert zu betrachten, werden Zusammenh\u00e4nge sichtbar gemacht \u2013 mit dem Ziel nachhaltiger Gesundheit.<\/p>\n<p data-start=\"2299\" data-end=\"2373\">Dieser Ratgeber bietet dir einen verst\u00e4ndlichen Einstieg in dieses Denken.<\/p>\n<hr data-start=\"2375\" data-end=\"2378\" \/>\n<h2 data-start=\"2380\" data-end=\"2397\">Produktdetails<\/h2>\n<h3 data-start=\"2399\" data-end=\"2427\">Digitaler Ratgeber (PDF)<\/h3>\n<ul data-start=\"2429\" data-end=\"2561\">\n<li data-start=\"2429\" data-end=\"2454\">\n<p data-start=\"2431\" data-end=\"2454\">Umfang: ca. 16 Seiten<\/p>\n<\/li>\n<li data-start=\"2455\" data-end=\"2498\">\n<p data-start=\"2457\" data-end=\"2498\">Klar strukturiert &amp; leicht verst\u00e4ndlich<\/p>\n<\/li>\n<li data-start=\"2499\" data-end=\"2528\">\n<p data-start=\"2501\" data-end=\"2528\">Sofort-Download nach Kauf<\/p>\n<\/li>\n<li data-start=\"2529\" data-end=\"2561\">\n<p data-start=\"2531\" data-end=\"2561\">Teil der ONPT\u00ae-Ratgeberreihe<\/p>\n<\/li>\n<\/ul>\n<h2 data-start=\"2568\" data-end=\"2603\"><\/h2>\n<h3>Unser Ansatz<\/h3>\n<p data-start=\"2605\" data-end=\"2727\">Dieser Guide liefert keine oberfl\u00e4chlichen Tipps.<br data-start=\"2654\" data-end=\"2657\" \/>Er vermittelt <strong data-start=\"2671\" data-end=\"2726\">Verst\u00e4ndnis f\u00fcr Ursachen, Zusammenh\u00e4nge und Systeme<\/strong>.<\/p>\n<p data-start=\"2729\" data-end=\"2785\">Denn:<br data-start=\"2734\" data-end=\"2737\" \/><strong data-start=\"2737\" data-end=\"2785\">Nur wer versteht, kann nachhaltig ver\u00e4ndern.<\/strong><\/p>","protected":false},"excerpt":{"rendered":"<p>Psychosomatik verstehen \u2013 wenn Symptome unerkl\u00e4rbar werden Der ONPT\u00ae-Ratgeber f\u00fcr k\u00f6rperlich-seelische Zusammenh\u00e4nge Viele chronische Beschwerden lassen sich medizinisch nicht eindeutig [&hellip;]<\/p>\n","protected":false},"featured_media":16286,"comment_status":"closed","ping_status":"closed","template":"","meta":{"site-sidebar-layout":"default","site-content-layout":"","ast-site-content-layout":"default","site-content-style":"default","site-sidebar-style":"default","ast-global-header-display":"","ast-banner-title-visibility":"","ast-main-header-display":"","ast-hfb-above-header-display":"","ast-hfb-below-header-display":"","ast-hfb-mobile-header-display":"","site-post-title":"","ast-breadcrumbs-content":"","ast-featured-img":"","footer-sml-layout":"","ast-disable-related-posts":"","theme-transparent-header-meta":"default","adv-header-id-meta":"","stick-header-meta":"","header-above-stick-meta":"","header-main-stick-meta":"","header-below-stick-meta":"","astra-migrate-meta-layouts":"set","ast-page-background-enabled":"default","ast-page-background-meta":{"desktop":{"background-color":"var(--ast-global-color-4)","background-image":"","background-repeat":"repeat","background-position":"center center","background-size":"auto","background-attachment":"scroll","background-type":"","background-media":"","overlay-type":"","overlay-color":"","overlay-opacity":"","overlay-gradient":""},"tablet":{"background-color":"","background-image":"","background-repeat":"repeat","background-position":"center center","background-size":"auto","background-attachment":"scroll","background-type":"","background-media":"","overlay-type":"","overlay-color":"","overlay-opacity":"","overlay-gradient":""},"mobile":{"background-color":"","background-image":"","background-repeat":"repeat","background-position":"center center","background-size":"auto","background-attachment":"scroll","background-type":"","background-media":"","overlay-type":"","overlay-color":"","overlay-opacity":"","overlay-gradient":""}},"ast-content-background-meta":{"desktop":{"background-color":"var(--ast-global-color-5)","background-image":"","background-repeat":"repeat","background-position":"center center","background-size":"auto","background-attachment":"scroll","background-type":"","background-media":"","overlay-type":"","overlay-color":"","overlay-opacity":"","overlay-gradient":""},"tablet":{"background-color":"var(--ast-global-color-5)","background-image":"","background-repeat":"repeat","background-position":"center center","background-size":"auto","background-attachment":"scroll","background-type":"","background-media":"","overlay-type":"","overlay-color":"","overlay-opacity":"","overlay-gradient":""},"mobile":{"background-color":"var(--ast-global-color-5)","background-image":"","background-repeat":"repeat","background-position":"center center","background-size":"auto","background-attachment":"scroll","background-type":"","background-media":"","overlay-type":"","overlay-color":"","overlay-opacity":"","overlay-gradient":""}}},"product_brand":[],"product_cat":[58],"product_tag":[],"class_list":{"0":"post-16285","1":"product","2":"type-product","3":"status-publish","4":"has-post-thumbnail","6":"product_cat-ratgeber","7":"desktop-align-left","8":"tablet-align-left","9":"mobile-align-left","11":"first","12":"instock","13":"downloadable","14":"virtual","15":"taxable","16":"purchasable","17":"product-type-simple"},"jetpack_sharing_enabled":true,"_links":{"self":[{"href":"https:\/\/psychosomatik-krause.de\/en\/wp-json\/wp\/v2\/product\/16285","targetHints":{"allow":["GET"]}}],"collection":[{"href":"https:\/\/psychosomatik-krause.de\/en\/wp-json\/wp\/v2\/product"}],"about":[{"href":"https:\/\/psychosomatik-krause.de\/en\/wp-json\/wp\/v2\/types\/product"}],"replies":[{"embeddable":true,"href":"https:\/\/psychosomatik-krause.de\/en\/wp-json\/wp\/v2\/comments?post=16285"}],"wp:featuredmedia":[{"embeddable":true,"href":"https:\/\/psychosomatik-krause.de\/en\/wp-json\/wp\/v2\/media\/16286"}],"wp:attachment":[{"href":"https:\/\/psychosomatik-krause.de\/en\/wp-json\/wp\/v2\/media?parent=16285"}],"wp:term":[{"taxonomy":"product_brand","embeddable":true,"href":"https:\/\/psychosomatik-krause.de\/en\/wp-json\/wp\/v2\/product_brand?post=16285"},{"taxonomy":"product_cat","embeddable":true,"href":"https:\/\/psychosomatik-krause.de\/en\/wp-json\/wp\/v2\/product_cat?post=16285"},{"taxonomy":"product_tag","embeddable":true,"href":"https:\/\/psychosomatik-krause.de\/en\/wp-json\/wp\/v2\/product_tag?post=16285"}],"curies":[{"name":"wp","href":"https:\/\/api.w.org\/{rel}","templated":true}]}}