{"id":12160,"date":"2025-09-08T19:46:41","date_gmt":"2025-09-08T17:46:41","guid":{"rendered":"https:\/\/psychosomatik-krause.de\/?post_type=product&#038;p=12160"},"modified":"2025-10-16T23:22:53","modified_gmt":"2025-10-16T21:22:53","slug":"seminar-koerper-psyche-system","status":"publish","type":"product","link":"https:\/\/psychosomatik-krause.de\/en\/product\/seminar-koerper-psyche-system","title":{"rendered":"Grundlagen der psychosomatischen Therapie 5 FP &#8211; Einzelticket"},"content":{"rendered":"<p>Dieses Seminar ist bereits ausgebucht.<\/p>\n<p>Melden Sie sich in unserem Newsletter an, um das n\u00e4chste Modul nicht zu verpassen.<\/p>\n<p><a href=\"\/en\/praxis-newsletter\/\">Jetzt anmelden<\/a><\/p>\n<p>Grundlagenseminar am 22.11.25 zum Thema ganzheitliche Psychosomatik f\u00fcr Fachkr\u00e4fte. Den Zugang erhalten Sie zwei Wochen vor Beginn des Seminars per E-Mail. Ich freue mich auf Sie!<\/p>\n<p>Sie erhalten zwei Wochen vor dem Seminarbeginn den Zugang per E-Mail.<\/p>","protected":false},"excerpt":{"rendered":"<p>Grundlagenseminar zum Thema ganzheitliche Psychosomatik f\u00fcr Fachkr\u00e4fte, Bitte geben Sie bei der Buchung an, f\u00fcr welches Datum Sie sich anmelden m\u00f6chten. Den Zugang erhalten Sie zwei Wochen vor Beginn des Seminars per E-Mail. Ich freue mich auf Sie!<\/p>","protected":false},"featured_media":11500,"comment_status":"open","ping_status":"closed","template":"","meta":{"site-sidebar-layout":"default","site-content-layout":"","ast-site-content-layout":"default","site-content-style":"default","site-sidebar-style":"default","ast-global-header-display":"","ast-banner-title-visibility":"","ast-main-header-display":"","ast-hfb-above-header-display":"","ast-hfb-below-header-display":"","ast-hfb-mobile-header-display":"","site-post-title":"","ast-breadcrumbs-content":"","ast-featured-img":"","footer-sml-layout":"","ast-disable-related-posts":"","theme-transparent-header-meta":"default","adv-header-id-meta":"","stick-header-meta":"","header-above-stick-meta":"","header-main-stick-meta":"","header-below-stick-meta":"","astra-migrate-meta-layouts":"set","ast-page-background-enabled":"default","ast-page-background-meta":{"desktop":{"background-color":"var(--ast-global-color-4)","background-image":"","background-repeat":"repeat","background-position":"center center","background-size":"auto","background-attachment":"scroll","background-type":"","background-media":"","overlay-type":"","overlay-color":"","overlay-opacity":"","overlay-gradient":""},"tablet":{"background-color":"","background-image":"","background-repeat":"repeat","background-position":"center center","background-size":"auto","background-attachment":"scroll","background-type":"","background-media":"","overlay-type":"","overlay-color":"","overlay-opacity":"","overlay-gradient":""},"mobile":{"background-color":"","background-image":"","background-repeat":"repeat","background-position":"center center","background-size":"auto","background-attachment":"scroll","background-type":"","background-media":"","overlay-type":"","overlay-color":"","overlay-opacity":"","overlay-gradient":""}},"ast-content-background-meta":{"desktop":{"background-color":"var(--ast-global-color-5)","background-image":"","background-repeat":"repeat","background-position":"center center","background-size":"auto","background-attachment":"scroll","background-type":"","background-media":"","overlay-type":"","overlay-color":"","overlay-opacity":"","overlay-gradient":""},"tablet":{"background-color":"var(--ast-global-color-5)","background-image":"","background-repeat":"repeat","background-position":"center center","background-size":"auto","background-attachment":"scroll","background-type":"","background-media":"","overlay-type":"","overlay-color":"","overlay-opacity":"","overlay-gradient":""},"mobile":{"background-color":"var(--ast-global-color-5)","background-image":"","background-repeat":"repeat","background-position":"center center","background-size":"auto","background-attachment":"scroll","background-type":"","background-media":"","overlay-type":"","overlay-color":"","overlay-opacity":"","overlay-gradient":""}}},"product_brand":[],"product_cat":[54],"product_tag":[],"class_list":{"0":"post-12160","1":"product","2":"type-product","3":"status-publish","4":"has-post-thumbnail","6":"product_cat-fachseminare","7":"desktop-align-left","8":"tablet-align-left","9":"mobile-align-left","11":"first","12":"outofstock","13":"downloadable","14":"virtual","15":"taxable","16":"purchasable","17":"product-type-simple"},"jetpack_sharing_enabled":true,"_links":{"self":[{"href":"https:\/\/psychosomatik-krause.de\/en\/wp-json\/wp\/v2\/product\/12160","targetHints":{"allow":["GET"]}}],"collection":[{"href":"https:\/\/psychosomatik-krause.de\/en\/wp-json\/wp\/v2\/product"}],"about":[{"href":"https:\/\/psychosomatik-krause.de\/en\/wp-json\/wp\/v2\/types\/product"}],"replies":[{"embeddable":true,"href":"https:\/\/psychosomatik-krause.de\/en\/wp-json\/wp\/v2\/comments?post=12160"}],"wp:featuredmedia":[{"embeddable":true,"href":"https:\/\/psychosomatik-krause.de\/en\/wp-json\/wp\/v2\/media\/11500"}],"wp:attachment":[{"href":"https:\/\/psychosomatik-krause.de\/en\/wp-json\/wp\/v2\/media?parent=12160"}],"wp:term":[{"taxonomy":"product_brand","embeddable":true,"href":"https:\/\/psychosomatik-krause.de\/en\/wp-json\/wp\/v2\/product_brand?post=12160"},{"taxonomy":"product_cat","embeddable":true,"href":"https:\/\/psychosomatik-krause.de\/en\/wp-json\/wp\/v2\/product_cat?post=12160"},{"taxonomy":"product_tag","embeddable":true,"href":"https:\/\/psychosomatik-krause.de\/en\/wp-json\/wp\/v2\/product_tag?post=12160"}],"curies":[{"name":"wp","href":"https:\/\/api.w.org\/{rel}","templated":true}]}}