{"id":9032,"date":"2024-12-08T11:26:45","date_gmt":"2024-12-08T10:26:45","guid":{"rendered":"https:\/\/staging.psychosomatik-krause.de\/?page_id=9032"},"modified":"2026-03-13T18:03:12","modified_gmt":"2026-03-13T17:03:12","slug":"impressum","status":"publish","type":"page","link":"https:\/\/psychosomatik-krause.de\/en\/impressum","title":{"rendered":"Impressum"},"content":{"rendered":"<div data-elementor-type=\"wp-page\" data-elementor-id=\"9032\" class=\"elementor elementor-9032\" data-elementor-post-type=\"page\">\n\t\t\t\t\t\t<section class=\"elementor-section elementor-top-section elementor-element elementor-element-5502cb9 elementor-section-boxed elementor-section-height-default elementor-section-height-default\" data-id=\"5502cb9\" data-element_type=\"section\" data-e-type=\"section\">\n\t\t\t\t\t\t<div class=\"elementor-container elementor-column-gap-default\">\n\t\t\t\t\t<div class=\"elementor-column elementor-col-100 elementor-top-column elementor-element elementor-element-17ac33e\" data-id=\"17ac33e\" data-element_type=\"column\" data-e-type=\"column\">\n\t\t\t<div class=\"elementor-widget-wrap elementor-element-populated\">\n\t\t\t\t\t\t<div class=\"elementor-element elementor-element-850548a elementor-widget elementor-widget-heading\" data-id=\"850548a\" data-element_type=\"widget\" data-e-type=\"widget\" data-widget_type=\"heading.default\">\n\t\t\t\t<div class=\"elementor-widget-container\">\n\t\t\t\t\t<h1 class=\"elementor-heading-title elementor-size-default\">Impressum<\/h1>\t\t\t\t<\/div>\n\t\t\t\t<\/div>\n\t\t\t\t<div class=\"elementor-element elementor-element-98a02bf elementor-widget elementor-widget-text-editor\" data-id=\"98a02bf\" data-element_type=\"widget\" data-e-type=\"widget\" data-widget_type=\"text-editor.default\">\n\t\t\t\t<div class=\"elementor-widget-container\">\n\t\t\t\t\t\t\t\t\t<p><strong>K<\/strong><b>rause Health &amp; Business <\/b>UG (haftungsbeschr\u00e4nkt)<br \/>Kelterstra\u00dfe 26,<br \/>71706 Markgr\u00f6ningen,<br \/>Deutschland<br \/>Amtsgericht: Stuttgart<br \/>HRB:803462<br \/>USt-INr.: DE460381770<br \/>Gesch\u00e4ftsf\u00fchrer: Valentin Krause<\/p><p data-start=\"826\" data-end=\"955\"><b>Therapie, &#8211; Coaching und Seminarr\u00e4ume:<\/b><\/p><p data-start=\"826\" data-end=\"955\"><strong>S<\/strong><b>tuttgart &#8211; Zentrum <\/b><br \/>Entwicklungsraum Stuttgart<br \/>Rosenbergstra\u00dfe 50\/1<br \/>70176 Stuttgart <br \/><strong>S<\/strong><b>tuttgart &#8211; Bad Canstatt <\/b><br \/>Banhofstra\u00dfe 13 <br \/>70372 Stuttgart<\/p><p data-start=\"826\" data-end=\"955\"><strong data-start=\"613\" data-end=\"693\">\u00a9 Krause Health &amp; Business UG (haftungsbeschr\u00e4nkt)\u00a0 Alle Rechte vorbehalten.<\/strong><br data-start=\"693\" data-end=\"696\" \/>Inhalte, Konzepte, Texte, Grafiken und Verfahren \u2013 insbesondere ONPT \/ ONPT+ \u2013<br data-start=\"776\" data-end=\"779\" \/>sind urheberrechtlich gesch\u00fctzt. Jede Nutzung au\u00dferhalb der gesetzlichen<br data-start=\"853\" data-end=\"856\" \/>Schranken bedarf der vorherigen schriftlichen Zustimmung.<\/p><p data-start=\"962\" data-end=\"1172\">Die vorgenannten Marken und Gesch\u00e4ftsbereiche sind organisatorische Einheiten bzw. Fachabteilungen\u00a0 der<br data-start=\"1064\" data-end=\"1067\" \/><strong data-start=\"1069\" data-end=\"1121\">Krause Health &amp; Business UG (haftungsbeschr\u00e4nkt) <\/strong>und werden durch diese betrieben und verantwortet.<\/p><p data-start=\"962\" data-end=\"1172\">Copyright<\/p><p class=\"adsimple-321909311\"><strong>Telefon.:<\/strong>\u00a007147\/9679901<br \/><b>E-Mail: <\/b>global@krause-hb.com<\/p><p class=\"adsimple-321909311\"><strong>Berufsbezeichnung:<\/strong> Heilpraktiker auf dem Gebiet der Psychotherapie \u00dcberpr\u00fcfung und Erlaubnis durch das Gesundheitsamt Heilbronn, Physiotherapeut Erlaubnis durch: Regierungspr\u00e4sidium Stuttgart<\/p><p class=\"adsimple-321909311\"><strong>Zust\u00e4ndige Aufsichtsbeh\u00f6rde (Heilpraktiker):\u00a0<\/strong><\/p><p class=\"adsimple-321909311\">Landratsamt Ludwigsburg Hindenburgstra\u00dfe 40 71638 Ludwigsburg<\/p><p class=\"adsimple-321909311\"><strong>Berufshaftpflichtversicherung<\/strong><br \/>Continentale Sachversicherungs AG<\/p><p class=\"adsimple-321909311\">Ruhrallee 92, 44139 Dortmund<\/p><p><strong>Berufsrechtliche Regelungen (Heilpraktiker):<\/strong><\/p><p>Gesetz \u00fcber die berufsm\u00e4\u00dfige Aus\u00fcbung der Heilkunde ohne \u00e4rztliche Bestallung (Heilpraktikergesetz) und die erste Durchf\u00fchrungsverordnung einsehbar unter www.gesetze-im-internet.de<\/p><p><strong>Berufsrechtliche Regelungen (Physiotherapeut):<\/strong> Masseur \u2013 und Physiotherapeutengesetz (MPhG) einsehbar unter www.gesetze-im-internet.de<\/p><p><strong>Markenrechtlicher Hinweis:<\/strong><\/p><p>Die Bezeichnung Psychosomatik Krause<span class=\"OYPEnA font-feature-liga-off font-feature-clig-off font-feature-calt-off text-decoration-none text-strikethrough-none\">\u00ae ist eine eingetragene Marke beim Deutschen Marken &#8211; und Patentamt. (DPMA), Registrierungsnummer: 302025227430.4\u00a0 \u00a0Alle Reche vorbehalten. Die Inhalte dieser Webseite unterliegen dem Urheberrecht und d\u00fcrfen ohne ausdr\u00fcckliche Erlaubnis nicht verwendet werden.<\/span><\/p><p>Die Verwendung meines Namens und meiner Marke sowie anderer personenbezogener Daten d\u00fcrfen nur mit schriftlicher Erlaubnis in \u00f6ffentlichen Portalen und vergleichbaren Medien verwendet werden. Unerlaubte Nutzung und Ver\u00f6ffentlichung werden als versto\u00df gegen Datenschutz- und Markenrecht gewertet und zur Anzeige gebracht.<\/p><p>Die Bezeichnung Krause Consulting ist keine eingetragene Marke beim Deutschen Marken &#8211; und Patentamt. Die Bezeichnung dient der betriebsinternen Organisation.<\/p><h2 id=\"eu-streitschlichtung\" class=\"adsimple-321909311\">EU-Streitschlichtung<\/h2><p>Gem\u00e4\u00df Verordnung \u00fcber Online-Streitbeilegung in Verbraucherangelegenheiten (ODR-Verordnung) m\u00f6chten wir Sie \u00fcber die Online-Streitbeilegungsplattform (OS-Plattform) informieren. Verbraucher haben die M\u00f6glichkeit, Beschwerden an die Online Streitbeilegungsplattform der Europ\u00e4ischen Kommission unter <a class=\"adsimple-321909311\" href=\"https:\/\/ec.europa.eu\/consumers\/odr\/main\/index.cfm?event=main.home2.show&amp;lng=DE\" target=\"_blank\" rel=\"noopener\">http:\/\/ec.europa.eu\/odr?tid=321909311<\/a> zu richten. Die daf\u00fcr notwendigen Kontaktdaten finden Sie oberhalb in unserem Impressum.<\/p><p>Wir m\u00f6chten Sie jedoch darauf hinweisen, dass wir nicht bereit oder verpflichtet sind, an Streitbeilegungsverfahren vor einer Verbraucherschlichtungsstelle teilzunehmen.<\/p><h2 id=\"haftung-fuer-inhalte-dieser-webseite\" class=\"adsimple-321909311\">Haftung f\u00fcr Inhalte dieser Website<\/h2><p>Wir entwickeln die Inhalte dieser Website st\u00e4ndig weiter und bem\u00fchen uns korrekte und aktuelle Informationen bereitzustellen. Leider k\u00f6nnen wir keine Haftung f\u00fcr die Korrektheit aller Inhalte auf dieser Website \u00fcbernehmen, speziell f\u00fcr jene, die seitens Dritter bereitgestellt wurden. Als Diensteanbieter sind wir nicht verpflichtet, die von ihnen \u00fcbermittelten oder gespeicherten Informationen zu \u00fcberwachen oder nach Umst\u00e4nden zu forschen, die auf eine rechtswidrige T\u00e4tigkeit hinweisen.<\/p><p>Unsere Verpflichtungen zur Entfernung von Informationen oder zur Sperrung der Nutzung von Informationen nach den allgemeinen Gesetzen aufgrund von gerichtlichen oder beh\u00f6rdlichen Anordnungen bleiben auch im Falle unserer Nichtverantwortlichkeit davon unber\u00fchrt.<\/p><p>Sollten Ihnen problematische oder rechtswidrige Inhalte auffallen, bitte wir Sie uns umgehend zu kontaktieren, damit wir die rechtswidrigen Inhalte entfernen k\u00f6nnen. Sie finden die Kontaktdaten im Impressum.<\/p><h2 id=\"haftung-links-webseite\" class=\"adsimple-321909311\">Haftung f\u00fcr Links auf dieser Website<\/h2><p>Unsere Website enth\u00e4lt Links zu anderen Websites f\u00fcr deren Inhalt wir nicht verantwortlich sind. Haftung f\u00fcr verlinkte Websites besteht f\u00fcr uns nicht, da wir keine Kenntnis rechtswidriger T\u00e4tigkeiten hatten und haben, uns solche Rechtswidrigkeiten auch bisher nicht aufgefallen sind und wir Links sofort entfernen w\u00fcrden, wenn uns Rechtswidrigkeiten bekannt werden.<\/p><p>Wenn Ihnen rechtswidrige Links auf unserer Website auffallen, bitte wir Sie uns zu kontaktieren. Sie finden die Kontaktdaten im Impressum.<\/p><h2 id=\"urheberrechtshinweis\" class=\"adsimple-321909311\">Urheberrechtshinweis<\/h2><p>Alle Inhalte dieser Webseite (Bilder, Fotos, Texte, Videos) unterliegen dem Urheberrecht. Bitte fragen Sie uns bevor Sie die Inhalte dieser Website verbreiten, vervielf\u00e4ltigen oder verwerten wie zum Beispiel auf anderen Websites erneut ver\u00f6ffentlichen. Falls notwendig, werden wir die unerlaubte Nutzung von Teilen der Inhalte unserer Seite rechtlich verfolgen.<\/p><p>Sollten Sie auf dieser Webseite Inhalte finden, die das Urheberrecht verletzen, bitten wir Sie uns zu kontaktieren.<\/p><h2 id=\"bildernachweis\" class=\"adsimple-321909311\">Bildernachweis<\/h2><p>Die Bilder, Fotos und Grafiken auf dieser Webseite sind urheberrechtlich gesch\u00fctzt.<\/p><p>Die Bilderrechte liegen bei:<\/p><ul class=\"adsimple-321909311\"><li class=\"adsimple-321909311\">Valentin Krause<\/li><\/ul><p>Alle Texte sind urheberrechtlich gesch\u00fctzt.<\/p><p>Quelle: Erstellt mit dem <a title=\"Impressum Generator von AdSimple f\u00fcr Deutschland\" href=\"https:\/\/www.adsimple.de\/impressum-generator\/\" target=\"_blank\" rel=\"noopener\">Impressum Generator<\/a> von AdSimple<\/p>\t\t\t\t\t\t\t\t<\/div>\n\t\t\t\t<\/div>\n\t\t\t\t\t<\/div>\n\t\t<\/div>\n\t\t\t\t\t<\/div>\n\t\t<\/section>\n\t\t\t\t<\/div>","protected":false},"excerpt":{"rendered":"<p>Impressum Krause Health &amp; Business UG (haftungsbeschr\u00e4nkt)Kelterstra\u00dfe 26,71706 Markgr\u00f6ningen,DeutschlandAmtsgericht: StuttgartHRB:803462USt-INr.: DE460381770Gesch\u00e4ftsf\u00fchrer: Valentin Krause Therapie, &#8211; Coaching und Seminarr\u00e4ume: Stuttgart &#8211; [&hellip;]<\/p>\n","protected":false},"author":2,"featured_media":0,"parent":0,"menu_order":0,"comment_status":"closed","ping_status":"closed","template":"","meta":{"site-sidebar-layout":"no-sidebar","site-content-layout":"page-builder","ast-site-content-layout":"full-width-container","site-content-style":"default","site-sidebar-style":"default","ast-global-header-display":"","ast-banner-title-visibility":"","ast-main-header-display":"","ast-hfb-above-header-display":"","ast-hfb-below-header-display":"","ast-hfb-mobile-header-display":"","site-post-title":"disabled","ast-breadcrumbs-content":"","ast-featured-img":"disabled","footer-sml-layout":"","ast-disable-related-posts":"","theme-transparent-header-meta":"","adv-header-id-meta":"","stick-header-meta":"","header-above-stick-meta":"","header-main-stick-meta":"","header-below-stick-meta":"","astra-migrate-meta-layouts":"set","ast-page-background-enabled":"default","ast-page-background-meta":{"desktop":{"background-color":"var(--ast-global-color-4)","background-image":"","background-repeat":"repeat","background-position":"center center","background-size":"auto","background-attachment":"scroll","background-type":"","background-media":"","overlay-type":"","overlay-color":"","overlay-opacity":"","overlay-gradient":""},"tablet":{"background-color":"","background-image":"","background-repeat":"repeat","background-position":"center center","background-size":"auto","background-attachment":"scroll","background-type":"","background-media":"","overlay-type":"","overlay-color":"","overlay-opacity":"","overlay-gradient":""},"mobile":{"background-color":"","background-image":"","background-repeat":"repeat","background-position":"center center","background-size":"auto","background-attachment":"scroll","background-type":"","background-media":"","overlay-type":"","overlay-color":"","overlay-opacity":"","overlay-gradient":""}},"ast-content-background-meta":{"desktop":{"background-color":"var(--ast-global-color-5)","background-image":"","background-repeat":"repeat","background-position":"center center","background-size":"auto","background-attachment":"scroll","background-type":"","background-media":"","overlay-type":"","overlay-color":"","overlay-opacity":"","overlay-gradient":""},"tablet":{"background-color":"var(--ast-global-color-5)","background-image":"","background-repeat":"repeat","background-position":"center center","background-size":"auto","background-attachment":"scroll","background-type":"","background-media":"","overlay-type":"","overlay-color":"","overlay-opacity":"","overlay-gradient":""},"mobile":{"background-color":"var(--ast-global-color-5)","background-image":"","background-repeat":"repeat","background-position":"center center","background-size":"auto","background-attachment":"scroll","background-type":"","background-media":"","overlay-type":"","overlay-color":"","overlay-opacity":"","overlay-gradient":""}},"footnotes":""},"class_list":["post-9032","page","type-page","status-publish","hentry"],"jetpack_sharing_enabled":true,"_links":{"self":[{"href":"https:\/\/psychosomatik-krause.de\/en\/wp-json\/wp\/v2\/pages\/9032","targetHints":{"allow":["GET"]}}],"collection":[{"href":"https:\/\/psychosomatik-krause.de\/en\/wp-json\/wp\/v2\/pages"}],"about":[{"href":"https:\/\/psychosomatik-krause.de\/en\/wp-json\/wp\/v2\/types\/page"}],"author":[{"embeddable":true,"href":"https:\/\/psychosomatik-krause.de\/en\/wp-json\/wp\/v2\/users\/2"}],"replies":[{"embeddable":true,"href":"https:\/\/psychosomatik-krause.de\/en\/wp-json\/wp\/v2\/comments?post=9032"}],"version-history":[{"count":95,"href":"https:\/\/psychosomatik-krause.de\/en\/wp-json\/wp\/v2\/pages\/9032\/revisions"}],"predecessor-version":[{"id":17388,"href":"https:\/\/psychosomatik-krause.de\/en\/wp-json\/wp\/v2\/pages\/9032\/revisions\/17388"}],"wp:attachment":[{"href":"https:\/\/psychosomatik-krause.de\/en\/wp-json\/wp\/v2\/media?parent=9032"}],"curies":[{"name":"wp","href":"https:\/\/api.w.org\/{rel}","templated":true}]}}