{"id":9025,"date":"2024-12-08T11:16:15","date_gmt":"2024-12-08T10:16:15","guid":{"rendered":"https:\/\/staging.psychosomatik-krause.de\/?page_id=9025"},"modified":"2026-03-11T00:02:50","modified_gmt":"2026-03-10T23:02:50","slug":"krause-hb","status":"publish","type":"page","link":"https:\/\/psychosomatik-krause.de\/en\/krause-hb","title":{"rendered":"Krause Health &amp; Business"},"content":{"rendered":"<div data-elementor-type=\"wp-page\" data-elementor-id=\"9025\" class=\"elementor elementor-9025\" data-elementor-post-type=\"page\">\n\t\t\t\t\t\t<section class=\"elementor-section elementor-top-section elementor-element elementor-element-5f977b3 elementor-section-boxed elementor-section-height-default elementor-section-height-default\" data-id=\"5f977b3\" data-element_type=\"section\" data-e-type=\"section\" data-settings=\"{&quot;background_background&quot;:&quot;classic&quot;}\">\n\t\t\t\t\t\t<div class=\"elementor-container elementor-column-gap-default\">\n\t\t\t\t\t<div class=\"elementor-column elementor-col-100 elementor-top-column elementor-element elementor-element-6684e2d\" data-id=\"6684e2d\" data-element_type=\"column\" data-e-type=\"column\" data-settings=\"{&quot;background_background&quot;:&quot;classic&quot;}\">\n\t\t\t<div class=\"elementor-widget-wrap elementor-element-populated\">\n\t\t\t\t\t\t<div class=\"elementor-element elementor-element-3f736ed elementor-widget elementor-widget-image\" data-id=\"3f736ed\" data-element_type=\"widget\" data-e-type=\"widget\" data-widget_type=\"image.default\">\n\t\t\t\t<div class=\"elementor-widget-container\">\n\t\t\t\t\t\t\t\t\t\t\t\t\t\t\t<img fetchpriority=\"high\" decoding=\"async\" width=\"1024\" height=\"464\" src=\"https:\/\/psychosomatik-krause.de\/wp-content\/uploads\/2026\/02\/krause-international-bild-1-1024x464.png\" class=\"attachment-large size-large wp-image-16783\" alt=\"\" srcset=\"https:\/\/psychosomatik-krause.de\/wp-content\/uploads\/2026\/02\/krause-international-bild-1-1024x464.png 1024w, https:\/\/psychosomatik-krause.de\/wp-content\/uploads\/2026\/02\/krause-international-bild-1-300x136.png 300w, https:\/\/psychosomatik-krause.de\/wp-content\/uploads\/2026\/02\/krause-international-bild-1-768x348.png 768w, https:\/\/psychosomatik-krause.de\/wp-content\/uploads\/2026\/02\/krause-international-bild-1-18x8.png 18w, https:\/\/psychosomatik-krause.de\/wp-content\/uploads\/2026\/02\/krause-international-bild-1-600x272.png 600w, https:\/\/psychosomatik-krause.de\/wp-content\/uploads\/2026\/02\/krause-international-bild-1.png 1202w\" sizes=\"(max-width: 1024px) 100vw, 1024px\" \/>\t\t\t\t\t\t\t\t\t\t\t\t\t\t\t<\/div>\n\t\t\t\t<\/div>\n\t\t\t\t\t<\/div>\n\t\t<\/div>\n\t\t\t\t\t<\/div>\n\t\t<\/section>\n\t\t\t\t<section class=\"elementor-section elementor-top-section elementor-element elementor-element-f099682 elementor-section-boxed elementor-section-height-default elementor-section-height-default\" data-id=\"f099682\" data-element_type=\"section\" data-e-type=\"section\">\n\t\t\t\t\t\t<div class=\"elementor-container elementor-column-gap-default\">\n\t\t\t\t\t<div class=\"elementor-column elementor-col-100 elementor-top-column elementor-element elementor-element-d223344\" data-id=\"d223344\" data-element_type=\"column\" data-e-type=\"column\" data-settings=\"{&quot;background_background&quot;:&quot;classic&quot;}\">\n\t\t\t<div class=\"elementor-widget-wrap elementor-element-populated\">\n\t\t\t\t\t\t<div class=\"elementor-element elementor-element-9229056 elementor-hidden-mobile elementor-widget elementor-widget-spacer\" data-id=\"9229056\" data-element_type=\"widget\" data-e-type=\"widget\" data-widget_type=\"spacer.default\">\n\t\t\t\t<div class=\"elementor-widget-container\">\n\t\t\t\t\t\t\t<div class=\"elementor-spacer\">\n\t\t\t<div class=\"elementor-spacer-inner\"><\/div>\n\t\t<\/div>\n\t\t\t\t\t\t<\/div>\n\t\t\t\t<\/div>\n\t\t\t\t<div class=\"elementor-element elementor-element-432e478 elementor-widget elementor-widget-heading\" data-id=\"432e478\" data-element_type=\"widget\" data-e-type=\"widget\" data-widget_type=\"heading.default\">\n\t\t\t\t<div class=\"elementor-widget-container\">\n\t\t\t\t\t<h1 class=\"elementor-heading-title elementor-size-default\">Neue Perspektiven f\u00fcr K\u00f6rper, Seele &amp; Beruf<\/h1>\t\t\t\t<\/div>\n\t\t\t\t<\/div>\n\t\t\t\t<div class=\"elementor-element elementor-element-1763417 elementor-widget elementor-widget-text-editor\" data-id=\"1763417\" data-element_type=\"widget\" data-e-type=\"widget\" data-widget_type=\"text-editor.default\">\n\t\t\t\t<div class=\"elementor-widget-container\">\n\t\t\t\t\t\t\t\t\t<p><span style=\"font-style: inherit; font-weight: inherit;\">Wir, bei <\/span><span style=\"font-style: inherit;\"><b>Krause Health &amp; Business Innovation Core<\/b><\/span><span style=\"font-style: inherit; font-weight: inherit;\"> begleiten mit unseren Konzepten und Verfahren Patienten, Gesundheitsfachkr\u00e4fte und Unternehmen zu mehr nachhaltiger Gesundheit, Spezialisierung und Unternehmertum.<\/span><\/p>\n<p data-start=\"714\" data-end=\"832\">F\u00fcr alle, die sp\u00fcren:<br data-start=\"735\" data-end=\"738\">So wie bisher kann es nicht weitergehen &#8211; oder bewusst neue Wege gehen m\u00f6chten.<\/p>\n<p data-start=\"834\" data-end=\"1088\">Mit modernen und innovativen Therapieverfahren und Businesssystemen unterst\u00fctzen wir Sie auf den Weg aus Stillstand, Ersch\u00f6pfung und Perspektivlosigkeit hin zu Klarheit, Stabilit\u00e4t und neuer Handlungsf\u00e4higkeit f\u00fcr K\u00f6rper, Seele &amp; Beruf.<\/p>\n<p data-start=\"834\" data-end=\"1088\">Als ein in Baden &#8211; W\u00fcrttemberg ans\u00e4ssiges Unternehmen sind wir landesweit, bundesweit und im deutschsprachigen Ausland t\u00e4tig.<\/p>\t\t\t\t\t\t\t\t<\/div>\n\t\t\t\t<\/div>\n\t\t\t\t<div class=\"elementor-element elementor-element-715b763 elementor-widget elementor-widget-heading\" data-id=\"715b763\" data-element_type=\"widget\" data-e-type=\"widget\" data-widget_type=\"heading.default\">\n\t\t\t\t<div class=\"elementor-widget-container\">\n\t\t\t\t\t<h2 class=\"elementor-heading-title elementor-size-default\">AI Engineering for digital health &amp; health business<\/h2>\t\t\t\t<\/div>\n\t\t\t\t<\/div>\n\t\t\t\t<div class=\"elementor-element elementor-element-8159926 elementor-widget elementor-widget-text-editor\" data-id=\"8159926\" data-element_type=\"widget\" data-e-type=\"widget\" data-widget_type=\"text-editor.default\">\n\t\t\t\t<div class=\"elementor-widget-container\">\n\t\t\t\t\t\t\t\t\t<p data-start=\"521\" data-end=\"636\">Wir entwickeln und gestalten verschiedene KI-Modelle zur nachhaltigen Unterst\u00fctzung unserer Kunden und Patienten.<\/p><p data-start=\"643\" data-end=\"858\">Unsere Modelle <span data-start=\"658\" data-end=\"717\">ONPT AI Basic, AI Plus, AI Therapie und AI Professional<\/span> unterst\u00fctzen Betroffene sowie Fachkr\u00e4fte im psychosomatischen Kontext bei Orientierung, Analyse und strukturierten Entscheidungsprozessen.<\/p><p data-start=\"865\" data-end=\"1080\">Erg\u00e4nzend dazu unterst\u00fctzt unsere Health Business AI\u00a0selbstst\u00e4ndige Praxisinhaber und angehende Gr\u00fcnder dabei, ihre Praxis strategisch weiterzuentwickeln und unternehmerische Prozesse effizienter zu gestalten.<\/p><p data-start=\"1087\" data-end=\"1297\">Alle unsere KI-Modelle basieren auf unserem therapeutischen Verfahren <span data-start=\"1227\" data-end=\"1235\">ONPT<\/span> sowie dem unternehmerischen Framework <span data-start=\"1274\" data-end=\"1296\">Health Business OS und werden stetig weiterentwickelt, um Kunden und Patienten neben der pers\u00f6nlichen Begleitung 24\/7 zu unterst\u00fctzen.<\/span><\/p>\t\t\t\t\t\t\t\t<\/div>\n\t\t\t\t<\/div>\n\t\t\t\t<div class=\"elementor-element elementor-element-5fcaffb elementor-widget elementor-widget-spacer\" data-id=\"5fcaffb\" data-element_type=\"widget\" data-e-type=\"widget\" data-widget_type=\"spacer.default\">\n\t\t\t\t<div class=\"elementor-widget-container\">\n\t\t\t\t\t\t\t<div class=\"elementor-spacer\">\n\t\t\t<div class=\"elementor-spacer-inner\"><\/div>\n\t\t<\/div>\n\t\t\t\t\t\t<\/div>\n\t\t\t\t<\/div>\n\t\t\t\t\t<\/div>\n\t\t<\/div>\n\t\t\t\t\t<\/div>\n\t\t<\/section>\n\t\t\t\t<section class=\"elementor-section elementor-top-section elementor-element elementor-element-57147df elementor-section-boxed elementor-section-height-default elementor-section-height-default\" data-id=\"57147df\" data-element_type=\"section\" data-e-type=\"section\" data-settings=\"{&quot;background_background&quot;:&quot;classic&quot;}\">\n\t\t\t\t\t\t<div class=\"elementor-container elementor-column-gap-default\">\n\t\t\t\t\t<div class=\"elementor-column elementor-col-100 elementor-top-column elementor-element elementor-element-ff0cffe\" data-id=\"ff0cffe\" data-element_type=\"column\" data-e-type=\"column\">\n\t\t\t<div class=\"elementor-widget-wrap elementor-element-populated\">\n\t\t\t\t\t\t<div class=\"elementor-element elementor-element-6325cc2 elementor-widget elementor-widget-heading\" data-id=\"6325cc2\" data-element_type=\"widget\" data-e-type=\"widget\" data-widget_type=\"heading.default\">\n\t\t\t\t<div class=\"elementor-widget-container\">\n\t\t\t\t\t<h1 class=\"elementor-heading-title elementor-size-default\">Unsere Gesch\u00e4ftsbereiche<\/h1>\t\t\t\t<\/div>\n\t\t\t\t<\/div>\n\t\t\t\t<div class=\"elementor-element elementor-element-af707e4 elementor-widget elementor-widget-heading\" data-id=\"af707e4\" data-element_type=\"widget\" data-e-type=\"widget\" data-widget_type=\"heading.default\">\n\t\t\t\t<div class=\"elementor-widget-container\">\n\t\t\t\t\t<h2 class=\"elementor-heading-title elementor-size-default\">Psychosomatik Krause\u00ae<\/h2>\t\t\t\t<\/div>\n\t\t\t\t<\/div>\n\t\t\t\t<div class=\"elementor-element elementor-element-e83acfc elementor-widget elementor-widget-text-editor\" data-id=\"e83acfc\" data-element_type=\"widget\" data-e-type=\"widget\" data-widget_type=\"text-editor.default\">\n\t\t\t\t<div class=\"elementor-widget-container\">\n\t\t\t\t\t\t\t\t\t<p data-start=\"133\" data-end=\"488\">Unter <em data-start=\"141\" data-end=\"163\">Psychosomatik Krause<\/em> verbinden wir moderne psychosomatische Therapieprogramme, online &#8211; Labor und Selbsthilfeprogramme mit spezialisierter Weiterbildung in ganzheitlicher Psychosomatik nach unserem Therapieverfahren ONPT\u00a9. Unser integrativer Therapieansatz verkn\u00fcpft Physiotherapie mit Psychotherapie sowie funktionelle Medizin, speziell f\u00fcr psychosomatische Beschwerden und Erkrankungen, um Klientinnen und Klienten sowohl vor Ort als auch digital ganzheitlich zu begleiten.<\/p>\t\t\t\t\t\t\t\t<\/div>\n\t\t\t\t<\/div>\n\t\t\t\t<div class=\"elementor-element elementor-element-9be2854 elementor-widget elementor-widget-button\" data-id=\"9be2854\" data-element_type=\"widget\" data-e-type=\"widget\" data-widget_type=\"button.default\">\n\t\t\t\t<div class=\"elementor-widget-container\">\n\t\t\t\t\t\t\t\t\t<div class=\"elementor-button-wrapper\">\n\t\t\t\t\t<a class=\"elementor-button elementor-button-link elementor-size-sm\" href=\"https:\/\/psychosomatik-krause.de\/en\/funktionelle-laboranalyse-online\/\">\n\t\t\t\t\t\t<span class=\"elementor-button-content-wrapper\">\n\t\t\t\t\t\t\t\t\t<span class=\"elementor-button-text\">Zum online - Labor<\/span>\n\t\t\t\t\t<\/span>\n\t\t\t\t\t<\/a>\n\t\t\t\t<\/div>\n\t\t\t\t\t\t\t\t<\/div>\n\t\t\t\t<\/div>\n\t\t\t\t<div class=\"elementor-element elementor-element-5d84ab9 elementor-widget elementor-widget-button\" data-id=\"5d84ab9\" data-element_type=\"widget\" data-e-type=\"widget\" data-widget_type=\"button.default\">\n\t\t\t\t<div class=\"elementor-widget-container\">\n\t\t\t\t\t\t\t\t\t<div class=\"elementor-button-wrapper\">\n\t\t\t\t\t<a class=\"elementor-button elementor-button-link elementor-size-sm\" href=\"https:\/\/psychosomatik-krause.de\/en\/#praxis-besuchen\">\n\t\t\t\t\t\t<span class=\"elementor-button-content-wrapper\">\n\t\t\t\t\t\t\t\t\t<span class=\"elementor-button-text\">Zur Fachpraxis<\/span>\n\t\t\t\t\t<\/span>\n\t\t\t\t\t<\/a>\n\t\t\t\t<\/div>\n\t\t\t\t\t\t\t\t<\/div>\n\t\t\t\t<\/div>\n\t\t\t\t<div class=\"elementor-element elementor-element-7e8e725 elementor-widget elementor-widget-button\" data-id=\"7e8e725\" data-element_type=\"widget\" data-e-type=\"widget\" data-widget_type=\"button.default\">\n\t\t\t\t<div class=\"elementor-widget-container\">\n\t\t\t\t\t\t\t\t\t<div class=\"elementor-button-wrapper\">\n\t\t\t\t\t<a class=\"elementor-button elementor-button-link elementor-size-sm\" href=\"https:\/\/psychosomatik-krause.de\/en\/#Akademie-besuchen\">\n\t\t\t\t\t\t<span class=\"elementor-button-content-wrapper\">\n\t\t\t\t\t\t\t\t\t<span class=\"elementor-button-text\">Zur Akademie<\/span>\n\t\t\t\t\t<\/span>\n\t\t\t\t\t<\/a>\n\t\t\t\t<\/div>\n\t\t\t\t\t\t\t\t<\/div>\n\t\t\t\t<\/div>\n\t\t\t\t<div class=\"elementor-element elementor-element-bbd9eac elementor-widget elementor-widget-heading\" data-id=\"bbd9eac\" data-element_type=\"widget\" data-e-type=\"widget\" data-widget_type=\"heading.default\">\n\t\t\t\t<div class=\"elementor-widget-container\">\n\t\t\t\t\t<h2 class=\"elementor-heading-title elementor-size-default\">Krause Consulting<\/h2>\t\t\t\t<\/div>\n\t\t\t\t<\/div>\n\t\t\t\t<div class=\"elementor-element elementor-element-845fc08 elementor-widget elementor-widget-text-editor\" data-id=\"845fc08\" data-element_type=\"widget\" data-e-type=\"widget\" data-widget_type=\"text-editor.default\">\n\t\t\t\t<div class=\"elementor-widget-container\">\n\t\t\t\t\t\t\t\t\t<p data-start=\"205\" data-end=\"354\">Bei <em data-start=\"211\" data-end=\"230\">Krause Consulting<\/em>\u00a0machen wir aus selbstst\u00e4ndigen Gesundheitsberuflerinnen und Gesundheitsberuflern Gesundheitsunternehmer.<\/p><p data-start=\"361\" data-end=\"769\">Unsere Unternehmensberatung begleitet den strukturierten Aufbau moderner Gesundheitsunternehmen auf Grundlage unseres Health Business Operating System\u00a9 \u2013 von der strategischen Positionierung \u00fcber den Aufbau effizienter Infrastrukturen bis hin zur professionellen Produkt- und Angebotsentwicklung. Dabei unterst\u00fctzen wir zentrale unternehmerische Prozesse, die nachhaltiges Wachstum, wirtschaftliche Stabilit\u00e4t und unternehmerische Unabh\u00e4ngigkeit erm\u00f6glichen.<\/p>\t\t\t\t\t\t\t\t<\/div>\n\t\t\t\t<\/div>\n\t\t\t\t<div class=\"elementor-element elementor-element-b889735 elementor-widget elementor-widget-button\" data-id=\"b889735\" data-element_type=\"widget\" data-e-type=\"widget\" data-widget_type=\"button.default\">\n\t\t\t\t<div class=\"elementor-widget-container\">\n\t\t\t\t\t\t\t\t\t<div class=\"elementor-button-wrapper\">\n\t\t\t\t\t<a class=\"elementor-button elementor-button-link elementor-size-sm\" href=\"https:\/\/psychosomatik-krause.de\/en\/unternehmensberatung-selbststaendige\/\">\n\t\t\t\t\t\t<span class=\"elementor-button-content-wrapper\">\n\t\t\t\t\t\t\t\t\t<span class=\"elementor-button-text\">Zur Unternehmensberatung<\/span>\n\t\t\t\t\t<\/span>\n\t\t\t\t\t<\/a>\n\t\t\t\t<\/div>\n\t\t\t\t\t\t\t\t<\/div>\n\t\t\t\t<\/div>\n\t\t\t\t\t<\/div>\n\t\t<\/div>\n\t\t\t\t\t<\/div>\n\t\t<\/section>\n\t\t\t\t<section class=\"elementor-section elementor-top-section elementor-element elementor-element-ceb3750 elementor-section-boxed elementor-section-height-default elementor-section-height-default\" data-id=\"ceb3750\" data-element_type=\"section\" data-e-type=\"section\">\n\t\t\t\t\t\t<div class=\"elementor-container elementor-column-gap-default\">\n\t\t\t\t\t<div class=\"elementor-column elementor-col-100 elementor-top-column elementor-element elementor-element-837db4a\" data-id=\"837db4a\" data-element_type=\"column\" data-e-type=\"column\">\n\t\t\t<div class=\"elementor-widget-wrap elementor-element-populated\">\n\t\t\t\t\t\t<div class=\"elementor-element elementor-element-c832cc6 elementor-widget elementor-widget-spacer\" data-id=\"c832cc6\" data-element_type=\"widget\" data-e-type=\"widget\" data-widget_type=\"spacer.default\">\n\t\t\t\t<div class=\"elementor-widget-container\">\n\t\t\t\t\t\t\t<div class=\"elementor-spacer\">\n\t\t\t<div class=\"elementor-spacer-inner\"><\/div>\n\t\t<\/div>\n\t\t\t\t\t\t<\/div>\n\t\t\t\t<\/div>\n\t\t\t\t<div class=\"elementor-element elementor-element-4454815 elementor-widget elementor-widget-heading\" data-id=\"4454815\" data-element_type=\"widget\" data-e-type=\"widget\" data-widget_type=\"heading.default\">\n\t\t\t\t<div class=\"elementor-widget-container\">\n\t\t\t\t\t<h2 class=\"elementor-heading-title elementor-size-default\">\u00dcber den Gr\u00fcnder<\/h2>\t\t\t\t<\/div>\n\t\t\t\t<\/div>\n\t\t\t\t<div class=\"elementor-element elementor-element-cff0e67 elementor-widget elementor-widget-image\" data-id=\"cff0e67\" data-element_type=\"widget\" data-e-type=\"widget\" data-widget_type=\"image.default\">\n\t\t\t\t<div class=\"elementor-widget-container\">\n\t\t\t\t\t\t\t\t\t\t\t\t\t\t\t<img decoding=\"async\" width=\"769\" height=\"1024\" src=\"https:\/\/psychosomatik-krause.de\/wp-content\/uploads\/2026\/01\/Valentin-Krause-769x1024.webp\" class=\"attachment-large size-large wp-image-15728\" alt=\"\" srcset=\"https:\/\/psychosomatik-krause.de\/wp-content\/uploads\/2026\/01\/Valentin-Krause-769x1024.webp 769w, https:\/\/psychosomatik-krause.de\/wp-content\/uploads\/2026\/01\/Valentin-Krause-225x300.webp 225w, https:\/\/psychosomatik-krause.de\/wp-content\/uploads\/2026\/01\/Valentin-Krause-768x1023.webp 768w, https:\/\/psychosomatik-krause.de\/wp-content\/uploads\/2026\/01\/Valentin-Krause-1153x1536.webp 1153w, https:\/\/psychosomatik-krause.de\/wp-content\/uploads\/2026\/01\/Valentin-Krause-1538x2048.webp 1538w, https:\/\/psychosomatik-krause.de\/wp-content\/uploads\/2026\/01\/Valentin-Krause-9x12.webp 9w, https:\/\/psychosomatik-krause.de\/wp-content\/uploads\/2026\/01\/Valentin-Krause-600x799.webp 600w, https:\/\/psychosomatik-krause.de\/wp-content\/uploads\/2026\/01\/Valentin-Krause-scaled.webp 1922w\" sizes=\"(max-width: 769px) 100vw, 769px\" \/>\t\t\t\t\t\t\t\t\t\t\t\t\t\t\t<\/div>\n\t\t\t\t<\/div>\n\t\t\t\t<div class=\"elementor-element elementor-element-778cb91 elementor-widget elementor-widget-heading\" data-id=\"778cb91\" data-element_type=\"widget\" data-e-type=\"widget\" data-widget_type=\"heading.default\">\n\t\t\t\t<div class=\"elementor-widget-container\">\n\t\t\t\t\t<h3 class=\"elementor-heading-title elementor-size-default\">Valentin Krause<br><\/h3>\t\t\t\t<\/div>\n\t\t\t\t<\/div>\n\t\t\t\t\t<\/div>\n\t\t<\/div>\n\t\t\t\t\t<\/div>\n\t\t<\/section>\n\t\t\t\t<section class=\"elementor-section elementor-top-section elementor-element elementor-element-e358509 elementor-section-boxed elementor-section-height-default elementor-section-height-default\" data-id=\"e358509\" data-element_type=\"section\" data-e-type=\"section\">\n\t\t\t\t\t\t<div class=\"elementor-container elementor-column-gap-default\">\n\t\t\t\t\t<div class=\"elementor-column elementor-col-100 elementor-top-column elementor-element elementor-element-913130e\" data-id=\"913130e\" data-element_type=\"column\" data-e-type=\"column\">\n\t\t\t<div class=\"elementor-widget-wrap elementor-element-populated\">\n\t\t\t\t\t\t<div class=\"elementor-element elementor-element-7b21565 elementor-widget elementor-widget-text-editor\" data-id=\"7b21565\" data-element_type=\"widget\" data-e-type=\"widget\" data-widget_type=\"text-editor.default\">\n\t\t\t\t<div class=\"elementor-widget-container\">\n\t\t\t\t\t\t\t\t\t<p data-start=\"1602\" data-end=\"1748\"><strong>Berufliche Vita<\/strong><\/p><p data-start=\"328\" data-end=\"525\">Valentin Krause ist Gr\u00fcnder und Gesch\u00e4ftsf\u00fchrer der Krause Health &amp; Business I.C. sowie Entwickler und Gr\u00fcnder der orthomolekularen neuroregulativen Psycho\/Physiotherapie (ONPT\u00a9) und des Health Business OS\u00a9<\/p><p data-start=\"527\" data-end=\"982\">Seine berufliche Laufbahn ist gepr\u00e4gt durch eine langj\u00e4hrige selbstst\u00e4ndige T\u00e4tigkeit als Physiotherapeut und Heilpraktiker f\u00fcr Psychotherapie in eigener Praxis mit Kassenzulassung. In dieser Zeit begleitete er zahlreiche Menschen mit komplexen psychosomatischen, stressbedingten und chronischen Beschwerdebildern und entwickelte daraus ein integratives Therapiekonzept, das K\u00f6rper, Nervensystem und psychische Prozesse systematisch miteinander verbindet.<\/p><p data-start=\"984\" data-end=\"1284\">Parallel zu seiner therapeutischen Arbeit bildete sich Valentin Krause kontinuierlich in den Bereichen Physiotherapie, ganzheitliche Psychosomatik, Psychotherapie sowie in unternehmerischen und strategischen Themen wie Businessanalyse &#8211; und management, Existenzgr\u00fcndung, Prozessoptimierung und Investmentstrategien weiter.<\/p><p data-start=\"1286\" data-end=\"1526\">Heute verbindet er medizinisch-therapeutische Expertise mit unternehmerischem Denken und begleitet Patienten, Fachkr\u00e4fte und Unternehmen dabei, neue Perspektiven f\u00fcr Gesundheit, Leistungsf\u00e4higkeit und berufliche Entwicklung zu er\u00f6ffnen.<\/p>\t\t\t\t\t\t\t\t<\/div>\n\t\t\t\t<\/div>\n\t\t\t\t\t<\/div>\n\t\t<\/div>\n\t\t\t\t\t<\/div>\n\t\t<\/section>\n\t\t\t\t<section class=\"elementor-section elementor-top-section elementor-element elementor-element-910f2eb elementor-section-boxed elementor-section-height-default elementor-section-height-default\" data-id=\"910f2eb\" data-element_type=\"section\" data-e-type=\"section\" data-settings=\"{&quot;background_background&quot;:&quot;classic&quot;}\">\n\t\t\t\t\t\t<div class=\"elementor-container elementor-column-gap-default\">\n\t\t\t\t\t<div class=\"elementor-column elementor-col-100 elementor-top-column elementor-element elementor-element-21dc820\" data-id=\"21dc820\" data-element_type=\"column\" data-e-type=\"column\">\n\t\t\t<div class=\"elementor-widget-wrap\">\n\t\t\t\t\t\t\t<\/div>\n\t\t<\/div>\n\t\t\t\t\t<\/div>\n\t\t<\/section>\n\t\t\t\t<section class=\"elementor-section elementor-top-section elementor-element elementor-element-c4b1522 elementor-section-boxed elementor-section-height-default elementor-section-height-default\" data-id=\"c4b1522\" data-element_type=\"section\" data-e-type=\"section\">\n\t\t\t\t\t\t<div class=\"elementor-container elementor-column-gap-default\">\n\t\t\t\t\t<div class=\"elementor-column elementor-col-100 elementor-top-column elementor-element elementor-element-8a28556\" data-id=\"8a28556\" data-element_type=\"column\" data-e-type=\"column\">\n\t\t\t<div class=\"elementor-widget-wrap elementor-element-populated\">\n\t\t\t\t\t\t<div class=\"elementor-element elementor-element-db97483 elementor-widget elementor-widget-spacer\" data-id=\"db97483\" data-element_type=\"widget\" data-e-type=\"widget\" data-widget_type=\"spacer.default\">\n\t\t\t\t<div class=\"elementor-widget-container\">\n\t\t\t\t\t\t\t<div class=\"elementor-spacer\">\n\t\t\t<div class=\"elementor-spacer-inner\"><\/div>\n\t\t<\/div>\n\t\t\t\t\t\t<\/div>\n\t\t\t\t<\/div>\n\t\t\t\t\t<\/div>\n\t\t<\/div>\n\t\t\t\t\t<\/div>\n\t\t<\/section>\n\t\t\t\t<\/div>","protected":false},"excerpt":{"rendered":"<p>Neue Perspektiven f\u00fcr K\u00f6rper, Seele &amp; Beruf Wir, bei Krause Health &amp; Business Innovation Core begleiten mit unseren Konzepten und [&hellip;]<\/p>\n","protected":false},"author":2,"featured_media":0,"parent":0,"menu_order":0,"comment_status":"closed","ping_status":"closed","template":"","meta":{"site-sidebar-layout":"no-sidebar","site-content-layout":"page-builder","ast-site-content-layout":"full-width-container","site-content-style":"default","site-sidebar-style":"default","ast-global-header-display":"","ast-banner-title-visibility":"","ast-main-header-display":"","ast-hfb-above-header-display":"","ast-hfb-below-header-display":"","ast-hfb-mobile-header-display":"","site-post-title":"disabled","ast-breadcrumbs-content":"","ast-featured-img":"disabled","footer-sml-layout":"","ast-disable-related-posts":"","theme-transparent-header-meta":"","adv-header-id-meta":"","stick-header-meta":"","header-above-stick-meta":"","header-main-stick-meta":"","header-below-stick-meta":"","astra-migrate-meta-layouts":"set","ast-page-background-enabled":"default","ast-page-background-meta":{"desktop":{"background-color":"var(--ast-global-color-4)","background-image":"","background-repeat":"repeat","background-position":"center center","background-size":"auto","background-attachment":"scroll","background-type":"","background-media":"","overlay-type":"","overlay-color":"","overlay-opacity":"","overlay-gradient":""},"tablet":{"background-color":"","background-image":"","background-repeat":"repeat","background-position":"center center","background-size":"auto","background-attachment":"scroll","background-type":"","background-media":"","overlay-type":"","overlay-color":"","overlay-opacity":"","overlay-gradient":""},"mobile":{"background-color":"","background-image":"","background-repeat":"repeat","background-position":"center center","background-size":"auto","background-attachment":"scroll","background-type":"","background-media":"","overlay-type":"","overlay-color":"","overlay-opacity":"","overlay-gradient":""}},"ast-content-background-meta":{"desktop":{"background-color":"var(--ast-global-color-5)","background-image":"","background-repeat":"repeat","background-position":"center center","background-size":"auto","background-attachment":"scroll","background-type":"","background-media":"","overlay-type":"","overlay-color":"","overlay-opacity":"","overlay-gradient":""},"tablet":{"background-color":"var(--ast-global-color-5)","background-image":"","background-repeat":"repeat","background-position":"center center","background-size":"auto","background-attachment":"scroll","background-type":"","background-media":"","overlay-type":"","overlay-color":"","overlay-opacity":"","overlay-gradient":""},"mobile":{"background-color":"var(--ast-global-color-5)","background-image":"","background-repeat":"repeat","background-position":"center center","background-size":"auto","background-attachment":"scroll","background-type":"","background-media":"","overlay-type":"","overlay-color":"","overlay-opacity":"","overlay-gradient":""}},"footnotes":""},"class_list":["post-9025","page","type-page","status-publish","hentry"],"jetpack_sharing_enabled":true,"_links":{"self":[{"href":"https:\/\/psychosomatik-krause.de\/en\/wp-json\/wp\/v2\/pages\/9025","targetHints":{"allow":["GET"]}}],"collection":[{"href":"https:\/\/psychosomatik-krause.de\/en\/wp-json\/wp\/v2\/pages"}],"about":[{"href":"https:\/\/psychosomatik-krause.de\/en\/wp-json\/wp\/v2\/types\/page"}],"author":[{"embeddable":true,"href":"https:\/\/psychosomatik-krause.de\/en\/wp-json\/wp\/v2\/users\/2"}],"replies":[{"embeddable":true,"href":"https:\/\/psychosomatik-krause.de\/en\/wp-json\/wp\/v2\/comments?post=9025"}],"version-history":[{"count":554,"href":"https:\/\/psychosomatik-krause.de\/en\/wp-json\/wp\/v2\/pages\/9025\/revisions"}],"predecessor-version":[{"id":17345,"href":"https:\/\/psychosomatik-krause.de\/en\/wp-json\/wp\/v2\/pages\/9025\/revisions\/17345"}],"wp:attachment":[{"href":"https:\/\/psychosomatik-krause.de\/en\/wp-json\/wp\/v2\/media?parent=9025"}],"curies":[{"name":"wp","href":"https:\/\/api.w.org\/{rel}","templated":true}]}}