{"id":16658,"date":"2026-02-22T13:36:38","date_gmt":"2026-02-22T12:36:38","guid":{"rendered":"https:\/\/psychosomatik-krause.de\/?page_id=16658"},"modified":"2026-02-22T16:28:41","modified_gmt":"2026-02-22T15:28:41","slug":"betriebliches-gesundheitsmanagement-ludwigsburg","status":"publish","type":"page","link":"https:\/\/psychosomatik-krause.de\/en\/betriebliches-gesundheitsmanagement-ludwigsburg","title":{"rendered":"ONPT for Business"},"content":{"rendered":"\t\t<div data-elementor-type=\"wp-page\" data-elementor-id=\"16658\" class=\"elementor elementor-16658\" data-elementor-post-type=\"page\">\n\t\t\t\t\t\t<section class=\"elementor-section elementor-top-section elementor-element elementor-element-a0115fd elementor-section-boxed elementor-section-height-default elementor-section-height-default\" data-id=\"a0115fd\" data-element_type=\"section\" data-e-type=\"section\">\n\t\t\t\t\t\t<div class=\"elementor-container elementor-column-gap-default\">\n\t\t\t\t\t<div class=\"elementor-column elementor-col-100 elementor-top-column elementor-element elementor-element-ac67f92\" data-id=\"ac67f92\" data-element_type=\"column\" data-e-type=\"column\">\n\t\t\t<div class=\"elementor-widget-wrap elementor-element-populated\">\n\t\t\t\t\t\t<div class=\"elementor-element elementor-element-acfd85f elementor-widget elementor-widget-image\" data-id=\"acfd85f\" data-element_type=\"widget\" data-e-type=\"widget\" data-widget_type=\"image.default\">\n\t\t\t\t<div class=\"elementor-widget-container\">\n\t\t\t\t\t\t\t\t\t\t\t\t\t\t\t<img fetchpriority=\"high\" decoding=\"async\" width=\"768\" height=\"211\" src=\"https:\/\/psychosomatik-krause.de\/wp-content\/uploads\/2026\/02\/bgm-corporate-health-1-768x211.png\" class=\"attachment-medium_large size-medium_large wp-image-16662\" alt=\"\" srcset=\"https:\/\/psychosomatik-krause.de\/wp-content\/uploads\/2026\/02\/bgm-corporate-health-1-768x211.png 768w, https:\/\/psychosomatik-krause.de\/wp-content\/uploads\/2026\/02\/bgm-corporate-health-1-300x82.png 300w, https:\/\/psychosomatik-krause.de\/wp-content\/uploads\/2026\/02\/bgm-corporate-health-1-1024x282.png 1024w, https:\/\/psychosomatik-krause.de\/wp-content\/uploads\/2026\/02\/bgm-corporate-health-1-18x5.png 18w, https:\/\/psychosomatik-krause.de\/wp-content\/uploads\/2026\/02\/bgm-corporate-health-1-600x165.png 600w, https:\/\/psychosomatik-krause.de\/wp-content\/uploads\/2026\/02\/bgm-corporate-health-1.png 1473w\" sizes=\"(max-width: 768px) 100vw, 768px\" \/>\t\t\t\t\t\t\t\t\t\t\t\t\t\t\t<\/div>\n\t\t\t\t<\/div>\n\t\t\t\t<div class=\"elementor-element elementor-element-547e22d elementor-widget elementor-widget-heading\" data-id=\"547e22d\" data-element_type=\"widget\" data-e-type=\"widget\" data-widget_type=\"heading.default\">\n\t\t\t\t<div class=\"elementor-widget-container\">\n\t\t\t\t\t<h2 class=\"elementor-heading-title elementor-size-default\">Betriebliches Gesundheitsmanagement <br>im Landkreis Ludwigsburg &amp; Raum Stuttgart - ONPT\u00a9 for Business<\/h2>\t\t\t\t<\/div>\n\t\t\t\t<\/div>\n\t\t\t\t<div class=\"elementor-element elementor-element-541574d elementor-widget elementor-widget-heading\" data-id=\"541574d\" data-element_type=\"widget\" data-e-type=\"widget\" data-widget_type=\"heading.default\">\n\t\t\t\t<div class=\"elementor-widget-container\">\n\t\t\t\t\t<h2 class=\"elementor-heading-title elementor-size-default\">BGM &amp; Corporate Health \u2013 moderne &amp; individuelle Gesundheitsl\u00f6sungen statt Standardprogramme<\/h2>\t\t\t\t<\/div>\n\t\t\t\t<\/div>\n\t\t\t\t\t<\/div>\n\t\t<\/div>\n\t\t\t\t\t<\/div>\n\t\t<\/section>\n\t\t\t\t<section class=\"elementor-section elementor-top-section elementor-element elementor-element-67c8963 elementor-section-boxed elementor-section-height-default elementor-section-height-default\" data-id=\"67c8963\" data-element_type=\"section\" data-e-type=\"section\">\n\t\t\t\t\t\t<div class=\"elementor-container elementor-column-gap-default\">\n\t\t\t\t\t<div class=\"elementor-column elementor-col-100 elementor-top-column elementor-element elementor-element-3090027\" data-id=\"3090027\" data-element_type=\"column\" data-e-type=\"column\">\n\t\t\t<div class=\"elementor-widget-wrap elementor-element-populated\">\n\t\t\t\t\t\t<div class=\"elementor-element elementor-element-ca00667 elementor-widget elementor-widget-text-editor\" data-id=\"ca00667\" data-element_type=\"widget\" data-e-type=\"widget\" data-widget_type=\"text-editor.default\">\n\t\t\t\t<div class=\"elementor-widget-container\">\n\t\t\t\t\t\t\t\t\t<p data-start=\"752\" data-end=\"1086\">ONPT for Business verbindet Betriebliches Gesundheitsmanagement und Corporate Health zu einem zukunftsorientierten Gesundheitsansatz. Weg von kurzfristigen Einzelma\u00dfnahmen, hin zu nachhaltigen L\u00f6sungen, die Leistungsf\u00e4higkeit, Belastbarkeit und Gesundheit systematisch st\u00e4rken.<\/p>\t\t\t\t\t\t\t\t<\/div>\n\t\t\t\t<\/div>\n\t\t\t\t<div class=\"elementor-element elementor-element-595d8cc elementor-widget-divider--view-line elementor-widget elementor-widget-divider\" data-id=\"595d8cc\" data-element_type=\"widget\" data-e-type=\"widget\" data-widget_type=\"divider.default\">\n\t\t\t\t<div class=\"elementor-widget-container\">\n\t\t\t\t\t\t\t<div class=\"elementor-divider\">\n\t\t\t<span class=\"elementor-divider-separator\">\n\t\t\t\t\t\t<\/span>\n\t\t<\/div>\n\t\t\t\t\t\t<\/div>\n\t\t\t\t<\/div>\n\t\t\t\t<div class=\"elementor-element elementor-element-b778cf7 elementor-widget elementor-widget-heading\" data-id=\"b778cf7\" data-element_type=\"widget\" data-e-type=\"widget\" data-widget_type=\"heading.default\">\n\t\t\t\t<div class=\"elementor-widget-container\">\n\t\t\t\t\t<h2 class=\"elementor-heading-title elementor-size-default\">ONPT Plus im Unternehmensalltag<\/h2>\t\t\t\t<\/div>\n\t\t\t\t<\/div>\n\t\t\t\t<div class=\"elementor-element elementor-element-8b8910d elementor-widget elementor-widget-text-editor\" data-id=\"8b8910d\" data-element_type=\"widget\" data-e-type=\"widget\" data-widget_type=\"text-editor.default\">\n\t\t\t\t<div class=\"elementor-widget-container\">\n\t\t\t\t\t\t\t\t\t<p data-start=\"346\" data-end=\"729\">ONPT Plus ist ein digitales Gesundheitsprogramm im Abo-Modell \u2013 vergleichbar mit einem Streamingdienst, jedoch speziell f\u00fcr k\u00f6rperliche und mentale Gesundheit entwickelt. Mitarbeitende erhalten jederzeit Zugriff auf praxisnahe Inhalte wie Meditationen, Ratgeber, Guides und strukturierte Gesundheitsformate zur F\u00f6rderung von Wohlbefinden, Belastbarkeit und langfristiger Stabilit\u00e4t.<\/p><p data-start=\"731\" data-end=\"995\">Das Programm ist ortsunabh\u00e4ngig nutzbar und l\u00e4sst sich flexibel in den Arbeitsalltag integrieren. Erg\u00e4nzend bestehen M\u00f6glichkeiten f\u00fcr Austausch, R\u00fcckfragen und begleitende Formate, um gesundheitliche Themen kontinuierlich aufzugreifen und nachhaltig zu verankern.<\/p>\t\t\t\t\t\t\t\t<\/div>\n\t\t\t\t<\/div>\n\t\t\t\t<div class=\"elementor-element elementor-element-c8a964d elementor-widget elementor-widget-heading\" data-id=\"c8a964d\" data-element_type=\"widget\" data-e-type=\"widget\" data-widget_type=\"heading.default\">\n\t\t\t\t<div class=\"elementor-widget-container\">\n\t\t\t\t\t<h2 class=\"elementor-heading-title elementor-size-default\">Seminare &amp; Workshops zu individuellen Themen<\/h2>\t\t\t\t<\/div>\n\t\t\t\t<\/div>\n\t\t\t\t<div class=\"elementor-element elementor-element-97615d4 elementor-widget elementor-widget-text-editor\" data-id=\"97615d4\" data-element_type=\"widget\" data-e-type=\"widget\" data-widget_type=\"text-editor.default\">\n\t\t\t\t<div class=\"elementor-widget-container\">\n\t\t\t\t\t\t\t\t\t<p data-start=\"253\" data-end=\"616\">Erg\u00e4nzend zu digitalen Formaten bietet ONPT for Business praxisnahe Seminare und Workshops zu ausgew\u00e4hlten Themen der k\u00f6rperlichen und mentalen Gesundheit. Inhalte werden individuell auf die Anforderungen des Unternehmens abgestimmt \u2013 von Stressbew\u00e4ltigung und Belastungsmanagement bis hin zu Leistungsf\u00e4higkeit, Pr\u00e4vention und nachhaltigem Gesundheitsverhalten.<\/p><p data-start=\"618\" data-end=\"806\">Die Formate k\u00f6nnen flexibel als Online-Veranstaltungen oder vor Ort im Unternehmen durchgef\u00fchrt werden und lassen sich gezielt in bestehende BGM- und Corporate-Health-Konzepte integrieren.<\/p>\t\t\t\t\t\t\t\t<\/div>\n\t\t\t\t<\/div>\n\t\t\t\t\t<\/div>\n\t\t<\/div>\n\t\t\t\t\t<\/div>\n\t\t<\/section>\n\t\t\t\t<section class=\"elementor-section elementor-top-section elementor-element elementor-element-e4d60b5 elementor-section-boxed elementor-section-height-default elementor-section-height-default\" data-id=\"e4d60b5\" data-element_type=\"section\" data-e-type=\"section\" data-settings=\"{&quot;background_background&quot;:&quot;classic&quot;}\">\n\t\t\t\t\t\t<div class=\"elementor-container elementor-column-gap-default\">\n\t\t\t\t\t<div class=\"elementor-column elementor-col-100 elementor-top-column elementor-element elementor-element-f1bf177\" data-id=\"f1bf177\" data-element_type=\"column\" data-e-type=\"column\">\n\t\t\t<div class=\"elementor-widget-wrap elementor-element-populated\">\n\t\t\t\t\t\t<div class=\"elementor-element elementor-element-0c18ae5 elementor-widget elementor-widget-heading\" data-id=\"0c18ae5\" data-element_type=\"widget\" data-e-type=\"widget\" data-widget_type=\"heading.default\">\n\t\t\t\t<div class=\"elementor-widget-container\">\n\t\t\t\t\t<h2 class=\"elementor-heading-title elementor-size-default\">F\u00fcr welche Unternehmen ist ONPT\u00ae for Business geeignet?<\/h2>\t\t\t\t<\/div>\n\t\t\t\t<\/div>\n\t\t\t\t<div class=\"elementor-element elementor-element-a97e7cb elementor-widget elementor-widget-text-editor\" data-id=\"a97e7cb\" data-element_type=\"widget\" data-e-type=\"widget\" data-widget_type=\"text-editor.default\">\n\t\t\t\t<div class=\"elementor-widget-container\">\n\t\t\t\t\t\t\t\t\t<p data-start=\"232\" data-end=\"571\">ONPT\u00ae for Business richtet sich an Unternehmen, die Gesundheit nicht als Einzelma\u00dfnahme, sondern als strategischen Erfolgsfaktor verstehen. Besonders geeignet ist der Ansatz f\u00fcr Organisationen mit steigender mentaler und k\u00f6rperlicher Belastung, erh\u00f6hten Fehlzeiten oder dem Wunsch nach nachhaltiger Leistungsf\u00e4higkeit ihrer Mitarbeitenden.<\/p><p data-start=\"573\" data-end=\"770\">Typische Einsatzbereiche sind mittelst\u00e4ndische Unternehmen, Dienstleistungsbetriebe, Produktionsumfelder sowie Organisationen mit hoher Verantwortung, Zeitdruck oder komplexen Arbeitsanforderungen.<\/p>\t\t\t\t\t\t\t\t<\/div>\n\t\t\t\t<\/div>\n\t\t\t\t<div class=\"elementor-element elementor-element-095f92f elementor-widget elementor-widget-heading\" data-id=\"095f92f\" data-element_type=\"widget\" data-e-type=\"widget\" data-widget_type=\"heading.default\">\n\t\t\t\t<div class=\"elementor-widget-container\">\n\t\t\t\t\t<h2 class=\"elementor-heading-title elementor-size-default\">Welche Ergebnisse Unternehmen mit ONPT\u00ae for Business erzielen<\/h2>\t\t\t\t<\/div>\n\t\t\t\t<\/div>\n\t\t\t\t<div class=\"elementor-element elementor-element-4d33fb0 elementor-widget elementor-widget-text-editor\" data-id=\"4d33fb0\" data-element_type=\"widget\" data-e-type=\"widget\" data-widget_type=\"text-editor.default\">\n\t\t\t\t<div class=\"elementor-widget-container\">\n\t\t\t\t\t\t\t\t\t<p data-start=\"846\" data-end=\"1212\">Unternehmen profitieren von einer strukturierten und nachhaltigen Gesundheitsstrategie, die weit \u00fcber klassische Pr\u00e4ventionsangebote hinausgeht. Typische Effekte sind eine verbesserte Belastbarkeit der Mitarbeitenden, ein bewussterer Umgang mit Stressfaktoren, h\u00f6here Leistungsf\u00e4higkeit im Arbeitsalltag sowie langfristig reduzierte krankheitsbedingte Ausfallzeiten.<\/p><p data-start=\"1214\" data-end=\"1367\">Gleichzeitig st\u00e4rkt der ganzheitliche Ansatz das Gesundheitsbewusstsein im Unternehmen und f\u00f6rdert eine stabile, leistungsorientierte Unternehmenskultur.<\/p>\t\t\t\t\t\t\t\t<\/div>\n\t\t\t\t<\/div>\n\t\t\t\t\t<\/div>\n\t\t<\/div>\n\t\t\t\t\t<\/div>\n\t\t<\/section>\n\t\t\t\t<section class=\"elementor-section elementor-top-section elementor-element elementor-element-443fd40 elementor-section-boxed elementor-section-height-default elementor-section-height-default\" data-id=\"443fd40\" data-element_type=\"section\" data-e-type=\"section\">\n\t\t\t\t\t\t<div class=\"elementor-container elementor-column-gap-default\">\n\t\t\t\t\t<div class=\"elementor-column elementor-col-100 elementor-top-column elementor-element elementor-element-76567e2\" data-id=\"76567e2\" data-element_type=\"column\" data-e-type=\"column\">\n\t\t\t<div class=\"elementor-widget-wrap elementor-element-populated\">\n\t\t\t\t\t\t<div class=\"elementor-element elementor-element-5d6cea3 elementor-widget elementor-widget-heading\" data-id=\"5d6cea3\" data-element_type=\"widget\" data-e-type=\"widget\" data-widget_type=\"heading.default\">\n\t\t\t\t<div class=\"elementor-widget-container\">\n\t\t\t\t\t<h2 class=\"elementor-heading-title elementor-size-default\">ONPT\u00a9 for Business unverbindlich kennenlernen<\/h2>\t\t\t\t<\/div>\n\t\t\t\t<\/div>\n\t\t\t\t<div class=\"elementor-element elementor-element-0b50213 elementor-widget elementor-widget-text-editor\" data-id=\"0b50213\" data-element_type=\"widget\" data-e-type=\"widget\" data-widget_type=\"text-editor.default\">\n\t\t\t\t<div class=\"elementor-widget-container\">\n\t\t\t\t\t\t\t\t\t<p data-start=\"846\" data-end=\"1212\">Sie m\u00f6chten pr\u00fcfen, ob ONPT\u00a9 for Business zu den Anforderungen Ihres Unternehmens passt? Gerne besprechen wir in einem kurzen Orientierungsgespr\u00e4ch Ihre aktuelle Situation und m\u00f6gliche Ansatzpunkte f\u00fcr eine nachhaltige Gesundheitsstrategie. Hinterlassen Sie uns dazu einfach Ihre Kontaktdaten \u2013 wir melden uns zeitnah bei Ihnen.<\/p>\t\t\t\t\t\t\t\t<\/div>\n\t\t\t\t<\/div>\n\t\t\t\t<div class=\"elementor-element elementor-element-f9925d1 elementor-button-align-stretch elementor-widget elementor-widget-form\" data-id=\"f9925d1\" data-element_type=\"widget\" data-e-type=\"widget\" data-settings=\"{&quot;step_next_label&quot;:&quot;N\\u00e4chster&quot;,&quot;step_previous_label&quot;:&quot;Voriger&quot;,&quot;button_width&quot;:&quot;100&quot;,&quot;step_type&quot;:&quot;number_text&quot;,&quot;step_icon_shape&quot;:&quot;circle&quot;}\" data-widget_type=\"form.default\">\n\t\t\t\t<div class=\"elementor-widget-container\">\n\t\t\t\t\t\t\t<form class=\"elementor-form\" method=\"post\" name=\"Neues Formular\" aria-label=\"Neues Formular\">\n\t\t\t<input type=\"hidden\" name=\"post_id\" value=\"16658\"\/>\n\t\t\t<input type=\"hidden\" name=\"form_id\" value=\"f9925d1\"\/>\n\t\t\t<input type=\"hidden\" name=\"referer_title\" value=\"Betriebliches Gesundheitsmanagement in Ludwigsburg &amp; Stuttgart | ONPT for Business\" \/>\n\n\t\t\t\t\t\t\t<input type=\"hidden\" name=\"queried_id\" value=\"16658\"\/>\n\t\t\t\n\t\t\t<div class=\"elementor-form-fields-wrapper elementor-labels-above\">\n\t\t\t\t\t\t\t\t<div class=\"elementor-field-type-text elementor-field-group elementor-column elementor-field-group-name elementor-col-100\">\n\t\t\t\t\t\t\t\t\t\t\t\t<label for=\"form-field-name\" class=\"elementor-field-label\">\n\t\t\t\t\t\t\t\tName\t\t\t\t\t\t\t<\/label>\n\t\t\t\t\t\t\t\t\t\t\t\t\t\t<input size=\"1\" type=\"text\" name=\"form_fields[name]\" id=\"form-field-name\" class=\"elementor-field elementor-size-sm  elementor-field-textual\" placeholder=\"Name\">\n\t\t\t\t\t\t\t\t\t\t\t<\/div>\n\t\t\t\t\t\t\t\t<div class=\"elementor-field-type-email elementor-field-group elementor-column elementor-field-group-email elementor-col-100 elementor-field-required\">\n\t\t\t\t\t\t\t\t\t\t\t\t<label for=\"form-field-email\" class=\"elementor-field-label\">\n\t\t\t\t\t\t\t\tE-Mail\t\t\t\t\t\t\t<\/label>\n\t\t\t\t\t\t\t\t\t\t\t\t\t\t<input size=\"1\" type=\"email\" name=\"form_fields[email]\" id=\"form-field-email\" class=\"elementor-field elementor-size-sm  elementor-field-textual\" placeholder=\"E-Mail\" required=\"required\">\n\t\t\t\t\t\t\t\t\t\t\t<\/div>\n\t\t\t\t\t\t\t\t<div class=\"elementor-field-type-textarea elementor-field-group elementor-column elementor-field-group-message elementor-col-100\">\n\t\t\t\t\t\t\t\t\t\t\t\t<label for=\"form-field-message\" class=\"elementor-field-label\">\n\t\t\t\t\t\t\t\tNachricht\t\t\t\t\t\t\t<\/label>\n\t\t\t\t\t\t<textarea class=\"elementor-field-textual elementor-field  elementor-size-sm\" name=\"form_fields[message]\" id=\"form-field-message\" rows=\"4\" placeholder=\"Nachricht\"><\/textarea>\t\t\t\t<\/div>\n\t\t\t\t\t\t\t\t<div class=\"elementor-field-group elementor-column elementor-field-type-submit elementor-col-100 e-form__buttons\">\n\t\t\t\t\t<button class=\"elementor-button elementor-size-sm\" type=\"submit\">\n\t\t\t\t\t\t<span class=\"elementor-button-content-wrapper\">\n\t\t\t\t\t\t\t\t\t\t\t\t\t\t\t\t\t\t\t\t\t\t<span class=\"elementor-button-text\">Senden<\/span>\n\t\t\t\t\t\t\t\t\t\t\t\t\t<\/span>\n\t\t\t\t\t<\/button>\n\t\t\t\t<\/div>\n\t\t\t<\/div>\n\t\t<\/form>\n\t\t\t\t\t\t<\/div>\n\t\t\t\t<\/div>\n\t\t\t\t\t<\/div>\n\t\t<\/div>\n\t\t\t\t\t<\/div>\n\t\t<\/section>\n\t\t\t\t<section class=\"elementor-section elementor-top-section elementor-element elementor-element-3737994 elementor-section-boxed elementor-section-height-default elementor-section-height-default\" data-id=\"3737994\" data-element_type=\"section\" data-e-type=\"section\">\n\t\t\t\t\t\t<div class=\"elementor-container elementor-column-gap-default\">\n\t\t\t\t\t<div class=\"elementor-column elementor-col-100 elementor-top-column elementor-element elementor-element-124cd7b\" data-id=\"124cd7b\" data-element_type=\"column\" data-e-type=\"column\">\n\t\t\t<div class=\"elementor-widget-wrap elementor-element-populated\">\n\t\t\t\t\t\t<div class=\"elementor-element elementor-element-3ec12e9 elementor-widget elementor-widget-spacer\" data-id=\"3ec12e9\" data-element_type=\"widget\" data-e-type=\"widget\" data-widget_type=\"spacer.default\">\n\t\t\t\t<div class=\"elementor-widget-container\">\n\t\t\t\t\t\t\t<div class=\"elementor-spacer\">\n\t\t\t<div class=\"elementor-spacer-inner\"><\/div>\n\t\t<\/div>\n\t\t\t\t\t\t<\/div>\n\t\t\t\t<\/div>\n\t\t\t\t\t<\/div>\n\t\t<\/div>\n\t\t\t\t\t<\/div>\n\t\t<\/section>\n\t\t\t\t<\/div>\n\t\t","protected":false},"excerpt":{"rendered":"<p>Betriebliches Gesundheitsmanagement im Landkreis Ludwigsburg &amp; Raum Stuttgart &#8211; ONPT\u00a9 for Business BGM &amp; Corporate Health \u2013 moderne &amp; individuelle [&hellip;]<\/p>\n","protected":false},"author":2,"featured_media":0,"parent":0,"menu_order":0,"comment_status":"closed","ping_status":"closed","template":"","meta":{"site-sidebar-layout":"no-sidebar","site-content-layout":"page-builder","ast-site-content-layout":"full-width-container","site-content-style":"default","site-sidebar-style":"default","ast-global-header-display":"","ast-banner-title-visibility":"","ast-main-header-display":"","ast-hfb-above-header-display":"","ast-hfb-below-header-display":"","ast-hfb-mobile-header-display":"","site-post-title":"disabled","ast-breadcrumbs-content":"","ast-featured-img":"disabled","footer-sml-layout":"","ast-disable-related-posts":"","theme-transparent-header-meta":"","adv-header-id-meta":"","stick-header-meta":"","header-above-stick-meta":"","header-main-stick-meta":"","header-below-stick-meta":"","astra-migrate-meta-layouts":"set","ast-page-background-enabled":"default","ast-page-background-meta":{"desktop":{"background-color":"var(--ast-global-color-4)","background-image":"","background-repeat":"repeat","background-position":"center center","background-size":"auto","background-attachment":"scroll","background-type":"","background-media":"","overlay-type":"","overlay-color":"","overlay-opacity":"","overlay-gradient":""},"tablet":{"background-color":"","background-image":"","background-repeat":"repeat","background-position":"center center","background-size":"auto","background-attachment":"scroll","background-type":"","background-media":"","overlay-type":"","overlay-color":"","overlay-opacity":"","overlay-gradient":""},"mobile":{"background-color":"","background-image":"","background-repeat":"repeat","background-position":"center center","background-size":"auto","background-attachment":"scroll","background-type":"","background-media":"","overlay-type":"","overlay-color":"","overlay-opacity":"","overlay-gradient":""}},"ast-content-background-meta":{"desktop":{"background-color":"var(--ast-global-color-5)","background-image":"","background-repeat":"repeat","background-position":"center center","background-size":"auto","background-attachment":"scroll","background-type":"","background-media":"","overlay-type":"","overlay-color":"","overlay-opacity":"","overlay-gradient":""},"tablet":{"background-color":"var(--ast-global-color-5)","background-image":"","background-repeat":"repeat","background-position":"center center","background-size":"auto","background-attachment":"scroll","background-type":"","background-media":"","overlay-type":"","overlay-color":"","overlay-opacity":"","overlay-gradient":""},"mobile":{"background-color":"var(--ast-global-color-5)","background-image":"","background-repeat":"repeat","background-position":"center center","background-size":"auto","background-attachment":"scroll","background-type":"","background-media":"","overlay-type":"","overlay-color":"","overlay-opacity":"","overlay-gradient":""}},"footnotes":""},"class_list":["post-16658","page","type-page","status-publish","hentry"],"jetpack_sharing_enabled":true,"_links":{"self":[{"href":"https:\/\/psychosomatik-krause.de\/en\/wp-json\/wp\/v2\/pages\/16658","targetHints":{"allow":["GET"]}}],"collection":[{"href":"https:\/\/psychosomatik-krause.de\/en\/wp-json\/wp\/v2\/pages"}],"about":[{"href":"https:\/\/psychosomatik-krause.de\/en\/wp-json\/wp\/v2\/types\/page"}],"author":[{"embeddable":true,"href":"https:\/\/psychosomatik-krause.de\/en\/wp-json\/wp\/v2\/users\/2"}],"replies":[{"embeddable":true,"href":"https:\/\/psychosomatik-krause.de\/en\/wp-json\/wp\/v2\/comments?post=16658"}],"version-history":[{"count":12,"href":"https:\/\/psychosomatik-krause.de\/en\/wp-json\/wp\/v2\/pages\/16658\/revisions"}],"predecessor-version":[{"id":16699,"href":"https:\/\/psychosomatik-krause.de\/en\/wp-json\/wp\/v2\/pages\/16658\/revisions\/16699"}],"wp:attachment":[{"href":"https:\/\/psychosomatik-krause.de\/en\/wp-json\/wp\/v2\/media?parent=16658"}],"curies":[{"name":"wp","href":"https:\/\/api.w.org\/{rel}","templated":true}]}}