{"id":15928,"date":"2026-02-02T18:44:49","date_gmt":"2026-02-02T17:44:49","guid":{"rendered":"https:\/\/psychosomatik-krause.de\/?page_id=15928"},"modified":"2026-02-02T18:52:42","modified_gmt":"2026-02-02T17:52:42","slug":"agb-krause-consulting","status":"publish","type":"page","link":"https:\/\/psychosomatik-krause.de\/en\/agb-krause-consulting","title":{"rendered":"AGB Krause Consulting"},"content":{"rendered":"<div data-elementor-type=\"wp-page\" data-elementor-id=\"15928\" class=\"elementor elementor-15928\" data-elementor-post-type=\"page\">\n\t\t\t\t\t\t<section class=\"elementor-section elementor-top-section elementor-element elementor-element-b4dbbda elementor-section-boxed elementor-section-height-default elementor-section-height-default\" data-id=\"b4dbbda\" data-element_type=\"section\" data-e-type=\"section\">\n\t\t\t\t\t\t<div class=\"elementor-container elementor-column-gap-default\">\n\t\t\t\t\t<div class=\"elementor-column elementor-col-100 elementor-top-column elementor-element elementor-element-ed0a7c8\" data-id=\"ed0a7c8\" data-element_type=\"column\" data-e-type=\"column\">\n\t\t\t<div class=\"elementor-widget-wrap elementor-element-populated\">\n\t\t\t\t\t\t<div class=\"elementor-element elementor-element-422dbe4 elementor-widget elementor-widget-text-editor\" data-id=\"422dbe4\" data-element_type=\"widget\" data-e-type=\"widget\" data-widget_type=\"text-editor.default\">\n\t\t\t\t<div class=\"elementor-widget-container\">\n\t\t\t\t\t\t\t\t\t<h1 data-start=\"273\" data-end=\"314\">Allgemeine Gesch\u00e4ftsbedingungen (AGB)<\/h1><p data-start=\"315\" data-end=\"359\"><strong data-start=\"315\" data-end=\"359\">Krause Health &amp; Business Unternehmensgesellschaft (haftungsbeschr\u00e4nkt) &#8211; Fachabteilung Krause Consulting Unternehmensberatung<\/strong><\/p><h2 data-start=\"361\" data-end=\"382\">\u00a71 Geltungsbereich<\/h2><p data-start=\"383\" data-end=\"851\">(1) Diese Allgemeinen Gesch\u00e4ftsbedingungen gelten f\u00fcr alle Vertr\u00e4ge zwischen Krause Consulting (nachfolgend \u201eBerater\u201c) und seinen Auftraggebern (nachfolgend \u201eKunde\u201c) \u00fcber die Erbringung von Unternehmensberatungsleistungen.<br data-start=\"605\" data-end=\"608\" \/>(2) Die Leistungen richten sich ausschlie\u00dflich an Unternehmer im Sinne des \u00a7 14 BGB.<br data-start=\"692\" data-end=\"695\" \/>(3) Abweichende oder erg\u00e4nzende Gesch\u00e4ftsbedingungen des Kunden finden keine Anwendung, es sei denn, ihrer Geltung wird ausdr\u00fccklich schriftlich zugestimmt.<\/p><hr data-start=\"853\" data-end=\"856\" \/><h2 data-start=\"858\" data-end=\"882\">\u00a72 Vertragsgegenstand<\/h2><p data-start=\"883\" data-end=\"1355\">(1) Gegenstand des Vertrages ist die Erbringung von Unternehmensberatungsleistungen, insbesondere in den Bereichen Strategie, Struktur, Organisation, Prozesse, Positionierung und wirtschaftliche Entwicklung.<br data-start=\"1090\" data-end=\"1093\" \/>(2) Der Berater schuldet eine <strong data-start=\"1123\" data-end=\"1141\">Dienstleistung<\/strong>, keinen bestimmten wirtschaftlichen oder sonstigen Erfolg.<br data-start=\"1200\" data-end=\"1203\" \/>(3) Die Beratung stellt <strong data-start=\"1227\" data-end=\"1326\">keine Rechts-, Steuer-, Finanz-, medizinische, psychotherapeutische oder heilkundliche Leistung<\/strong> dar und ersetzt diese nicht.<\/p><hr data-start=\"1357\" data-end=\"1360\" \/><h2 data-start=\"1362\" data-end=\"1383\">\u00a73 Vertragsschluss<\/h2><p data-start=\"1384\" data-end=\"1553\">(1) Angebote des Beraters sind freibleibend.<br data-start=\"1428\" data-end=\"1431\" \/>(2) Ein Vertrag kommt durch schriftliche Annahme des Angebots, Terminbuchung oder Beginn der Leistungserbringung zustande.<\/p><hr data-start=\"1555\" data-end=\"1558\" \/><h2 data-start=\"1560\" data-end=\"1597\">\u00a74 Mitwirkungspflichten des Kunden<\/h2><p data-start=\"1598\" data-end=\"1874\">(1) Der Kunde verpflichtet sich, alle f\u00fcr die Beratung erforderlichen Informationen vollst\u00e4ndig, richtig und rechtzeitig zur Verf\u00fcgung zu stellen.<br data-start=\"1744\" data-end=\"1747\" \/>(2) Entscheidungen \u00fcber unternehmerische Ma\u00dfnahmen sowie deren Umsetzung liegen ausschlie\u00dflich in der Verantwortung des Kunden.<\/p><hr data-start=\"1876\" data-end=\"1879\" \/><h2 data-start=\"1881\" data-end=\"1920\">\u00a75 Verg\u00fctung, Zahlungsbedingungen &amp; Ausfallhonorar<\/h2><p data-start=\"1921\" data-end=\"2253\">(1) Die Verg\u00fctung richtet sich nach dem individuell vereinbarten Honorar (Stundensatz, Paketpreis oder Projektverg\u00fctung).<br data-start=\"2042\" data-end=\"2045\" \/>(2) Rechnungen sind ohne Abzug sofort f\u00e4llig, sofern nichts anderes vereinbart wurde.<br data-start=\"2130\" data-end=\"2133\" \/>(3) Bei Zahlungsverzug ist der Berater berechtigt, weitere Leistungen bis zum Ausgleich offener Forderungen auszusetzen.<br \/>(4) Bei der Buchung des Vorgespr\u00e4ches (Strategiegespr\u00e4ches) gilt f\u00fcr die fristgerechte Absage eine Frist von 24h. Erfolgt die Absage in weniger als 24h wird das Honorar als Ausfallhonorar einbehalten. Es besteht kein Anspruch auf R\u00fcckzahlung.<\/p><hr data-start=\"2255\" data-end=\"2258\" \/><h2 data-start=\"2260\" data-end=\"2273\">\u00a76 Haftung<\/h2><p data-start=\"2274\" data-end=\"2552\">(1) Der Berater haftet nur bei Vorsatz und grober Fahrl\u00e4ssigkeit.<br data-start=\"2339\" data-end=\"2342\" \/>(2) Eine Haftung f\u00fcr entgangenen Gewinn, mittelbare Sch\u00e4den oder Folgesch\u00e4den ist ausgeschlossen.<br data-start=\"2439\" data-end=\"2442\" \/>(3) Die Haftung ist \u2013 soweit gesetzlich zul\u00e4ssig \u2013 auf den vorhersehbaren, vertragstypischen Schaden begrenzt.<\/p><hr data-start=\"2554\" data-end=\"2557\" \/><h2 data-start=\"2559\" data-end=\"2580\">\u00a77 Vertraulichkeit<\/h2><p data-start=\"2581\" data-end=\"2807\">(1) Beide Parteien verpflichten sich, alle im Rahmen der Zusammenarbeit erlangten vertraulichen Informationen streng vertraulich zu behandeln.<br data-start=\"2723\" data-end=\"2726\" \/>(2) Diese Verpflichtung gilt auch \u00fcber das Ende des Vertragsverh\u00e4ltnisses hinaus.<\/p><hr data-start=\"2809\" data-end=\"2812\" \/><h2 data-start=\"2814\" data-end=\"2847\">\u00a78 Urheber- und Nutzungsrechte<\/h2><p data-start=\"2848\" data-end=\"3191\">(1) Alle vom Berater erstellten Konzepte, Analysen, Strategien und Unterlagen unterliegen dem Urheberrecht.<br data-start=\"2955\" data-end=\"2958\" \/>(2) Der Kunde erh\u00e4lt ein einfaches, nicht \u00fcbertragbares Nutzungsrecht ausschlie\u00dflich f\u00fcr eigene unternehmerische Zwecke.<br data-start=\"3078\" data-end=\"3081\" \/>(3) Eine Weitergabe an Dritte oder Vervielf\u00e4ltigung ist ohne ausdr\u00fcckliche Zustimmung des Beraters unzul\u00e4ssig.<\/p><hr data-start=\"3193\" data-end=\"3196\" \/><h2 data-start=\"3198\" data-end=\"3234\">\u00a79 Vertragslaufzeit und K\u00fcndigung<\/h2><p data-start=\"3235\" data-end=\"3393\">(1) Die Vertragslaufzeit ergibt sich aus der individuellen Vereinbarung.<br data-start=\"3307\" data-end=\"3310\" \/>(2) Das Recht zur au\u00dferordentlichen K\u00fcndigung aus wichtigem Grund bleibt unber\u00fchrt.<\/p><hr data-start=\"3395\" data-end=\"3398\" \/><h2 data-start=\"3400\" data-end=\"3426\">\u00a710 Schlussbestimmungen<\/h2><p data-start=\"3427\" data-end=\"3692\">(1) Es gilt das Recht der Bundesrepublik Deutschland.<br data-start=\"3480\" data-end=\"3483\" \/>(2) Gerichtsstand ist \u2013 soweit gesetzlich zul\u00e4ssig \u2013 der Sitz des Beraters.<br data-start=\"3558\" data-end=\"3561\" \/>(3) Sollten einzelne Bestimmungen dieser AGB unwirksam sein oder werden, bleibt die Wirksamkeit der \u00fcbrigen Bestimmungen unber\u00fchrt.<\/p>\t\t\t\t\t\t\t\t<\/div>\n\t\t\t\t<\/div>\n\t\t\t\t\t<\/div>\n\t\t<\/div>\n\t\t\t\t\t<\/div>\n\t\t<\/section>\n\t\t\t\t<\/div>","protected":false},"excerpt":{"rendered":"<p>Allgemeine Gesch\u00e4ftsbedingungen (AGB) Krause Health &amp; Business Unternehmensgesellschaft (haftungsbeschr\u00e4nkt) &#8211; Fachabteilung Krause Consulting Unternehmensberatung \u00a71 Geltungsbereich (1) Diese Allgemeinen Gesch\u00e4ftsbedingungen [&hellip;]<\/p>\n","protected":false},"author":2,"featured_media":0,"parent":0,"menu_order":0,"comment_status":"closed","ping_status":"closed","template":"","meta":{"site-sidebar-layout":"no-sidebar","site-content-layout":"page-builder","ast-site-content-layout":"full-width-container","site-content-style":"default","site-sidebar-style":"default","ast-global-header-display":"","ast-banner-title-visibility":"","ast-main-header-display":"","ast-hfb-above-header-display":"","ast-hfb-below-header-display":"","ast-hfb-mobile-header-display":"","site-post-title":"disabled","ast-breadcrumbs-content":"","ast-featured-img":"disabled","footer-sml-layout":"","ast-disable-related-posts":"","theme-transparent-header-meta":"","adv-header-id-meta":"","stick-header-meta":"","header-above-stick-meta":"","header-main-stick-meta":"","header-below-stick-meta":"","astra-migrate-meta-layouts":"set","ast-page-background-enabled":"default","ast-page-background-meta":{"desktop":{"background-color":"var(--ast-global-color-4)","background-image":"","background-repeat":"repeat","background-position":"center center","background-size":"auto","background-attachment":"scroll","background-type":"","background-media":"","overlay-type":"","overlay-color":"","overlay-opacity":"","overlay-gradient":""},"tablet":{"background-color":"","background-image":"","background-repeat":"repeat","background-position":"center center","background-size":"auto","background-attachment":"scroll","background-type":"","background-media":"","overlay-type":"","overlay-color":"","overlay-opacity":"","overlay-gradient":""},"mobile":{"background-color":"","background-image":"","background-repeat":"repeat","background-position":"center center","background-size":"auto","background-attachment":"scroll","background-type":"","background-media":"","overlay-type":"","overlay-color":"","overlay-opacity":"","overlay-gradient":""}},"ast-content-background-meta":{"desktop":{"background-color":"var(--ast-global-color-5)","background-image":"","background-repeat":"repeat","background-position":"center center","background-size":"auto","background-attachment":"scroll","background-type":"","background-media":"","overlay-type":"","overlay-color":"","overlay-opacity":"","overlay-gradient":""},"tablet":{"background-color":"var(--ast-global-color-5)","background-image":"","background-repeat":"repeat","background-position":"center center","background-size":"auto","background-attachment":"scroll","background-type":"","background-media":"","overlay-type":"","overlay-color":"","overlay-opacity":"","overlay-gradient":""},"mobile":{"background-color":"var(--ast-global-color-5)","background-image":"","background-repeat":"repeat","background-position":"center center","background-size":"auto","background-attachment":"scroll","background-type":"","background-media":"","overlay-type":"","overlay-color":"","overlay-opacity":"","overlay-gradient":""}},"footnotes":""},"class_list":["post-15928","page","type-page","status-publish","hentry"],"jetpack_sharing_enabled":true,"_links":{"self":[{"href":"https:\/\/psychosomatik-krause.de\/en\/wp-json\/wp\/v2\/pages\/15928","targetHints":{"allow":["GET"]}}],"collection":[{"href":"https:\/\/psychosomatik-krause.de\/en\/wp-json\/wp\/v2\/pages"}],"about":[{"href":"https:\/\/psychosomatik-krause.de\/en\/wp-json\/wp\/v2\/types\/page"}],"author":[{"embeddable":true,"href":"https:\/\/psychosomatik-krause.de\/en\/wp-json\/wp\/v2\/users\/2"}],"replies":[{"embeddable":true,"href":"https:\/\/psychosomatik-krause.de\/en\/wp-json\/wp\/v2\/comments?post=15928"}],"version-history":[{"count":13,"href":"https:\/\/psychosomatik-krause.de\/en\/wp-json\/wp\/v2\/pages\/15928\/revisions"}],"predecessor-version":[{"id":15941,"href":"https:\/\/psychosomatik-krause.de\/en\/wp-json\/wp\/v2\/pages\/15928\/revisions\/15941"}],"wp:attachment":[{"href":"https:\/\/psychosomatik-krause.de\/en\/wp-json\/wp\/v2\/media?parent=15928"}],"curies":[{"name":"wp","href":"https:\/\/api.w.org\/{rel}","templated":true}]}}