{"id":15841,"date":"2026-02-02T14:36:23","date_gmt":"2026-02-02T13:36:23","guid":{"rendered":"https:\/\/psychosomatik-krause.de\/?page_id=15841"},"modified":"2026-03-03T13:49:08","modified_gmt":"2026-03-03T12:49:08","slug":"unternehmensberatung-forum","status":"publish","type":"page","link":"https:\/\/psychosomatik-krause.de\/en\/unternehmensberatung-forum","title":{"rendered":"Unternehmensforum"},"content":{"rendered":"<div data-elementor-type=\"wp-page\" data-elementor-id=\"15841\" class=\"elementor elementor-15841\" data-elementor-post-type=\"page\">\n\t\t\t\t\t\t<section class=\"elementor-section elementor-top-section elementor-element elementor-element-170099c elementor-section-boxed elementor-section-height-default elementor-section-height-default\" data-id=\"170099c\" data-element_type=\"section\" data-e-type=\"section\">\n\t\t\t\t\t\t<div class=\"elementor-container elementor-column-gap-default\">\n\t\t\t\t\t<div class=\"elementor-column elementor-col-100 elementor-top-column elementor-element elementor-element-5313c98\" data-id=\"5313c98\" data-element_type=\"column\" data-e-type=\"column\">\n\t\t\t<div class=\"elementor-widget-wrap elementor-element-populated\">\n\t\t\t\t\t\t<div class=\"elementor-element elementor-element-c0957a3 elementor-widget elementor-widget-heading\" data-id=\"c0957a3\" data-element_type=\"widget\" data-e-type=\"widget\" data-widget_type=\"heading.default\">\n\t\t\t\t<div class=\"elementor-widget-container\">\n\t\t\t\t\t<h2 class=\"elementor-heading-title elementor-size-default\">Forum f\u00fcr Unternehmensberatung f\u00fcr selbstst\u00e4ndige Gesundheitsberufe<\/h2>\t\t\t\t<\/div>\n\t\t\t\t<\/div>\n\t\t\t\t<div class=\"elementor-element elementor-element-4358027 elementor-widget elementor-widget-text-editor\" data-id=\"4358027\" data-element_type=\"widget\" data-e-type=\"widget\" data-widget_type=\"text-editor.default\">\n\t\t\t\t<div class=\"elementor-widget-container\">\n\t\t\t\t\t\t\t\t\t<p data-start=\"992\" data-end=\"1138\"><strong data-start=\"992\" data-end=\"1065\">Willkommen im Unternehmensforum f\u00fcr selbstst\u00e4ndige Gesundheitsberufe.<\/strong><br data-start=\"1065\" data-end=\"1068\" \/>Hier geht es nicht um \u201emehr arbeiten\u201c, sondern um <strong data-start=\"1118\" data-end=\"1137\">kl\u00fcger aufbauen<\/strong>.<\/p><p data-start=\"1140\" data-end=\"1535\">Dieses Forum ist f\u00fcr Therapeut:innen und Heilberufe, die genug davon haben, ihre Zeit ausschlie\u00dflich 1:1 zu verkaufen \u2013 und stattdessen <strong data-start=\"1276\" data-end=\"1331\">digitale, automatisierte und skalierbare Strukturen<\/strong> entwickeln wollen.<br data-start=\"1350\" data-end=\"1353\" \/>Ob Online-Angebote, Prozessautomatisierung, Positionierung oder unternehmerisches Denken im Gesundheitswesen:<br data-start=\"1462\" data-end=\"1465\" \/>Hier lernen Sie, wie aus einer Praxis ein <strong data-start=\"1507\" data-end=\"1529\">echtes Unternehmen<\/strong> wird.<\/p>\t\t\t\t\t\t\t\t<\/div>\n\t\t\t\t<\/div>\n\t\t\t\t<div class=\"elementor-element elementor-element-5afea4b elementor-widget elementor-widget-button\" data-id=\"5afea4b\" data-element_type=\"widget\" data-e-type=\"widget\" data-widget_type=\"button.default\">\n\t\t\t\t<div class=\"elementor-widget-container\">\n\t\t\t\t\t\t\t\t\t<div class=\"elementor-button-wrapper\">\n\t\t\t\t\t<a class=\"elementor-button elementor-button-link elementor-size-sm\" href=\"\/en\/unternehmensberatung-selbststaendige\/\">\n\t\t\t\t\t\t<span class=\"elementor-button-content-wrapper\">\n\t\t\t\t\t\t\t\t\t<span class=\"elementor-button-text\">Zu Krause Consulting<\/span>\n\t\t\t\t\t<\/span>\n\t\t\t\t\t<\/a>\n\t\t\t\t<\/div>\n\t\t\t\t\t\t\t\t<\/div>\n\t\t\t\t<\/div>\n\t\t\t\t\t<\/div>\n\t\t<\/div>\n\t\t\t\t\t<\/div>\n\t\t<\/section>\n\t\t\t\t<section class=\"elementor-section elementor-top-section elementor-element elementor-element-52d6e5c elementor-section-boxed elementor-section-height-default elementor-section-height-default\" data-id=\"52d6e5c\" data-element_type=\"section\" data-e-type=\"section\">\n\t\t\t\t\t\t<div class=\"elementor-container elementor-column-gap-default\">\n\t\t\t\t\t<div class=\"elementor-column elementor-col-100 elementor-top-column elementor-element elementor-element-4900ced\" data-id=\"4900ced\" data-element_type=\"column\" data-e-type=\"column\">\n\t\t\t<div class=\"elementor-widget-wrap elementor-element-populated\">\n\t\t\t\t\t\t<div class=\"elementor-element elementor-element-53cff2b elementor-widget elementor-widget-heading\" data-id=\"53cff2b\" data-element_type=\"widget\" data-e-type=\"widget\" data-widget_type=\"heading.default\">\n\t\t\t\t<div class=\"elementor-widget-container\">\n\t\t\t\t\t<h2 class=\"elementor-heading-title elementor-size-default\">Raus aus dem Kassensystem, TI-Zwang &amp; Fremdbestimmung<\/h2>\t\t\t\t<\/div>\n\t\t\t\t<\/div>\n\t\t\t\t<div class=\"elementor-element elementor-element-3e1e54a elementor-widget elementor-widget-text-editor\" data-id=\"3e1e54a\" data-element_type=\"widget\" data-e-type=\"widget\" data-widget_type=\"text-editor.default\">\n\t\t\t\t<div class=\"elementor-widget-container\">\n\t\t\t\t\t\t\t\t\t<p>In diesem Video gebe ich dir neue perspektiven f\u00fcr deine berufliche Weiterentwicklung &#8211; vor allem, wenn du alternativen zum Kassensystem und der TI-Anschlusspflicht suchst und endlich wieder selbstbestimmt und vor allem fair bezahlt ein nachhaltiges Business aufbauen m\u00f6chtest.\u00a0<\/p>\t\t\t\t\t\t\t\t<\/div>\n\t\t\t\t<\/div>\n\t\t\t\t<div class=\"elementor-element elementor-element-f3d9cf6 elementor-widget elementor-widget-video\" data-id=\"f3d9cf6\" data-element_type=\"widget\" data-e-type=\"widget\" data-settings=\"{&quot;youtube_url&quot;:&quot;https:\\\/\\\/youtu.be\\\/ECA_sSaBIZ8?si=pyFc8XlxpzK7CfHG&quot;,&quot;video_type&quot;:&quot;youtube&quot;,&quot;controls&quot;:&quot;yes&quot;}\" data-widget_type=\"video.default\">\n\t\t\t\t<div class=\"elementor-widget-container\">\n\t\t\t\t\t\t\t<div class=\"elementor-wrapper elementor-open-inline\">\n\t\t\t<div class=\"elementor-video\"><\/div>\t\t<\/div>\n\t\t\t\t\t\t<\/div>\n\t\t\t\t<\/div>\n\t\t\t\t\t<\/div>\n\t\t<\/div>\n\t\t\t\t\t<\/div>\n\t\t<\/section>\n\t\t\t\t<section class=\"elementor-section elementor-top-section elementor-element elementor-element-c99e27c elementor-section-boxed elementor-section-height-default elementor-section-height-default\" data-id=\"c99e27c\" data-element_type=\"section\" data-e-type=\"section\">\n\t\t\t\t\t\t<div class=\"elementor-container elementor-column-gap-default\">\n\t\t\t\t\t<div class=\"elementor-column elementor-col-100 elementor-top-column elementor-element elementor-element-4e92b17\" data-id=\"4e92b17\" data-element_type=\"column\" data-e-type=\"column\">\n\t\t\t<div class=\"elementor-widget-wrap elementor-element-populated\">\n\t\t\t\t\t\t<div class=\"elementor-element elementor-element-f984048 elementor-widget elementor-widget-heading\" data-id=\"f984048\" data-element_type=\"widget\" data-e-type=\"widget\" data-widget_type=\"heading.default\">\n\t\t\t\t<div class=\"elementor-widget-container\">\n\t\t\t\t\t<h2 class=\"elementor-heading-title elementor-size-default\">Warum externe Onlineshops deinem Business schaden<\/h2>\t\t\t\t<\/div>\n\t\t\t\t<\/div>\n\t\t\t\t<div class=\"elementor-element elementor-element-ba963f0 elementor-widget elementor-widget-text-editor\" data-id=\"ba963f0\" data-element_type=\"widget\" data-e-type=\"widget\" data-widget_type=\"text-editor.default\">\n\t\t\t\t<div class=\"elementor-widget-container\">\n\t\t\t\t\t\t\t\t\t<p>In diesem Video erkl\u00e4re ich dir Grundlagen und Unterschiede zwischen externen Webshops und einem integrierten Webshop in deine Webseite und wieso das f\u00fcr nachhaltige Aquise und Kundengewinnung wichtig ist.<\/p>\t\t\t\t\t\t\t\t<\/div>\n\t\t\t\t<\/div>\n\t\t\t\t<div class=\"elementor-element elementor-element-e32b03b elementor-widget elementor-widget-video\" data-id=\"e32b03b\" data-element_type=\"widget\" data-e-type=\"widget\" data-settings=\"{&quot;youtube_url&quot;:&quot;https:\\\/\\\/youtu.be\\\/5_aCBGRs7Ck?si=4m51mBtCFJilmgtp&quot;,&quot;video_type&quot;:&quot;youtube&quot;,&quot;controls&quot;:&quot;yes&quot;}\" data-widget_type=\"video.default\">\n\t\t\t\t<div class=\"elementor-widget-container\">\n\t\t\t\t\t\t\t<div class=\"elementor-wrapper elementor-open-inline\">\n\t\t\t<div class=\"elementor-video\"><\/div>\t\t<\/div>\n\t\t\t\t\t\t<\/div>\n\t\t\t\t<\/div>\n\t\t\t\t<div class=\"elementor-element elementor-element-dbf1846 elementor-widget elementor-widget-heading\" data-id=\"dbf1846\" data-element_type=\"widget\" data-e-type=\"widget\" data-widget_type=\"heading.default\">\n\t\t\t\t<div class=\"elementor-widget-container\">\n\t\t\t\t\t<h2 class=\"elementor-heading-title elementor-size-default\">Wie das Kassensystem Therapeuten kaputt macht<\/h2>\t\t\t\t<\/div>\n\t\t\t\t<\/div>\n\t\t\t\t<div class=\"elementor-element elementor-element-ac39752 elementor-widget elementor-widget-text-editor\" data-id=\"ac39752\" data-element_type=\"widget\" data-e-type=\"widget\" data-widget_type=\"text-editor.default\">\n\t\t\t\t<div class=\"elementor-widget-container\">\n\t\t\t\t\t\t\t\t\t<p>In diesem Video besprechen wir, wie du dich au\u00dferhalb des Kassensystems neu erfinden und eine gesunde und erf\u00fcllende berufliche Laufbahn nach deinen Vorstellungen aufbauen kannst.<\/p>\t\t\t\t\t\t\t\t<\/div>\n\t\t\t\t<\/div>\n\t\t\t\t<div class=\"elementor-element elementor-element-4a29123 elementor-widget elementor-widget-video\" data-id=\"4a29123\" data-element_type=\"widget\" data-e-type=\"widget\" data-settings=\"{&quot;youtube_url&quot;:&quot;https:\\\/\\\/youtu.be\\\/lZDxKIKDe5U?si=3CRLZmkz3QZwjMaO&quot;,&quot;video_type&quot;:&quot;youtube&quot;,&quot;controls&quot;:&quot;yes&quot;}\" data-widget_type=\"video.default\">\n\t\t\t\t<div class=\"elementor-widget-container\">\n\t\t\t\t\t\t\t<div class=\"elementor-wrapper elementor-open-inline\">\n\t\t\t<div class=\"elementor-video\"><\/div>\t\t<\/div>\n\t\t\t\t\t\t<\/div>\n\t\t\t\t<\/div>\n\t\t\t\t<div class=\"elementor-element elementor-element-6066e38 elementor-widget elementor-widget-heading\" data-id=\"6066e38\" data-element_type=\"widget\" data-e-type=\"widget\" data-widget_type=\"heading.default\">\n\t\t\t\t<div class=\"elementor-widget-container\">\n\t\t\t\t\t<h2 class=\"elementor-heading-title elementor-size-default\">Seminare &amp; online  - Angebote professionell umsetzen - ohne Flyer &amp; Empfehlungen<\/h2>\t\t\t\t<\/div>\n\t\t\t\t<\/div>\n\t\t\t\t<div class=\"elementor-element elementor-element-bf63263 elementor-widget elementor-widget-text-editor\" data-id=\"bf63263\" data-element_type=\"widget\" data-e-type=\"widget\" data-widget_type=\"text-editor.default\">\n\t\t\t\t<div class=\"elementor-widget-container\">\n\t\t\t\t\t\t\t\t\t<p>In diesem Video besprechen wir, wie du dein Herzensprojekt online, skalierbar und ohne auf Empfehlungen und Flyer angewiesen zu sein nach modernen Businessstandards umsetzen kannst.<\/p>\t\t\t\t\t\t\t\t<\/div>\n\t\t\t\t<\/div>\n\t\t\t\t<div class=\"elementor-element elementor-element-7742dd2 elementor-widget elementor-widget-video\" data-id=\"7742dd2\" data-element_type=\"widget\" data-e-type=\"widget\" data-settings=\"{&quot;youtube_url&quot;:&quot;https:\\\/\\\/youtu.be\\\/YoWfYLG7DOA?si=UdEmI_12GjEhmRH2&quot;,&quot;video_type&quot;:&quot;youtube&quot;,&quot;controls&quot;:&quot;yes&quot;}\" data-widget_type=\"video.default\">\n\t\t\t\t<div class=\"elementor-widget-container\">\n\t\t\t\t\t\t\t<div class=\"elementor-wrapper elementor-open-inline\">\n\t\t\t<div class=\"elementor-video\"><\/div>\t\t<\/div>\n\t\t\t\t\t\t<\/div>\n\t\t\t\t<\/div>\n\t\t\t\t\t<\/div>\n\t\t<\/div>\n\t\t\t\t\t<\/div>\n\t\t<\/section>\n\t\t\t\t<section class=\"elementor-section elementor-top-section elementor-element elementor-element-b07bd65 elementor-section-boxed elementor-section-height-default elementor-section-height-default\" data-id=\"b07bd65\" data-element_type=\"section\" data-e-type=\"section\">\n\t\t\t\t\t\t<div class=\"elementor-container elementor-column-gap-default\">\n\t\t\t\t\t<div class=\"elementor-column elementor-col-100 elementor-top-column elementor-element elementor-element-94d3245\" data-id=\"94d3245\" data-element_type=\"column\" data-e-type=\"column\">\n\t\t\t<div class=\"elementor-widget-wrap elementor-element-populated\">\n\t\t\t\t\t\t<div class=\"elementor-element elementor-element-e74dce8 elementor-widget elementor-widget-heading\" data-id=\"e74dce8\" data-element_type=\"widget\" data-e-type=\"widget\" data-widget_type=\"heading.default\">\n\t\t\t\t<div class=\"elementor-widget-container\">\n\t\t\t\t\t<h2 class=\"elementor-heading-title elementor-size-default\">Beitr\u00e4ge zum Thema<\/h2>\t\t\t\t<\/div>\n\t\t\t\t<\/div>\n\t\t\t\t\t<\/div>\n\t\t<\/div>\n\t\t\t\t\t<\/div>\n\t\t<\/section>\n\t\t\t\t<section class=\"elementor-section elementor-top-section elementor-element elementor-element-b7377a2 elementor-section-boxed elementor-section-height-default elementor-section-height-default\" data-id=\"b7377a2\" data-element_type=\"section\" data-e-type=\"section\">\n\t\t\t\t\t\t<div class=\"elementor-container elementor-column-gap-default\">\n\t\t\t\t\t<div class=\"elementor-column elementor-col-100 elementor-top-column elementor-element elementor-element-352f520\" data-id=\"352f520\" data-element_type=\"column\" data-e-type=\"column\">\n\t\t\t<div class=\"elementor-widget-wrap elementor-element-populated\">\n\t\t\t\t\t\t<div class=\"elementor-element elementor-element-8ebb244 elementor-grid-3 elementor-grid-tablet-2 elementor-grid-mobile-1 elementor-posts--thumbnail-top elementor-widget elementor-widget-posts\" data-id=\"8ebb244\" data-element_type=\"widget\" data-e-type=\"widget\" data-settings=\"{&quot;classic_columns&quot;:&quot;3&quot;,&quot;classic_columns_tablet&quot;:&quot;2&quot;,&quot;classic_columns_mobile&quot;:&quot;1&quot;,&quot;classic_row_gap&quot;:{&quot;unit&quot;:&quot;px&quot;,&quot;size&quot;:35,&quot;sizes&quot;:[]},&quot;classic_row_gap_tablet&quot;:{&quot;unit&quot;:&quot;px&quot;,&quot;size&quot;:&quot;&quot;,&quot;sizes&quot;:[]},&quot;classic_row_gap_mobile&quot;:{&quot;unit&quot;:&quot;px&quot;,&quot;size&quot;:&quot;&quot;,&quot;sizes&quot;:[]}}\" data-widget_type=\"posts.classic\">\n\t\t\t\t<div class=\"elementor-widget-container\">\n\t\t\t\t\t\t\t<div class=\"elementor-posts-container elementor-posts elementor-posts--skin-classic elementor-grid\" role=\"list\">\n\t\t\t\t<article class=\"elementor-post elementor-grid-item post-16480 post type-post status-publish format-standard has-post-thumbnail hentry category-unternehmertum\" role=\"listitem\">\n\t\t\t\t<a class=\"elementor-post__thumbnail__link\" href=\"https:\/\/psychosomatik-krause.de\/en\/2026\/02\/neue-perspektiven-fuer-gesundheitsberufe\" tabindex=\"-1\" >\n\t\t\t<div class=\"elementor-post__thumbnail\"><img fetchpriority=\"high\" decoding=\"async\" width=\"300\" height=\"200\" src=\"https:\/\/psychosomatik-krause.de\/wp-content\/uploads\/2026\/02\/neue-perspektiven-in-unsicheren-zeiten-300x200.webp\" class=\"attachment-medium size-medium wp-image-16482\" alt=\"\" srcset=\"https:\/\/psychosomatik-krause.de\/wp-content\/uploads\/2026\/02\/neue-perspektiven-in-unsicheren-zeiten-300x200.webp 300w, https:\/\/psychosomatik-krause.de\/wp-content\/uploads\/2026\/02\/neue-perspektiven-in-unsicheren-zeiten-1024x683.webp 1024w, https:\/\/psychosomatik-krause.de\/wp-content\/uploads\/2026\/02\/neue-perspektiven-in-unsicheren-zeiten-768x512.webp 768w, https:\/\/psychosomatik-krause.de\/wp-content\/uploads\/2026\/02\/neue-perspektiven-in-unsicheren-zeiten-18x12.webp 18w, https:\/\/psychosomatik-krause.de\/wp-content\/uploads\/2026\/02\/neue-perspektiven-in-unsicheren-zeiten-600x400.webp 600w, https:\/\/psychosomatik-krause.de\/wp-content\/uploads\/2026\/02\/neue-perspektiven-in-unsicheren-zeiten.webp 1536w\" sizes=\"(max-width: 300px) 100vw, 300px\" \/><\/div>\n\t\t<\/a>\n\t\t\t\t<div class=\"elementor-post__text\">\n\t\t\t\t<h3 class=\"elementor-post__title\">\n\t\t\t<a href=\"https:\/\/psychosomatik-krause.de\/en\/2026\/02\/neue-perspektiven-fuer-gesundheitsberufe\" >\n\t\t\t\tNeue berufliche Perspektiven in unsicheren Zeiten\t\t\t<\/a>\n\t\t<\/h3>\n\t\t\t\t<div class=\"elementor-post__meta-data\">\n\t\t\t\t\t<span class=\"elementor-post-date\">\n\t\t\t18. February 2026\t\t<\/span>\n\t\t\t\t<span class=\"elementor-post-avatar\">\n\t\t\tNo Comments\t\t<\/span>\n\t\t\t\t<\/div>\n\t\t\n\t\t<a class=\"elementor-post__read-more\" href=\"https:\/\/psychosomatik-krause.de\/en\/2026\/02\/neue-perspektiven-fuer-gesundheitsberufe\" aria-label=\"Read more about Neue berufliche Perspektiven in unsicheren Zeiten\" tabindex=\"-1\" >\n\t\t\tWeiterlesen \u00bb\t\t<\/a>\n\n\t\t\t\t<\/div>\n\t\t\t\t<\/article>\n\t\t\t\t<\/div>\n\t\t\n\t\t\t\t\t\t<\/div>\n\t\t\t\t<\/div>\n\t\t\t\t\t<\/div>\n\t\t<\/div>\n\t\t\t\t\t<\/div>\n\t\t<\/section>\n\t\t\t\t<\/div>","protected":false},"excerpt":{"rendered":"<p>Forum f\u00fcr Unternehmensberatung f\u00fcr selbstst\u00e4ndige Gesundheitsberufe Willkommen im Unternehmensforum f\u00fcr selbstst\u00e4ndige Gesundheitsberufe.Hier geht es nicht um \u201emehr arbeiten\u201c, sondern um<\/p>","protected":false},"author":2,"featured_media":0,"parent":0,"menu_order":0,"comment_status":"closed","ping_status":"closed","template":"","meta":{"site-sidebar-layout":"no-sidebar","site-content-layout":"page-builder","ast-site-content-layout":"full-width-container","site-content-style":"default","site-sidebar-style":"default","ast-global-header-display":"","ast-banner-title-visibility":"","ast-main-header-display":"","ast-hfb-above-header-display":"","ast-hfb-below-header-display":"","ast-hfb-mobile-header-display":"","site-post-title":"disabled","ast-breadcrumbs-content":"","ast-featured-img":"disabled","footer-sml-layout":"","ast-disable-related-posts":"","theme-transparent-header-meta":"","adv-header-id-meta":"","stick-header-meta":"","header-above-stick-meta":"","header-main-stick-meta":"","header-below-stick-meta":"","astra-migrate-meta-layouts":"set","ast-page-background-enabled":"default","ast-page-background-meta":{"desktop":{"background-color":"var(--ast-global-color-4)","background-image":"","background-repeat":"repeat","background-position":"center center","background-size":"auto","background-attachment":"scroll","background-type":"","background-media":"","overlay-type":"","overlay-color":"","overlay-opacity":"","overlay-gradient":""},"tablet":{"background-color":"","background-image":"","background-repeat":"repeat","background-position":"center center","background-size":"auto","background-attachment":"scroll","background-type":"","background-media":"","overlay-type":"","overlay-color":"","overlay-opacity":"","overlay-gradient":""},"mobile":{"background-color":"","background-image":"","background-repeat":"repeat","background-position":"center center","background-size":"auto","background-attachment":"scroll","background-type":"","background-media":"","overlay-type":"","overlay-color":"","overlay-opacity":"","overlay-gradient":""}},"ast-content-background-meta":{"desktop":{"background-color":"var(--ast-global-color-5)","background-image":"","background-repeat":"repeat","background-position":"center center","background-size":"auto","background-attachment":"scroll","background-type":"","background-media":"","overlay-type":"","overlay-color":"","overlay-opacity":"","overlay-gradient":""},"tablet":{"background-color":"var(--ast-global-color-5)","background-image":"","background-repeat":"repeat","background-position":"center center","background-size":"auto","background-attachment":"scroll","background-type":"","background-media":"","overlay-type":"","overlay-color":"","overlay-opacity":"","overlay-gradient":""},"mobile":{"background-color":"var(--ast-global-color-5)","background-image":"","background-repeat":"repeat","background-position":"center center","background-size":"auto","background-attachment":"scroll","background-type":"","background-media":"","overlay-type":"","overlay-color":"","overlay-opacity":"","overlay-gradient":""}},"footnotes":""},"class_list":["post-15841","page","type-page","status-publish","hentry"],"jetpack_sharing_enabled":true,"_links":{"self":[{"href":"https:\/\/psychosomatik-krause.de\/en\/wp-json\/wp\/v2\/pages\/15841","targetHints":{"allow":["GET"]}}],"collection":[{"href":"https:\/\/psychosomatik-krause.de\/en\/wp-json\/wp\/v2\/pages"}],"about":[{"href":"https:\/\/psychosomatik-krause.de\/en\/wp-json\/wp\/v2\/types\/page"}],"author":[{"embeddable":true,"href":"https:\/\/psychosomatik-krause.de\/en\/wp-json\/wp\/v2\/users\/2"}],"replies":[{"embeddable":true,"href":"https:\/\/psychosomatik-krause.de\/en\/wp-json\/wp\/v2\/comments?post=15841"}],"version-history":[{"count":34,"href":"https:\/\/psychosomatik-krause.de\/en\/wp-json\/wp\/v2\/pages\/15841\/revisions"}],"predecessor-version":[{"id":16891,"href":"https:\/\/psychosomatik-krause.de\/en\/wp-json\/wp\/v2\/pages\/15841\/revisions\/16891"}],"wp:attachment":[{"href":"https:\/\/psychosomatik-krause.de\/en\/wp-json\/wp\/v2\/media?parent=15841"}],"curies":[{"name":"wp","href":"https:\/\/api.w.org\/{rel}","templated":true}]}}