{"id":15449,"date":"2026-01-20T20:32:02","date_gmt":"2026-01-20T19:32:02","guid":{"rendered":"https:\/\/psychosomatik-krause.de\/?page_id=15449"},"modified":"2026-02-12T14:28:19","modified_gmt":"2026-02-12T13:28:19","slug":"psychosomatik-krause-forum-akademie","status":"publish","type":"page","link":"https:\/\/psychosomatik-krause.de\/en\/psychosomatik-krause-forum-akademie","title":{"rendered":"Psychosomatik Krause &#8211; Forum Akademie"},"content":{"rendered":"<div data-elementor-type=\"wp-page\" data-elementor-id=\"15449\" class=\"elementor elementor-15449\" data-elementor-post-type=\"page\">\n\t\t\t\t\t\t<section class=\"elementor-section elementor-top-section elementor-element elementor-element-ba74e78 elementor-section-boxed elementor-section-height-default elementor-section-height-default\" data-id=\"ba74e78\" data-element_type=\"section\" data-e-type=\"section\">\n\t\t\t\t\t\t<div class=\"elementor-container elementor-column-gap-default\">\n\t\t\t\t\t<div class=\"elementor-column elementor-col-100 elementor-top-column elementor-element elementor-element-7342949\" data-id=\"7342949\" data-element_type=\"column\" data-e-type=\"column\">\n\t\t\t<div class=\"elementor-widget-wrap elementor-element-populated\">\n\t\t\t\t\t\t<div class=\"elementor-element elementor-element-63de50a elementor-widget elementor-widget-heading\" data-id=\"63de50a\" data-element_type=\"widget\" data-e-type=\"widget\" data-widget_type=\"heading.default\">\n\t\t\t\t<div class=\"elementor-widget-container\">\n\t\t\t\t\t<h1 class=\"elementor-heading-title elementor-size-default\">Akademieforum Psychosomatik Krause f\u00fcr Fachkr\u00e4fte<\/h1>\t\t\t\t<\/div>\n\t\t\t\t<\/div>\n\t\t\t\t\t<\/div>\n\t\t<\/div>\n\t\t\t\t\t<\/div>\n\t\t<\/section>\n\t\t\t\t<section class=\"elementor-section elementor-top-section elementor-element elementor-element-d40c4a1 elementor-section-boxed elementor-section-height-default elementor-section-height-default\" data-id=\"d40c4a1\" data-element_type=\"section\" data-e-type=\"section\">\n\t\t\t\t\t\t<div class=\"elementor-container elementor-column-gap-default\">\n\t\t\t\t\t<div class=\"elementor-column elementor-col-100 elementor-top-column elementor-element elementor-element-ac7f8f8\" data-id=\"ac7f8f8\" data-element_type=\"column\" data-e-type=\"column\">\n\t\t\t<div class=\"elementor-widget-wrap elementor-element-populated\">\n\t\t\t\t\t\t<div class=\"elementor-element elementor-element-cf4a54c elementor-widget elementor-widget-text-editor\" data-id=\"cf4a54c\" data-element_type=\"widget\" data-e-type=\"widget\" data-widget_type=\"text-editor.default\">\n\t\t\t\t<div class=\"elementor-widget-container\">\n\t\t\t\t\t\t\t\t\t<p>Willkommen im Akademieforum von Psychosomatik Krause. Hier findest Du Videos und Beitr\u00e4ge rund um das Thema psychosomatische Weiterbildung f\u00fcr Fachkr\u00e4fte<\/p>\t\t\t\t\t\t\t\t<\/div>\n\t\t\t\t<\/div>\n\t\t\t\t\t<\/div>\n\t\t<\/div>\n\t\t\t\t\t<\/div>\n\t\t<\/section>\n\t\t\t\t<section class=\"elementor-section elementor-top-section elementor-element elementor-element-67fbc98 elementor-section-boxed elementor-section-height-default elementor-section-height-default\" data-id=\"67fbc98\" data-element_type=\"section\" data-e-type=\"section\">\n\t\t\t\t\t\t<div class=\"elementor-container elementor-column-gap-default\">\n\t\t\t\t\t<div class=\"elementor-column elementor-col-100 elementor-top-column elementor-element elementor-element-3f17740\" data-id=\"3f17740\" data-element_type=\"column\" data-e-type=\"column\">\n\t\t\t<div class=\"elementor-widget-wrap elementor-element-populated\">\n\t\t\t\t\t\t<div class=\"elementor-element elementor-element-b6b9e75 elementor-widget elementor-widget-heading\" data-id=\"b6b9e75\" data-element_type=\"widget\" data-e-type=\"widget\" data-widget_type=\"heading.default\">\n\t\t\t\t<div class=\"elementor-widget-container\">\n\t\t\t\t\t<h2 class=\"elementor-heading-title elementor-size-default\">Psychosomatik nach ONPT\u00a9 - systemisch, ganzheitlich &amp; individuell<\/h2>\t\t\t\t<\/div>\n\t\t\t\t<\/div>\n\t\t\t\t<div class=\"elementor-element elementor-element-02a77cf elementor-widget elementor-widget-heading\" data-id=\"02a77cf\" data-element_type=\"widget\" data-e-type=\"widget\" data-widget_type=\"heading.default\">\n\t\t\t\t<div class=\"elementor-widget-container\">\n\t\t\t\t\t<h3 class=\"elementor-heading-title elementor-size-default\">Psychische und psychosoziale Themen als Physiotherapeut und Heilpraktiker sicher begleiten<\/h3>\t\t\t\t<\/div>\n\t\t\t\t<\/div>\n\t\t\t\t<div class=\"elementor-element elementor-element-0379b59 elementor-widget elementor-widget-text-editor\" data-id=\"0379b59\" data-element_type=\"widget\" data-e-type=\"widget\" data-widget_type=\"text-editor.default\">\n\t\t\t\t<div class=\"elementor-widget-container\">\n\t\t\t\t\t\t\t\t\t<p>In diesem Video erf\u00e4hrst Du, wie Du psychische und psychosoziale Themen Deiner Patienten sicher und souver\u00e4n in Deine Behandlung integrieren kannst und Unsicherheiten eigene Unsicherheit bew\u00e4ltigen kannst.<\/p>\t\t\t\t\t\t\t\t<\/div>\n\t\t\t\t<\/div>\n\t\t\t\t<div class=\"elementor-element elementor-element-33d757a elementor-widget__width-initial elementor-widget elementor-widget-video\" data-id=\"33d757a\" data-element_type=\"widget\" data-e-type=\"widget\" data-settings=\"{&quot;youtube_url&quot;:&quot;https:\\\/\\\/youtu.be\\\/JqNw65XQ-TE?si=lqCkORYeUIbIfKYC&quot;,&quot;video_type&quot;:&quot;youtube&quot;,&quot;controls&quot;:&quot;yes&quot;}\" data-widget_type=\"video.default\">\n\t\t\t\t<div class=\"elementor-widget-container\">\n\t\t\t\t\t\t\t<div class=\"elementor-wrapper elementor-open-inline\">\n\t\t\t<div class=\"elementor-video\"><\/div>\t\t<\/div>\n\t\t\t\t\t\t<\/div>\n\t\t\t\t<\/div>\n\t\t\t\t<div class=\"elementor-element elementor-element-9d1f1be elementor-widget elementor-widget-spacer\" data-id=\"9d1f1be\" data-element_type=\"widget\" data-e-type=\"widget\" data-widget_type=\"spacer.default\">\n\t\t\t\t<div class=\"elementor-widget-container\">\n\t\t\t\t\t\t\t<div class=\"elementor-spacer\">\n\t\t\t<div class=\"elementor-spacer-inner\"><\/div>\n\t\t<\/div>\n\t\t\t\t\t\t<\/div>\n\t\t\t\t<\/div>\n\t\t\t\t<div class=\"elementor-element elementor-element-aaed16c elementor-widget elementor-widget-heading\" data-id=\"aaed16c\" data-element_type=\"widget\" data-e-type=\"widget\" data-widget_type=\"heading.default\">\n\t\t\t\t<div class=\"elementor-widget-container\">\n\t\t\t\t\t<h3 class=\"elementor-heading-title elementor-size-default\">Psychosomatik als Perspektive: berufliche Weiterbildung &amp; Spezialisierung<\/h3>\t\t\t\t<\/div>\n\t\t\t\t<\/div>\n\t\t\t\t<div class=\"elementor-element elementor-element-2442f72 elementor-widget elementor-widget-text-editor\" data-id=\"2442f72\" data-element_type=\"widget\" data-e-type=\"widget\" data-widget_type=\"text-editor.default\">\n\t\t\t\t<div class=\"elementor-widget-container\">\n\t\t\t\t\t\t\t\t\t<p>In diesem Video erkl\u00e4re ich, wie Du als angehende oder bereits etablierte Fachkraft tiefer in die faszinierende Welt der Psychosomatik einsteigen kannst &#8211; als Vertiefung oder neuen Weg deiner spezialisierten psychosomatischen Fachpraxis.<\/p>\t\t\t\t\t\t\t\t<\/div>\n\t\t\t\t<\/div>\n\t\t\t\t<div class=\"elementor-element elementor-element-d1da424 elementor-widget elementor-widget-video\" data-id=\"d1da424\" data-element_type=\"widget\" data-e-type=\"widget\" data-settings=\"{&quot;youtube_url&quot;:&quot;https:\\\/\\\/youtu.be\\\/sL9xlJZ_bFo?si=zKaPzqmwwy-zY63e&quot;,&quot;video_type&quot;:&quot;youtube&quot;,&quot;controls&quot;:&quot;yes&quot;}\" data-widget_type=\"video.default\">\n\t\t\t\t<div class=\"elementor-widget-container\">\n\t\t\t\t\t\t\t<div class=\"elementor-wrapper elementor-open-inline\">\n\t\t\t<div class=\"elementor-video\"><\/div>\t\t<\/div>\n\t\t\t\t\t\t<\/div>\n\t\t\t\t<\/div>\n\t\t\t\t<div class=\"elementor-element elementor-element-36d5593 elementor-widget elementor-widget-heading\" data-id=\"36d5593\" data-element_type=\"widget\" data-e-type=\"widget\" data-widget_type=\"heading.default\">\n\t\t\t\t<div class=\"elementor-widget-container\">\n\t\t\t\t\t<h3 class=\"elementor-heading-title elementor-size-default\">Was Symptome uns sagen wollen - die Haltung hinter psychosomatischer Arbeit<\/h3>\t\t\t\t<\/div>\n\t\t\t\t<\/div>\n\t\t\t\t<div class=\"elementor-element elementor-element-9085a54 elementor-widget elementor-widget-text-editor\" data-id=\"9085a54\" data-element_type=\"widget\" data-e-type=\"widget\" data-widget_type=\"text-editor.default\">\n\t\t\t\t<div class=\"elementor-widget-container\">\n\t\t\t\t\t\t\t\t\t<p>In diesem Video gehen wir auf die Grundhaltungen der ONPT ein, welche uns neue Perspektiven auf k\u00f6rperlich-seelische Beschwerden erm\u00f6glichen, um damit mehr nachhaltige Gesundheit f\u00fcr unsere Patienten und uns selbst zu schaffen.<\/p>\t\t\t\t\t\t\t\t<\/div>\n\t\t\t\t<\/div>\n\t\t\t\t<div class=\"elementor-element elementor-element-aa18e4a elementor-widget elementor-widget-video\" data-id=\"aa18e4a\" data-element_type=\"widget\" data-e-type=\"widget\" data-settings=\"{&quot;youtube_url&quot;:&quot;https:\\\/\\\/youtu.be\\\/isrOlQgppZI?si=h-YVqd9qpN88wzxA&quot;,&quot;video_type&quot;:&quot;youtube&quot;,&quot;controls&quot;:&quot;yes&quot;}\" data-widget_type=\"video.default\">\n\t\t\t\t<div class=\"elementor-widget-container\">\n\t\t\t\t\t\t\t<div class=\"elementor-wrapper elementor-open-inline\">\n\t\t\t<div class=\"elementor-video\"><\/div>\t\t<\/div>\n\t\t\t\t\t\t<\/div>\n\t\t\t\t<\/div>\n\t\t\t\t<div class=\"elementor-element elementor-element-74db3e3 elementor-widget elementor-widget-heading\" data-id=\"74db3e3\" data-element_type=\"widget\" data-e-type=\"widget\" data-widget_type=\"heading.default\">\n\t\t\t\t<div class=\"elementor-widget-container\">\n\t\t\t\t\t<h3 class=\"elementor-heading-title elementor-size-default\">Psychosomatik verstehen &amp; anwenden - neue Perspektiven f\u00fcr Gesundheitsberufe<\/h3>\t\t\t\t<\/div>\n\t\t\t\t<\/div>\n\t\t\t\t<div class=\"elementor-element elementor-element-a401d76 elementor-widget elementor-widget-text-editor\" data-id=\"a401d76\" data-element_type=\"widget\" data-e-type=\"widget\" data-widget_type=\"text-editor.default\">\n\t\t\t\t<div class=\"elementor-widget-container\">\n\t\t\t\t\t\t\t\t\t<p>In diesem Video erh\u00e4ltst Du tiefere Einblicke in die Welt der ganzheitlichen Psychosomatik. Wir besprechen M\u00f6glichkeiten zur beruflichen Weiterentwicklung und Spezialisierung.<\/p>\t\t\t\t\t\t\t\t<\/div>\n\t\t\t\t<\/div>\n\t\t\t\t<div class=\"elementor-element elementor-element-072df5a elementor-widget elementor-widget-video\" data-id=\"072df5a\" data-element_type=\"widget\" data-e-type=\"widget\" data-settings=\"{&quot;youtube_url&quot;:&quot;https:\\\/\\\/youtu.be\\\/VHpDV5l3I60?si=THQo1wVqAXtMa1QP&quot;,&quot;video_type&quot;:&quot;youtube&quot;,&quot;controls&quot;:&quot;yes&quot;}\" data-widget_type=\"video.default\">\n\t\t\t\t<div class=\"elementor-widget-container\">\n\t\t\t\t\t\t\t<div class=\"elementor-wrapper elementor-open-inline\">\n\t\t\t<div class=\"elementor-video\"><\/div>\t\t<\/div>\n\t\t\t\t\t\t<\/div>\n\t\t\t\t<\/div>\n\t\t\t\t<div class=\"elementor-element elementor-element-ef81486 elementor-widget elementor-widget-heading\" data-id=\"ef81486\" data-element_type=\"widget\" data-e-type=\"widget\" data-widget_type=\"heading.default\">\n\t\t\t\t<div class=\"elementor-widget-container\">\n\t\t\t\t\t<h3 class=\"elementor-heading-title elementor-size-default\">Entfalte Dein Potenzial als psychosomatische Fachkraft<\/h3>\t\t\t\t<\/div>\n\t\t\t\t<\/div>\n\t\t\t\t<div class=\"elementor-element elementor-element-1c198c0 elementor-widget elementor-widget-text-editor\" data-id=\"1c198c0\" data-element_type=\"widget\" data-e-type=\"widget\" data-widget_type=\"text-editor.default\">\n\t\t\t\t<div class=\"elementor-widget-container\">\n\t\t\t\t\t\t\t\t\t<p>Du p\u00fcrst irgendwie, dass Du einen besonderen Zugang zu deinen Patienten hast? Du sp\u00fcrst, wenn es Patienten schlecht geht und hast den Eindruck, dass Zusammenh\u00e4nge zwischen Schmerz und Psyche noch tiefer gehen? Dann liegt deine Zukunft vielleicht in deiner psychosomatischen Fachpraxis. In diesem Video erkl\u00e4re ich weitere Anzeichen, gebe dir Einblicke in meine Erfahrungen und gebe Dir Perspektiven f\u00fcr deine berufliche und pers\u00f6nliche Entwicklung.<\/p>\t\t\t\t\t\t\t\t<\/div>\n\t\t\t\t<\/div>\n\t\t\t\t<div class=\"elementor-element elementor-element-53e8a26 elementor-widget elementor-widget-video\" data-id=\"53e8a26\" data-element_type=\"widget\" data-e-type=\"widget\" data-settings=\"{&quot;youtube_url&quot;:&quot;https:\\\/\\\/youtu.be\\\/xAw8lXVj8RU?si=43XGZGmmT-HAY3u0&quot;,&quot;video_type&quot;:&quot;youtube&quot;,&quot;controls&quot;:&quot;yes&quot;}\" data-widget_type=\"video.default\">\n\t\t\t\t<div class=\"elementor-widget-container\">\n\t\t\t\t\t\t\t<div class=\"elementor-wrapper elementor-open-inline\">\n\t\t\t<div class=\"elementor-video\"><\/div>\t\t<\/div>\n\t\t\t\t\t\t<\/div>\n\t\t\t\t<\/div>\n\t\t\t\t<div class=\"elementor-element elementor-element-1eaf6f5 elementor-widget elementor-widget-heading\" data-id=\"1eaf6f5\" data-element_type=\"widget\" data-e-type=\"widget\" data-widget_type=\"heading.default\">\n\t\t\t\t<div class=\"elementor-widget-container\">\n\t\t\t\t\t<h4 class=\"elementor-heading-title elementor-size-default\">Beitr\u00e4ge zum Thema<\/h4>\t\t\t\t<\/div>\n\t\t\t\t<\/div>\n\t\t\t\t<div class=\"elementor-element elementor-element-e7b70b1 elementor-grid-3 elementor-grid-tablet-2 elementor-grid-mobile-1 elementor-posts--thumbnail-top elementor-widget elementor-widget-posts\" data-id=\"e7b70b1\" data-element_type=\"widget\" data-e-type=\"widget\" data-settings=\"{&quot;classic_columns&quot;:&quot;3&quot;,&quot;classic_columns_tablet&quot;:&quot;2&quot;,&quot;classic_columns_mobile&quot;:&quot;1&quot;,&quot;classic_row_gap&quot;:{&quot;unit&quot;:&quot;px&quot;,&quot;size&quot;:35,&quot;sizes&quot;:[]},&quot;classic_row_gap_tablet&quot;:{&quot;unit&quot;:&quot;px&quot;,&quot;size&quot;:&quot;&quot;,&quot;sizes&quot;:[]},&quot;classic_row_gap_mobile&quot;:{&quot;unit&quot;:&quot;px&quot;,&quot;size&quot;:&quot;&quot;,&quot;sizes&quot;:[]}}\" data-widget_type=\"posts.classic\">\n\t\t\t\t<div class=\"elementor-widget-container\">\n\t\t\t\t\t\t\t<div class=\"elementor-posts-container elementor-posts elementor-posts--skin-classic elementor-grid\" role=\"list\">\n\t\t\t\t<article class=\"elementor-post elementor-grid-item post-16348 post type-post status-publish format-standard has-post-thumbnail hentry category-allgemein\" role=\"listitem\">\n\t\t\t\t<a class=\"elementor-post__thumbnail__link\" href=\"https:\/\/psychosomatik-krause.de\/en\/2026\/02\/warum-klassische-weiterbildungen-oft-nicht-auf-die-realitaet-vorbereiten\" tabindex=\"-1\" >\n\t\t\t<div class=\"elementor-post__thumbnail\"><img fetchpriority=\"high\" decoding=\"async\" width=\"300\" height=\"200\" src=\"https:\/\/psychosomatik-krause.de\/wp-content\/uploads\/2026\/02\/weiterbildung-psychosomatik-300x200.webp\" class=\"attachment-medium size-medium wp-image-16378\" alt=\"\" srcset=\"https:\/\/psychosomatik-krause.de\/wp-content\/uploads\/2026\/02\/weiterbildung-psychosomatik-300x200.webp 300w, https:\/\/psychosomatik-krause.de\/wp-content\/uploads\/2026\/02\/weiterbildung-psychosomatik-1024x683.webp 1024w, https:\/\/psychosomatik-krause.de\/wp-content\/uploads\/2026\/02\/weiterbildung-psychosomatik-768x512.webp 768w, https:\/\/psychosomatik-krause.de\/wp-content\/uploads\/2026\/02\/weiterbildung-psychosomatik-18x12.webp 18w, https:\/\/psychosomatik-krause.de\/wp-content\/uploads\/2026\/02\/weiterbildung-psychosomatik-600x400.webp 600w, https:\/\/psychosomatik-krause.de\/wp-content\/uploads\/2026\/02\/weiterbildung-psychosomatik.webp 1536w\" sizes=\"(max-width: 300px) 100vw, 300px\" \/><\/div>\n\t\t<\/a>\n\t\t\t\t<div class=\"elementor-post__text\">\n\t\t\t\t<h5 class=\"elementor-post__title\">\n\t\t\t<a href=\"https:\/\/psychosomatik-krause.de\/en\/2026\/02\/warum-klassische-weiterbildungen-oft-nicht-auf-die-realitaet-vorbereiten\" >\n\t\t\t\tWarum klassische Weiterbildungen oft nicht auf die Realit\u00e4t vorbereiten\t\t\t<\/a>\n\t\t<\/h5>\n\t\t\t\t<div class=\"elementor-post__meta-data\">\n\t\t\t\t\t<span class=\"elementor-post-date\">\n\t\t\t11. February 2026\t\t<\/span>\n\t\t\t\t<span class=\"elementor-post-avatar\">\n\t\t\tNo Comments\t\t<\/span>\n\t\t\t\t<\/div>\n\t\t\n\t\t<a class=\"elementor-post__read-more\" href=\"https:\/\/psychosomatik-krause.de\/en\/2026\/02\/warum-klassische-weiterbildungen-oft-nicht-auf-die-realitaet-vorbereiten\" aria-label=\"Read more about Warum klassische Weiterbildungen oft nicht auf die Realit\u00e4t vorbereiten\" tabindex=\"-1\" >\n\t\t\tWeiterlesen \u00bb\t\t<\/a>\n\n\t\t\t\t<\/div>\n\t\t\t\t<\/article>\n\t\t\t\t<article class=\"elementor-post elementor-grid-item post-15755 post type-post status-publish format-standard has-post-thumbnail hentry category-allgemein\" role=\"listitem\">\n\t\t\t\t<a class=\"elementor-post__thumbnail__link\" href=\"https:\/\/psychosomatik-krause.de\/en\/2026\/01\/grundhaltungen-psychosomatik\" tabindex=\"-1\" >\n\t\t\t<div class=\"elementor-post__thumbnail\"><img decoding=\"async\" width=\"300\" height=\"200\" src=\"https:\/\/psychosomatik-krause.de\/wp-content\/uploads\/2026\/01\/Grundhaltung-Psychosomatik-300x200.webp\" class=\"attachment-medium size-medium wp-image-15757\" alt=\"\" srcset=\"https:\/\/psychosomatik-krause.de\/wp-content\/uploads\/2026\/01\/Grundhaltung-Psychosomatik-300x200.webp 300w, https:\/\/psychosomatik-krause.de\/wp-content\/uploads\/2026\/01\/Grundhaltung-Psychosomatik-1024x683.webp 1024w, https:\/\/psychosomatik-krause.de\/wp-content\/uploads\/2026\/01\/Grundhaltung-Psychosomatik-768x512.webp 768w, https:\/\/psychosomatik-krause.de\/wp-content\/uploads\/2026\/01\/Grundhaltung-Psychosomatik-18x12.webp 18w, https:\/\/psychosomatik-krause.de\/wp-content\/uploads\/2026\/01\/Grundhaltung-Psychosomatik-600x400.webp 600w, https:\/\/psychosomatik-krause.de\/wp-content\/uploads\/2026\/01\/Grundhaltung-Psychosomatik.webp 1536w\" sizes=\"(max-width: 300px) 100vw, 300px\" \/><\/div>\n\t\t<\/a>\n\t\t\t\t<div class=\"elementor-post__text\">\n\t\t\t\t<h5 class=\"elementor-post__title\">\n\t\t\t<a href=\"https:\/\/psychosomatik-krause.de\/en\/2026\/01\/grundhaltungen-psychosomatik\" >\n\t\t\t\tWas Symptome uns sagen wollen &#8211; die Haltung hinter psychosomatischer Arbeit\t\t\t<\/a>\n\t\t<\/h5>\n\t\t\t\t<div class=\"elementor-post__meta-data\">\n\t\t\t\t\t<span class=\"elementor-post-date\">\n\t\t\t28. January 2026\t\t<\/span>\n\t\t\t\t<span class=\"elementor-post-avatar\">\n\t\t\tNo Comments\t\t<\/span>\n\t\t\t\t<\/div>\n\t\t\n\t\t<a class=\"elementor-post__read-more\" href=\"https:\/\/psychosomatik-krause.de\/en\/2026\/01\/grundhaltungen-psychosomatik\" aria-label=\"Read more about Was Symptome uns sagen wollen &#8211; die Haltung hinter psychosomatischer Arbeit\" tabindex=\"-1\" >\n\t\t\tWeiterlesen \u00bb\t\t<\/a>\n\n\t\t\t\t<\/div>\n\t\t\t\t<\/article>\n\t\t\t\t<article class=\"elementor-post elementor-grid-item post-15523 post type-post status-publish format-standard has-post-thumbnail hentry category-allgemein\" role=\"listitem\">\n\t\t\t\t<a class=\"elementor-post__thumbnail__link\" href=\"https:\/\/psychosomatik-krause.de\/en\/2026\/01\/wenn-bewaehrte-methoden-nicht-mehr-greifen\" tabindex=\"-1\" >\n\t\t\t<div class=\"elementor-post__thumbnail\"><img decoding=\"async\" width=\"300\" height=\"200\" src=\"https:\/\/psychosomatik-krause.de\/wp-content\/uploads\/2026\/01\/wenn-bewaehrte-methoden-nicht-mehr-wirken-300x200.webp\" class=\"attachment-medium size-medium wp-image-15528\" alt=\"\" srcset=\"https:\/\/psychosomatik-krause.de\/wp-content\/uploads\/2026\/01\/wenn-bewaehrte-methoden-nicht-mehr-wirken-300x200.webp 300w, https:\/\/psychosomatik-krause.de\/wp-content\/uploads\/2026\/01\/wenn-bewaehrte-methoden-nicht-mehr-wirken-1024x683.webp 1024w, https:\/\/psychosomatik-krause.de\/wp-content\/uploads\/2026\/01\/wenn-bewaehrte-methoden-nicht-mehr-wirken-768x512.webp 768w, https:\/\/psychosomatik-krause.de\/wp-content\/uploads\/2026\/01\/wenn-bewaehrte-methoden-nicht-mehr-wirken-18x12.webp 18w, https:\/\/psychosomatik-krause.de\/wp-content\/uploads\/2026\/01\/wenn-bewaehrte-methoden-nicht-mehr-wirken-600x400.webp 600w, https:\/\/psychosomatik-krause.de\/wp-content\/uploads\/2026\/01\/wenn-bewaehrte-methoden-nicht-mehr-wirken.webp 1536w\" sizes=\"(max-width: 300px) 100vw, 300px\" \/><\/div>\n\t\t<\/a>\n\t\t\t\t<div class=\"elementor-post__text\">\n\t\t\t\t<h5 class=\"elementor-post__title\">\n\t\t\t<a href=\"https:\/\/psychosomatik-krause.de\/en\/2026\/01\/wenn-bewaehrte-methoden-nicht-mehr-greifen\" >\n\t\t\t\tWenn bew\u00e4hrte Methoden nicht mehr greifen\t\t\t<\/a>\n\t\t<\/h5>\n\t\t\t\t<div class=\"elementor-post__meta-data\">\n\t\t\t\t\t<span class=\"elementor-post-date\">\n\t\t\t21. January 2026\t\t<\/span>\n\t\t\t\t<span class=\"elementor-post-avatar\">\n\t\t\tNo Comments\t\t<\/span>\n\t\t\t\t<\/div>\n\t\t\n\t\t<a class=\"elementor-post__read-more\" href=\"https:\/\/psychosomatik-krause.de\/en\/2026\/01\/wenn-bewaehrte-methoden-nicht-mehr-greifen\" aria-label=\"Read more about Wenn bew\u00e4hrte Methoden nicht mehr greifen\" tabindex=\"-1\" >\n\t\t\tWeiterlesen \u00bb\t\t<\/a>\n\n\t\t\t\t<\/div>\n\t\t\t\t<\/article>\n\t\t\t\t<\/div>\n\t\t\n\t\t\t\t\t\t<\/div>\n\t\t\t\t<\/div>\n\t\t\t\t<div class=\"elementor-element elementor-element-b70495c elementor-widget elementor-widget-spacer\" data-id=\"b70495c\" data-element_type=\"widget\" data-e-type=\"widget\" data-widget_type=\"spacer.default\">\n\t\t\t\t<div class=\"elementor-widget-container\">\n\t\t\t\t\t\t\t<div class=\"elementor-spacer\">\n\t\t\t<div class=\"elementor-spacer-inner\"><\/div>\n\t\t<\/div>\n\t\t\t\t\t\t<\/div>\n\t\t\t\t<\/div>\n\t\t\t\t<div class=\"elementor-element elementor-element-69d6ebc elementor-widget elementor-widget-heading\" data-id=\"69d6ebc\" data-element_type=\"widget\" data-e-type=\"widget\" data-widget_type=\"heading.default\">\n\t\t\t\t<div class=\"elementor-widget-container\">\n\t\t\t\t\t<h2 class=\"elementor-heading-title elementor-size-default\">Erfahrungen &amp; Austausch<\/h2>\t\t\t\t<\/div>\n\t\t\t\t<\/div>\n\t\t\t\t<div class=\"elementor-element elementor-element-fb210e2 elementor-widget elementor-widget-text-editor\" data-id=\"fb210e2\" data-element_type=\"widget\" data-e-type=\"widget\" data-widget_type=\"text-editor.default\">\n\t\t\t\t<div class=\"elementor-widget-container\">\n\t\t\t\t\t\t\t\t\t<p>Coming Soon.<\/p>\t\t\t\t\t\t\t\t<\/div>\n\t\t\t\t<\/div>\n\t\t\t\t\t<\/div>\n\t\t<\/div>\n\t\t\t\t\t<\/div>\n\t\t<\/section>\n\t\t\t\t<\/div>","protected":false},"excerpt":{"rendered":"<p>Akademieforum Psychosomatik Krause f\u00fcr Fachkr\u00e4fte Willkommen im Akademieforum von Psychosomatik Krause. Hier findest Du Videos und Beitr\u00e4ge rund um das<\/p>","protected":false},"author":2,"featured_media":0,"parent":0,"menu_order":0,"comment_status":"closed","ping_status":"closed","template":"","meta":{"site-sidebar-layout":"no-sidebar","site-content-layout":"page-builder","ast-site-content-layout":"full-width-container","site-content-style":"default","site-sidebar-style":"default","ast-global-header-display":"","ast-banner-title-visibility":"","ast-main-header-display":"","ast-hfb-above-header-display":"","ast-hfb-below-header-display":"","ast-hfb-mobile-header-display":"","site-post-title":"disabled","ast-breadcrumbs-content":"","ast-featured-img":"disabled","footer-sml-layout":"","ast-disable-related-posts":"","theme-transparent-header-meta":"","adv-header-id-meta":"","stick-header-meta":"","header-above-stick-meta":"","header-main-stick-meta":"","header-below-stick-meta":"","astra-migrate-meta-layouts":"set","ast-page-background-enabled":"default","ast-page-background-meta":{"desktop":{"background-color":"var(--ast-global-color-4)","background-image":"","background-repeat":"repeat","background-position":"center center","background-size":"auto","background-attachment":"scroll","background-type":"","background-media":"","overlay-type":"","overlay-color":"","overlay-opacity":"","overlay-gradient":""},"tablet":{"background-color":"","background-image":"","background-repeat":"repeat","background-position":"center center","background-size":"auto","background-attachment":"scroll","background-type":"","background-media":"","overlay-type":"","overlay-color":"","overlay-opacity":"","overlay-gradient":""},"mobile":{"background-color":"","background-image":"","background-repeat":"repeat","background-position":"center center","background-size":"auto","background-attachment":"scroll","background-type":"","background-media":"","overlay-type":"","overlay-color":"","overlay-opacity":"","overlay-gradient":""}},"ast-content-background-meta":{"desktop":{"background-color":"var(--ast-global-color-5)","background-image":"","background-repeat":"repeat","background-position":"center center","background-size":"auto","background-attachment":"scroll","background-type":"","background-media":"","overlay-type":"","overlay-color":"","overlay-opacity":"","overlay-gradient":""},"tablet":{"background-color":"var(--ast-global-color-5)","background-image":"","background-repeat":"repeat","background-position":"center center","background-size":"auto","background-attachment":"scroll","background-type":"","background-media":"","overlay-type":"","overlay-color":"","overlay-opacity":"","overlay-gradient":""},"mobile":{"background-color":"var(--ast-global-color-5)","background-image":"","background-repeat":"repeat","background-position":"center center","background-size":"auto","background-attachment":"scroll","background-type":"","background-media":"","overlay-type":"","overlay-color":"","overlay-opacity":"","overlay-gradient":""}},"footnotes":""},"class_list":["post-15449","page","type-page","status-publish","hentry"],"jetpack_sharing_enabled":true,"_links":{"self":[{"href":"https:\/\/psychosomatik-krause.de\/en\/wp-json\/wp\/v2\/pages\/15449","targetHints":{"allow":["GET"]}}],"collection":[{"href":"https:\/\/psychosomatik-krause.de\/en\/wp-json\/wp\/v2\/pages"}],"about":[{"href":"https:\/\/psychosomatik-krause.de\/en\/wp-json\/wp\/v2\/types\/page"}],"author":[{"embeddable":true,"href":"https:\/\/psychosomatik-krause.de\/en\/wp-json\/wp\/v2\/users\/2"}],"replies":[{"embeddable":true,"href":"https:\/\/psychosomatik-krause.de\/en\/wp-json\/wp\/v2\/comments?post=15449"}],"version-history":[{"count":25,"href":"https:\/\/psychosomatik-krause.de\/en\/wp-json\/wp\/v2\/pages\/15449\/revisions"}],"predecessor-version":[{"id":16386,"href":"https:\/\/psychosomatik-krause.de\/en\/wp-json\/wp\/v2\/pages\/15449\/revisions\/16386"}],"wp:attachment":[{"href":"https:\/\/psychosomatik-krause.de\/en\/wp-json\/wp\/v2\/media?parent=15449"}],"curies":[{"name":"wp","href":"https:\/\/api.w.org\/{rel}","templated":true}]}}