{"id":15085,"date":"2026-01-10T17:50:12","date_gmt":"2026-01-10T16:50:12","guid":{"rendered":"https:\/\/psychosomatik-krause.de\/?page_id=15085"},"modified":"2026-02-12T01:17:38","modified_gmt":"2026-02-12T00:17:38","slug":"onpt-fachkonzept","status":"publish","type":"page","link":"https:\/\/psychosomatik-krause.de\/en\/onpt-fachkonzept","title":{"rendered":"ONPT Fachkonzept"},"content":{"rendered":"<div data-elementor-type=\"wp-page\" data-elementor-id=\"15085\" class=\"elementor elementor-15085\" data-elementor-post-type=\"page\">\n\t\t\t\t\t\t<section class=\"elementor-section elementor-top-section elementor-element elementor-element-ae49eb0 elementor-section-boxed elementor-section-height-default elementor-section-height-default\" data-id=\"ae49eb0\" data-element_type=\"section\" data-e-type=\"section\">\n\t\t\t\t\t\t<div class=\"elementor-container elementor-column-gap-default\">\n\t\t\t\t\t<div class=\"elementor-column elementor-col-100 elementor-top-column elementor-element elementor-element-9dac733\" data-id=\"9dac733\" data-element_type=\"column\" data-e-type=\"column\">\n\t\t\t<div class=\"elementor-widget-wrap elementor-element-populated\">\n\t\t\t\t\t\t<div class=\"elementor-element elementor-element-0c32386 elementor-widget elementor-widget-text-editor\" data-id=\"0c32386\" data-element_type=\"widget\" data-e-type=\"widget\" data-widget_type=\"text-editor.default\">\n\t\t\t\t<div class=\"elementor-widget-container\">\n\t\t\t\t\t\t\t\t\t<h1 data-start=\"188\" data-end=\"215\">ONPT\u00a9 \u2013 Fachkonzept<\/h1>\n<p data-start=\"217\" data-end=\"352\">ONPT \u00a9 Orthomolekulare Neuroregulative Psycho\/Physiotherapie nach Krause ist ein eigenst\u00e4ndiges, gesch\u00fctztes und lizenziertes therapeutisches Verfahren mit evidenzbasierten und erfahrungs\/naturheilkundlichen Urspr\u00fcngen<\/p>\n<p data-start=\"455\" data-end=\"666\">Es verbindet Physiotherapie, Psychotherapie &amp; funktionelle Medizin in einem spezifischen methodischen Aufbau speziell f\u00fcr psychosomatische Beschwerden und Erkrankungen. Es wurde dazu entwickelt, multisystemische Erkrankungen (psycho-somatisch) effektiv, nachhaltig und ursachenorientiert zu lindern, beheben und bestrebt das Ziel, verlorene k\u00f6rperliche und geistige Leistungsf\u00e4higkeit wiederherzustellen. Die ONPT z\u00e4hlt zu den Verfahren der ganzheitlich-funktionellen Psychosomatik.<\/p>\n<hr data-start=\"668\" data-end=\"671\">\n<h2 data-start=\"1096\" data-end=\"1131\">Physiotherapie&nbsp;<\/h2>\n<div>\n<p>Unser Bereich Physiotherapie integriert verschiedene Methoden aus:<\/p>\n<\/div>\n<ul data-start=\"1257\" data-end=\"1429\">\n<li data-start=\"1257\" data-end=\"1342\">\n<p data-start=\"1259\" data-end=\"1342\">klassische Physiotherapie: manualtherapeutische Techniken, Hydrotherapie, Atemtherapie, Medizinische Trainingstherapie, Krankengymnastik<\/p>\n<\/li>\n<li data-start=\"1257\" data-end=\"1342\">\n<p data-start=\"1259\" data-end=\"1342\">Neuroregulative Techniken, die Wirbels\u00e4ule nach Dorn, Entspannungs &#8211; und Achtsamkeitstechniken<\/p>\n<\/li>\n<li data-start=\"1257\" data-end=\"1342\">\n<p data-start=\"1259\" data-end=\"1342\">Orhomolekulare Unterst\u00fctzung durch gezielte Mikron\u00e4hrstoffe als Grundlage f\u00fcr optimale Regeneration<\/p>\n<\/li>\n<\/ul>\n<p data-start=\"1431\" data-end=\"1597\">Erg\u00e4nzt werden diese Bereiche durch relevante Ausz\u00fcge aus: Ern\u00e4hrungswissenschaft, Sportwissenschaft, Orthomolekulare Psychiatrie nach L.Pauling, Psychosomatik nach Traditionell chinesischer Medizin, Stressforschung, Epigenetik, Neuroendokrinologie, Embodiment &#8211; Forschung und Neuropsychologie<\/p>\n<h2 data-start=\"673\" data-end=\"700\">Psychotherapie<\/h2>\n<p data-start=\"702\" data-end=\"849\">Unser Bereich Psychotherapie integriert verschiedene Prinzipien aus:<\/p>\n<ul data-start=\"880\" data-end=\"1089\">\n<li data-start=\"880\" data-end=\"921\">\n<p data-start=\"882\" data-end=\"921\">Tiefenpsychologie nach C.G. Jung, Innere Anteile Arbeit, Katathym &#8211; imaginative &#8211; Psychotherapie nach H.Leuner, moderne Verhaltenstherapie<\/p>\n<\/li>\n<li data-start=\"922\" data-end=\"1015\">\n<p data-start=\"924\" data-end=\"1015\">Emotionsfokussierte Psychotherapie, Kunst &#8211; und Musiktherapie, Achtsamkeits &#8211; und Entspannungstherapie<\/p>\n<\/li>\n<li data-start=\"1016\" data-end=\"1089\">\n<p data-start=\"1018\" data-end=\"1089\">Traumasensible Psychotherapie, spirituelle Psychotherapie, energetische Psychotherapie nach Traditionell chinesischer Medizin<\/p>\n<\/li>\n<li data-start=\"1016\" data-end=\"1089\">\n<p data-start=\"1018\" data-end=\"1089\">Orhomolekulare Unterst\u00fctzung durch gezielte Mikron\u00e4hrstoffe als Grundlage f\u00fcr optimale Regeneration<\/p>\n<\/li>\n<\/ul>\n<div>Erg\u00e4nzt werden diese Bereiche durch relevante Ausz\u00fcge aus: Polyvagal-Theorie, Orhomolekulare Psychiatrie nach L.Pauling, Neuropsychologie &amp; Neuroendokrinologie, medizinische Trainingstherapie<\/div>\n<div>&nbsp;<\/div>\n<div>\n<h2 data-start=\"673\" data-end=\"700\">Orthomolekulare Stabilisierung<\/h2>\n<p>Der orthomolekulare Teil befasst sich mit dysregulierten Teilsystemen (z.B. Hormon &#8211; und Stressachsen, funktionelle Organbeschwerden &#8211; und Funktionsst\u00f6rungen) , die im psychosomatischen Kontext aufgrund von Schmerzen oder eines dysregulierten Nervensystems funktionelle Defizite aufweisen, sowie funktioneller, nicht &#8211; klinischer M\u00e4ngel von Mikron\u00e4hrstoffen aufgrund anhaltender psychosomatischer Belastungen, welche insgesamt f\u00fcr den Heilungsprozess von Bedeutung sind mit dem Ziel, das biochemische Gleichgewicht wiederherzustellen, um die Therapief\u00e4higkeit zu verbessern.<\/p>\n<\/div>\n<hr data-start=\"1091\" data-end=\"1094\">\n<h2 data-start=\"1096\" data-end=\"1131\">Zusammensetzung<\/h2>\n<div><span style=\"font-style: inherit; font-weight: inherit;\">Alle aufgez\u00e4hlten Methoden und wissenschaftliche Bereiche wurden speziell auf psychosomatische Beschwerden zugeschnitten. Dabei kommen in der Physiotherapie psychotherapeutische Techniken &#8211; und in der Psychotherapie physiotherapeutische Techniken zum Einsatz, um die L\u00fccke zwischen K\u00f6rper und Seele nahtlos zu schlie\u00dfen und Prozesse perfekt aufeinander abzustimmen.<\/span><\/div>\n<div>&nbsp;<\/div>\n<hr data-start=\"2103\" data-end=\"2106\">\n<h2 data-start=\"2108\" data-end=\"2145\">ONPT &#8211; Philosophie und Arbeitsgrundlage<\/h2>\n<div>Die ONPT betrachtet Symptome nicht als zu bet\u00e4ubenden \/ bek\u00e4mpfenden Gegner, sondern als Hinweis und Ausdruck eines gest\u00f6rten physiologischen Ablaufs psychologischer \/ psychosomatischer und physiologischer Prozesse oder Ergebnis biografischer Ereignisse. Diese sind bei mittelgradigen und schweren psychosomatischen und chronischen Beschwerden egal, ob R\u00fcckenschmerzen, \u00c4ngste oder andere Erkrankungen multikausal. Das bedeutet, dass das oberste Ziel der ONPT darin besteht, alle Ebenen des Menschen (Psyche, Physis &amp; biochemische Regulation) aus verschiedenen Blickwinkeln; <b>messbar, intuitiv und energetisch<\/b> zu erfassen und zu behandeln bzw. biochemisch zu optimieren. Die ONPT erachtet diese Grundhaltung als absolut notwendig, da mittelgradige und schwere psychosomatische Beschwerden, ganz gleich, ob physisch, psychisch oder multimodal mit eindimensionalen Ans\u00e4tzen h\u00e4ufig nur schwer nachhaltig behandelbar sind. Diese Feststellung bezieht sich auf die wissenschaftliche Arbeit von Klaus Grawe, ein ma\u00dfgeblicher Begr\u00fcnder der integrativen Psychotherapie. Die ONPT bedient sich dieser Auswertung und f\u00fchrt Sie in einem neuen, multisystemischen Ansatz (K\u00f6rper, Geist und Seele) bzw. Psychotherapie, Physiotherapie und Mikron\u00e4hrstoffoptimierung weiter.<br>Dadurch, dass bei anhaltendem Stress, chronischen Schmerzen und psychischer Belastung der Mikron\u00e4hrstoffverbrauch h\u00e4ufig erh\u00f6ht ist<i> (Lorresti et al., Advances in Nurtrition, 2020, | vgl. Loresti et al., Adv Nutr; Cross-Sectional-Analyse zu chronischem Schmerz, 2025) <\/i>und Mikron\u00e4hrstoffe eine zentrale regulative Aufgabe f\u00fcr physische, psychische und psychosomatische Gesundheit haben macht es sich die ONPT zur Aufgabe, suboptimale Versorgungsl\u00fccken auszugleichen oder f\u00fcr bestimmte therapeutische Techniken aus der Physiotherapie und Psychotherapie unterst\u00fctzend einzusetzen. Die Grundlagen hierf\u00fcr stammen \u00fcberwiegend aus der Orthomolekularen Psychiatrie nach L. Pauling und den Ern\u00e4hrungswissenschaften und wurden in diesen neuen Konzept methodisch &#8211; psychosomatisch weiterentwickelt und neu definiert. Darauf aufbauend kommen je nach Schwerpunkt individuelle o.g. psychotherapeutische und physio\/k\u00f6rpertherapeutische Methoden zum Einsatz innerhalb unseres 4 &#8211; phasigen Therapieablaufs.<\/div>\n<div>&nbsp;<\/div>\n<hr data-start=\"2471\" data-end=\"2474\">\n<h2 data-start=\"2476\" data-end=\"2500\">Ablauf<\/h2>\n<p data-start=\"2502\" data-end=\"2612\">Unser Therapieverfahren umfasst 4 Phasen:<\/p>\n<ul data-start=\"880\" data-end=\"1089\">\n<li data-start=\"922\" data-end=\"1015\">\n<p data-start=\"924\" data-end=\"1015\">Stabilisierung<\/p>\n<\/li>\n<li data-start=\"1016\" data-end=\"1089\">\n<p data-start=\"1018\" data-end=\"1089\">Symptomlinderung<\/p>\n<\/li>\n<li data-start=\"922\" data-end=\"1015\">\n<p data-start=\"924\" data-end=\"1015\">Ursachenforschung &#8211; und Behebung<\/p>\n<\/li>\n<li data-start=\"922\" data-end=\"1015\">Leistungsoptimierung &amp; Widerherstellung der Belastungsf\u00e4higkeit<\/li>\n<\/ul>\n<div>Alle Phasen gehen in der Regel natlos ineinander \u00fcber.<\/div>\n<div>Die ONPT kann f\u00fcr prim\u00e4r psychische Erkrankungen, prim\u00e4r k\u00f6rperliche Erkrankungen oder f\u00fcr multimodale, psychosomatische Erkrankungen eingesetzt werden.&nbsp;<\/div>\n<div>&nbsp;<\/div>\n<div>\n<h2 data-start=\"2476\" data-end=\"2500\">Rechtliches<\/h2>\n<ul data-start=\"880\" data-end=\"1089\">\n<li data-start=\"922\" data-end=\"1015\">\n<p data-start=\"924\" data-end=\"1015\">Die ONPT ist ein heilkundliches Verfahren und darf nur von bestimmten Berufsgruppen mit Heilkundeerlaubnis und unserer Lizenz eigenverantwortlich durchgef\u00fchrt werden. Mehr unsere Lizenzen erfahren Sie <a href=\"https:\/\/psychosomatik-krause.de\/en\/onpt-lizenz\/\">hier<\/a>.<\/p>\n<\/li>\n<li data-start=\"922\" data-end=\"1015\">ONPT dient nicht dazu, Endokrinologische oder biochemisch klinische M\u00e4ngelzust\u00e4nde zu diagnostizieren oder zu behandeln. F\u00fcr solche Anliegen verweisen wir auf die klassische orthomolekulare Medizin und der \u00e4rztlichen Abkl\u00e4rung. Der biochemische Rahmen der ONPT dient der gezielten Unterst\u00fctzung, Stabilisierung und Herstellung einer optimalen Versorgung im funktionellen, nicht klinischen Spektrum.<\/li>\n<\/ul>\n<\/div>\n<div><strong>Entwicklung<\/strong>: 2020-2025<\/div>\n<div><strong>Begr\u00fcnder und Urheber<\/strong>: Valentin Krause, Heilpraktiker f\u00fcr Psychotherapie, Physiotherapeut<\/div>\n<div><strong>Rechteinhaber<\/strong>: Krause Health &amp; Business UG (haftungsbeschr\u00e4nkt)&nbsp;<\/div>\t\t\t\t\t\t\t\t<\/div>\n\t\t\t\t<\/div>\n\t\t\t\t\t<\/div>\n\t\t<\/div>\n\t\t\t\t\t<\/div>\n\t\t<\/section>\n\t\t\t\t<\/div>","protected":false},"excerpt":{"rendered":"<p>ONPT\u00a9 \u2013 Fachkonzept ONPT \u00a9 Orthomolekulare Neuroregulative Psycho\/Physiotherapie nach Krause ist ein eigenst\u00e4ndiges, gesch\u00fctztes und lizenziertes therapeutisches Verfahren mit evidenzbasierten [&hellip;]<\/p>\n","protected":false},"author":2,"featured_media":0,"parent":0,"menu_order":0,"comment_status":"closed","ping_status":"closed","template":"","meta":{"site-sidebar-layout":"no-sidebar","site-content-layout":"page-builder","ast-site-content-layout":"full-width-container","site-content-style":"default","site-sidebar-style":"default","ast-global-header-display":"","ast-banner-title-visibility":"","ast-main-header-display":"","ast-hfb-above-header-display":"","ast-hfb-below-header-display":"","ast-hfb-mobile-header-display":"","site-post-title":"disabled","ast-breadcrumbs-content":"","ast-featured-img":"disabled","footer-sml-layout":"","ast-disable-related-posts":"","theme-transparent-header-meta":"","adv-header-id-meta":"","stick-header-meta":"","header-above-stick-meta":"","header-main-stick-meta":"","header-below-stick-meta":"","astra-migrate-meta-layouts":"set","ast-page-background-enabled":"default","ast-page-background-meta":{"desktop":{"background-color":"var(--ast-global-color-4)","background-image":"","background-repeat":"repeat","background-position":"center center","background-size":"auto","background-attachment":"scroll","background-type":"","background-media":"","overlay-type":"","overlay-color":"","overlay-opacity":"","overlay-gradient":""},"tablet":{"background-color":"","background-image":"","background-repeat":"repeat","background-position":"center center","background-size":"auto","background-attachment":"scroll","background-type":"","background-media":"","overlay-type":"","overlay-color":"","overlay-opacity":"","overlay-gradient":""},"mobile":{"background-color":"","background-image":"","background-repeat":"repeat","background-position":"center center","background-size":"auto","background-attachment":"scroll","background-type":"","background-media":"","overlay-type":"","overlay-color":"","overlay-opacity":"","overlay-gradient":""}},"ast-content-background-meta":{"desktop":{"background-color":"var(--ast-global-color-5)","background-image":"","background-repeat":"repeat","background-position":"center center","background-size":"auto","background-attachment":"scroll","background-type":"","background-media":"","overlay-type":"","overlay-color":"","overlay-opacity":"","overlay-gradient":""},"tablet":{"background-color":"var(--ast-global-color-5)","background-image":"","background-repeat":"repeat","background-position":"center center","background-size":"auto","background-attachment":"scroll","background-type":"","background-media":"","overlay-type":"","overlay-color":"","overlay-opacity":"","overlay-gradient":""},"mobile":{"background-color":"var(--ast-global-color-5)","background-image":"","background-repeat":"repeat","background-position":"center center","background-size":"auto","background-attachment":"scroll","background-type":"","background-media":"","overlay-type":"","overlay-color":"","overlay-opacity":"","overlay-gradient":""}},"footnotes":""},"class_list":["post-15085","page","type-page","status-publish","hentry"],"jetpack_sharing_enabled":true,"_links":{"self":[{"href":"https:\/\/psychosomatik-krause.de\/en\/wp-json\/wp\/v2\/pages\/15085","targetHints":{"allow":["GET"]}}],"collection":[{"href":"https:\/\/psychosomatik-krause.de\/en\/wp-json\/wp\/v2\/pages"}],"about":[{"href":"https:\/\/psychosomatik-krause.de\/en\/wp-json\/wp\/v2\/types\/page"}],"author":[{"embeddable":true,"href":"https:\/\/psychosomatik-krause.de\/en\/wp-json\/wp\/v2\/users\/2"}],"replies":[{"embeddable":true,"href":"https:\/\/psychosomatik-krause.de\/en\/wp-json\/wp\/v2\/comments?post=15085"}],"version-history":[{"count":110,"href":"https:\/\/psychosomatik-krause.de\/en\/wp-json\/wp\/v2\/pages\/15085\/revisions"}],"predecessor-version":[{"id":16365,"href":"https:\/\/psychosomatik-krause.de\/en\/wp-json\/wp\/v2\/pages\/15085\/revisions\/16365"}],"wp:attachment":[{"href":"https:\/\/psychosomatik-krause.de\/en\/wp-json\/wp\/v2\/media?parent=15085"}],"curies":[{"name":"wp","href":"https:\/\/api.w.org\/{rel}","templated":true}]}}