{"id":15064,"date":"2026-01-09T14:00:57","date_gmt":"2026-01-09T13:00:57","guid":{"rendered":"https:\/\/psychosomatik-krause.de\/?page_id=15064"},"modified":"2026-02-18T22:32:59","modified_gmt":"2026-02-18T21:32:59","slug":"onpt-lizenz","status":"publish","type":"page","link":"https:\/\/psychosomatik-krause.de\/en\/onpt-lizenz","title":{"rendered":"ONPT Lizenz"},"content":{"rendered":"<div data-elementor-type=\"wp-page\" data-elementor-id=\"15064\" class=\"elementor elementor-15064\" data-elementor-post-type=\"page\">\n\t\t\t\t\t\t<section class=\"elementor-section elementor-top-section elementor-element elementor-element-09bc1af elementor-section-boxed elementor-section-height-default elementor-section-height-default\" data-id=\"09bc1af\" data-element_type=\"section\" data-e-type=\"section\">\n\t\t\t\t\t\t<div class=\"elementor-container elementor-column-gap-default\">\n\t\t\t\t\t<div class=\"elementor-column elementor-col-100 elementor-top-column elementor-element elementor-element-d23fdab\" data-id=\"d23fdab\" data-element_type=\"column\" data-e-type=\"column\">\n\t\t\t<div class=\"elementor-widget-wrap elementor-element-populated\">\n\t\t\t\t\t\t<div class=\"elementor-element elementor-element-1e09dfe elementor-widget elementor-widget-text-editor\" data-id=\"1e09dfe\" data-element_type=\"widget\" data-e-type=\"widget\" data-widget_type=\"text-editor.default\">\n\t\t\t\t<div class=\"elementor-widget-container\">\n\t\t\t\t\t\t\t\t\t<h1 data-start=\"188\" data-end=\"215\">ONPT\u00a9 \u2013 Lizenz &amp; Nutzung<\/h1>\n<p data-start=\"217\" data-end=\"352\">ONPT \u00a9 (Orthomolekulare Neuroregulative Psycho\/Physiotherapie nach Krause) ist ein eigenst\u00e4ndiges, gesch\u00fctztes und lizenziertes therapeutisches Verfahren der Krause Health &amp; Business Unternehmensgesellschaft (haftungsbeschr\u00e4nkt)&nbsp;<\/p>\n<p data-start=\"455\" data-end=\"666\">Das Verfahren wurde entwickelt, um psychosomatische, stressbedingte und chronische Beschwerden und Erkrankungen, Regulationsst\u00f6rungen im Rahmen einer verantwortungsvollen, fachlich fundierten therapeutischen Arbeit zu begleiten.<\/p>\n<hr data-start=\"668\" data-end=\"671\">\n<h2 data-start=\"1096\" data-end=\"1131\">ONPT &#8211; Zertifikat<\/h2>\n<div>Grunds\u00e4tzlich kann jede\/r an unserem Lehrgang teilnehmen. Egal, ob aus professioneller oder pers\u00f6nlicher Motivation &#8211; oder einer Kombination aus beidem. Die<\/div>\n<p data-start=\"1133\" data-end=\"1194\">ONPT \u00a9 ist ein <strong data-start=\"1148\" data-end=\"1193\">heilkundliches, therapeutisches Verfahren. <\/strong><span data-start=\"1148\" data-end=\"1193\">Daher ist unserer Zertifikat, welches als Sachkenntnisnachweis dient folgenden Berufsgruppen vorbehalten:&nbsp;<\/span><\/p>\n<ul data-start=\"1257\" data-end=\"1429\">\n<li data-start=\"1257\" data-end=\"1342\">\n<p data-start=\"1259\" data-end=\"1342\"><span data-start=\"1264\" data-end=\"1294\">Heilpraktikern &#8211; allgemeine oder sektorale f\u00fcr Physiotherapie oder Psychotherapie, Physiotherapeuten, approbierte \u00c4rzte&nbsp;<\/span><\/p>\n<\/li>\n<li data-start=\"1343\" data-end=\"1429\">\n<p data-start=\"1345\" data-end=\"1429\"><b>Coaches,&nbsp;<\/b><b>Berater <\/b>&amp; <b>Psychotherapeuten&nbsp;<\/b>k\u00f6nnen&nbsp;aus gesetzlichen Gr\u00fcnden kein Zertifikat als ONPT &#8211; Therapeut erhalten &#8211; jedoch auf Wunsch eine Teilnahmebest\u00e4tigung. Ein Zertifikat kann nachwirkend bei Nachweis einer erforderlichen Erlaubnis&nbsp; durch die Zertifikatspr\u00fcfung erworben werden.<\/p>\n<\/li>\n<\/ul>\n<p data-start=\"1431\" data-end=\"1597\">Unsere Weiterbildung umfasst <b>30 FP<\/b> f\u00fcr Physiotherapeuten<\/p>\n<h2 data-start=\"673\" data-end=\"700\">Lizenzpflichtige Nutzung<\/h2>\n<p data-start=\"702\" data-end=\"849\">Die <strong data-start=\"706\" data-end=\"770\">Anwendung, Durchf\u00fchrung, Benennung oder Bewerbung von ONPT \u00a9<\/strong> ist ausschlie\u00dflich mit einer <strong data-start=\"800\" data-end=\"839\">g\u00fcltigen Lizenz der Rechteinhaberin<\/strong> zul\u00e4ssig. Die alleinige Teilnahme oder das Zertifikat berichtigen<b> nicht <\/b>zur eigenst\u00e4ndigen gewerblichen Nutzung der ONPT. F\u00fcr die gewerbliche und professionelle Nutzung ist ein Zertifikat nach ONPT (ONPT &#8211; Therapeut\/in) und eine Lizenz erforderlich.<\/p>\n<p data-start=\"851\" data-end=\"878\">Dies gilt insbesondere f\u00fcr:<\/p>\n<ul data-start=\"880\" data-end=\"1089\">\n<li data-start=\"880\" data-end=\"921\">\n<p data-start=\"882\" data-end=\"921\">die Bezeichnung \u201eONPT\u201c oder \u201enach ONPT\u201c<\/p>\n<\/li>\n<li data-start=\"922\" data-end=\"1015\">\n<p data-start=\"924\" data-end=\"1015\">die Darstellung des Verfahrens in der Au\u00dfendarstellung (z. B. Website, Social Media, Print)<\/p>\n<\/li>\n<li data-start=\"1016\" data-end=\"1089\">\n<p data-start=\"1018\" data-end=\"1089\">die Anwendung des Verfahrens im gewerblichen\/professionellen therapeutischen oder beratenden Kontext<\/p>\n<\/li>\n<\/ul>\n<div>Eine Lizenz kann von zertifizierten und erlaubnisberechtigten Fachkr\u00e4ften f\u00fcr einmalig 500\u20ac erworben werden. Damit sind Sie berechtigt, sich lizenzierte Praxis nach ONPT\u00a9 zu nennen und gewerblich zu arbeiten. Die Lizenz beinhaltet ein Biofeedback Ger\u00e4t, welches wir Ihnen an Ihre Praxisadresse schicken, damit der Einstieg in ONPT<span style=\"font-size: 1rem;\">\u00a9<\/span><span style=\"font-size: 1rem;\">&nbsp;<\/span><span style=\"font-size: 1rem;\">&nbsp;bestm\u00f6glich gelingt. Das Ger\u00e4t ist und bleibt vollst\u00e4ndig in Ihrem Besitz.<\/span><\/div>\n<div>&nbsp;<\/div>\n<hr data-start=\"1091\" data-end=\"1094\">\n<h2 data-start=\"1096\" data-end=\"1131\">Berufsrechtliche Voraussetzungen<\/h2>\n<div>Die&nbsp;<span style=\"font-style: inherit; font-weight: inherit;\">ONPT \u00a9 ist ein <\/span><strong style=\"font-style: inherit;\" data-start=\"1148\" data-end=\"1193\">heilkundliches, therapeutisches Verfahren. <\/strong><span style=\"font-style: inherit; font-weight: inherit;\" data-start=\"1148\" data-end=\"1193\">Daher ist unsere Lizenz, welche zur gewerblichen und professionellen Nutzung berechtigt folgenden Berufsgruppen vorbehalten:&nbsp;<\/span><br><span style=\"font-style: inherit; font-weight: inherit;\" data-start=\"1148\" data-end=\"1193\"><br><\/span><\/div>\n<ul data-start=\"1257\" data-end=\"1429\">\n<li data-start=\"1257\" data-end=\"1342\">\n<p data-start=\"1259\" data-end=\"1342\"><span data-start=\"1264\" data-end=\"1294\">Heilpraktikererlaubnis &#8211; allgemeine oder sektorale f\u00fcr Physiotherapie oder Psychotherapie, Physiotherapeuten, Approbation als Arzt<\/span><\/p>\n<\/li>\n<li data-start=\"1343\" data-end=\"1429\">\n<p data-start=\"1345\" data-end=\"1429\">unter Einhaltung der jeweils geltenden <strong data-start=\"1382\" data-end=\"1429\">berufsrechtlichen und gesetzlichen Vorgaben<\/strong><\/p>\n<\/li>\n<li data-start=\"1343\" data-end=\"1429\">\n<p data-start=\"1345\" data-end=\"1429\"><b>Anwendung ausschlie\u00dflich au\u00dferhalb der gesetzlichen Versorgung<\/b><\/p>\n<\/li>\n<li data-start=\"1343\" data-end=\"1429\">\n<p data-start=\"1345\" data-end=\"1429\"><b>Coaches, Berater<\/b> und <b>approbierte<\/b>&nbsp;<b>Psychotherapeuten <\/b>sind aufgrund gesetzlicher und berufsrechtlicher Vorgaben grunds\u00e4tzlich nicht berechtigt ONPT auszu\u00fcben und offiziell zu bewerben. Die Teilnahme an unserem Lehrgang steht selbstverst\u00e4ndlich offen &#8211; inklusive perspektfischer Zertifikatspr\u00fcfung bei Vorlage einer f\u00fcr die Lizenz notwendige Heilkundeerlaubnis.<\/p>\n<\/li>\n<\/ul>\n<p data-start=\"1431\" data-end=\"1597\">Liegt diese Voraussetzung nicht vor, ist eine gewerbliche Nutzung von ONPT \u00a9 <strong data-start=\"1496\" data-end=\"1514\">nicht zul\u00e4ssig<\/strong>, auch wenn inhaltliche Kenntnisse aus Fortbildungen oder Seminaren vorhanden sind. Gerne jedoch kann unser Lehrgang auch als pers\u00f6nliche Weiterentwicklung verstanden und genutzt werden.<\/p>\n<hr data-start=\"2103\" data-end=\"2106\">\n<h2 data-start=\"2108\" data-end=\"2145\">Qualit\u00e4t, Verantwortung und Schutz<\/h2>\n<div>Zertifizierung und Lizenz haben f\u00fcr uns folgende Bedeutung:<\/div>\n<p>Die Zertifizierung von ONPT dient:<\/p>\n<ul data-start=\"2183\" data-end=\"2362\">\n<li data-start=\"2212\" data-end=\"2257\">\n<p data-start=\"2214\" data-end=\"2257\"><strong>Kenntnis<\/strong> \u00fcber Theorie, Methodik, Grenzen<\/p>\n<\/li>\n<li data-start=\"2258\" data-end=\"2292\">\n<p data-start=\"2260\" data-end=\"2292\">dem Nachweis \u00fcber die <strong>fachliche Qualifikation<\/strong><\/p>\n<\/li>\n<\/ul>\n<p data-start=\"2147\" data-end=\"2181\">Die Lizenzierung von ONPT \u00a9 dient:<\/p>\n<ul data-start=\"2183\" data-end=\"2362\">\n<li data-start=\"2183\" data-end=\"2211\">\n<p data-start=\"2185\" data-end=\"2211\">der <strong data-start=\"2189\" data-end=\"2211\">Qualit\u00e4tssicherung<\/strong><\/p>\n<\/li>\n<li data-start=\"2212\" data-end=\"2257\">\n<p data-start=\"2214\" data-end=\"2257\">der <b>klaren Abgrenzung zwischen fachlicher Qualifikation, pers\u00f6nlicher und professioneller Anwendung<\/b><\/p>\n<\/li>\n<li data-start=\"2258\" data-end=\"2292\">\n<p data-start=\"2260\" data-end=\"2292\">dem <strong data-start=\"2264\" data-end=\"2292\">Schutz von Patienten<\/strong><\/p>\n<\/li>\n<li data-start=\"2293\" data-end=\"2362\">\n<p data-start=\"2295\" data-end=\"2362\">dem verantwortungsvollen Umgang mit einem therapeutischen Verfahren<\/p>\n<\/li>\n<\/ul>\n<p data-start=\"2364\" data-end=\"2469\">Eine Nutzung au\u00dferhalb der beschriebenen Voraussetzungen stellt eine <strong data-start=\"2433\" data-end=\"2464\">nicht genehmigte Verwendung<\/strong> dar.<\/p>\n<hr data-start=\"2471\" data-end=\"2474\">\n<h2 data-start=\"2476\" data-end=\"2500\">Weitere Informationen<\/h2>\n<p data-start=\"2502\" data-end=\"2612\">Informationen zu Fortbildungen, Zertifizierungen und m\u00f6glichen Lizenzmodellen werden gesondert in unserer&nbsp;<a href=\"https:\/\/psychosomatik-krause.de\/en\/fruehjahressemester-nervensystemregulation\/\" target=\"_blank\" rel=\"noopener\">Akademie<\/a>&nbsp;bereitgestellt.&nbsp;<br>Zudem stellen wir unser Verfahren inklusive Urspr\u00fcnge, Arbeitsphilosophie und Therapieablauf in unserem <a href=\"https:\/\/psychosomatik-krause.de\/en\/onpt-fachkonzept\/\">ONPT Fachkonzept<\/a> vor.<\/p>\t\t\t\t\t\t\t\t<\/div>\n\t\t\t\t<\/div>\n\t\t\t\t\t<\/div>\n\t\t<\/div>\n\t\t\t\t\t<\/div>\n\t\t<\/section>\n\t\t\t\t<\/div>","protected":false},"excerpt":{"rendered":"<p>ONPT\u00a9 \u2013 Lizenz &amp; Nutzung ONPT \u00a9 (Orthomolekulare Neuroregulative Psycho\/Physiotherapie nach Krause) ist ein eigenst\u00e4ndiges, gesch\u00fctztes und lizenziertes therapeutisches Verfahren [&hellip;]<\/p>\n","protected":false},"author":2,"featured_media":0,"parent":0,"menu_order":0,"comment_status":"closed","ping_status":"closed","template":"","meta":{"site-sidebar-layout":"no-sidebar","site-content-layout":"page-builder","ast-site-content-layout":"full-width-container","site-content-style":"default","site-sidebar-style":"default","ast-global-header-display":"","ast-banner-title-visibility":"","ast-main-header-display":"","ast-hfb-above-header-display":"","ast-hfb-below-header-display":"","ast-hfb-mobile-header-display":"","site-post-title":"disabled","ast-breadcrumbs-content":"","ast-featured-img":"disabled","footer-sml-layout":"","ast-disable-related-posts":"","theme-transparent-header-meta":"","adv-header-id-meta":"","stick-header-meta":"","header-above-stick-meta":"","header-main-stick-meta":"","header-below-stick-meta":"","astra-migrate-meta-layouts":"set","ast-page-background-enabled":"default","ast-page-background-meta":{"desktop":{"background-color":"var(--ast-global-color-4)","background-image":"","background-repeat":"repeat","background-position":"center center","background-size":"auto","background-attachment":"scroll","background-type":"","background-media":"","overlay-type":"","overlay-color":"","overlay-opacity":"","overlay-gradient":""},"tablet":{"background-color":"","background-image":"","background-repeat":"repeat","background-position":"center center","background-size":"auto","background-attachment":"scroll","background-type":"","background-media":"","overlay-type":"","overlay-color":"","overlay-opacity":"","overlay-gradient":""},"mobile":{"background-color":"","background-image":"","background-repeat":"repeat","background-position":"center center","background-size":"auto","background-attachment":"scroll","background-type":"","background-media":"","overlay-type":"","overlay-color":"","overlay-opacity":"","overlay-gradient":""}},"ast-content-background-meta":{"desktop":{"background-color":"var(--ast-global-color-5)","background-image":"","background-repeat":"repeat","background-position":"center center","background-size":"auto","background-attachment":"scroll","background-type":"","background-media":"","overlay-type":"","overlay-color":"","overlay-opacity":"","overlay-gradient":""},"tablet":{"background-color":"var(--ast-global-color-5)","background-image":"","background-repeat":"repeat","background-position":"center center","background-size":"auto","background-attachment":"scroll","background-type":"","background-media":"","overlay-type":"","overlay-color":"","overlay-opacity":"","overlay-gradient":""},"mobile":{"background-color":"var(--ast-global-color-5)","background-image":"","background-repeat":"repeat","background-position":"center center","background-size":"auto","background-attachment":"scroll","background-type":"","background-media":"","overlay-type":"","overlay-color":"","overlay-opacity":"","overlay-gradient":""}},"footnotes":""},"class_list":["post-15064","page","type-page","status-publish","hentry"],"jetpack_sharing_enabled":true,"_links":{"self":[{"href":"https:\/\/psychosomatik-krause.de\/en\/wp-json\/wp\/v2\/pages\/15064","targetHints":{"allow":["GET"]}}],"collection":[{"href":"https:\/\/psychosomatik-krause.de\/en\/wp-json\/wp\/v2\/pages"}],"about":[{"href":"https:\/\/psychosomatik-krause.de\/en\/wp-json\/wp\/v2\/types\/page"}],"author":[{"embeddable":true,"href":"https:\/\/psychosomatik-krause.de\/en\/wp-json\/wp\/v2\/users\/2"}],"replies":[{"embeddable":true,"href":"https:\/\/psychosomatik-krause.de\/en\/wp-json\/wp\/v2\/comments?post=15064"}],"version-history":[{"count":46,"href":"https:\/\/psychosomatik-krause.de\/en\/wp-json\/wp\/v2\/pages\/15064\/revisions"}],"predecessor-version":[{"id":16547,"href":"https:\/\/psychosomatik-krause.de\/en\/wp-json\/wp\/v2\/pages\/15064\/revisions\/16547"}],"wp:attachment":[{"href":"https:\/\/psychosomatik-krause.de\/en\/wp-json\/wp\/v2\/media?parent=15064"}],"curies":[{"name":"wp","href":"https:\/\/api.w.org\/{rel}","templated":true}]}}