{"id":13100,"date":"2026-03-07T17:59:35","date_gmt":"2026-03-07T16:59:35","guid":{"rendered":"https:\/\/psychosomatik-krause.de\/?page_id=13100"},"modified":"2026-03-10T14:53:26","modified_gmt":"2026-03-10T13:53:26","slug":"ai-orientierungshilfe-psychosomatik-stress","status":"publish","type":"page","link":"https:\/\/psychosomatik-krause.de\/en\/ai-orientierungshilfe-psychosomatik-stress","title":{"rendered":"ONPT AI"},"content":{"rendered":"<div data-elementor-type=\"wp-page\" data-elementor-id=\"13100\" class=\"elementor elementor-13100\" data-elementor-post-type=\"page\">\n\t\t\t\t\t\t<section class=\"elementor-section elementor-top-section elementor-element elementor-element-5ed0716 elementor-section-boxed elementor-section-height-default elementor-section-height-default\" data-id=\"5ed0716\" data-element_type=\"section\" data-e-type=\"section\">\n\t\t\t\t\t\t<div class=\"elementor-container elementor-column-gap-default\">\n\t\t\t\t\t<div class=\"elementor-column elementor-col-100 elementor-top-column elementor-element elementor-element-f94c6b7\" data-id=\"f94c6b7\" data-element_type=\"column\" data-e-type=\"column\">\n\t\t\t<div class=\"elementor-widget-wrap elementor-element-populated\">\n\t\t\t\t\t\t<div class=\"elementor-element elementor-element-dae4fb5 elementor-widget elementor-widget-image\" data-id=\"dae4fb5\" data-element_type=\"widget\" data-e-type=\"widget\" data-widget_type=\"image.default\">\n\t\t\t\t<div class=\"elementor-widget-container\">\n\t\t\t\t\t\t\t\t\t\t\t\t\t\t\t<img fetchpriority=\"high\" decoding=\"async\" width=\"1024\" height=\"291\" src=\"https:\/\/psychosomatik-krause.de\/wp-content\/uploads\/2026\/03\/onpt-ai-logo-1-1024x291.png\" class=\"attachment-large size-large wp-image-17273\" alt=\"\" srcset=\"https:\/\/psychosomatik-krause.de\/wp-content\/uploads\/2026\/03\/onpt-ai-logo-1-1024x291.png 1024w, https:\/\/psychosomatik-krause.de\/wp-content\/uploads\/2026\/03\/onpt-ai-logo-1-300x85.png 300w, https:\/\/psychosomatik-krause.de\/wp-content\/uploads\/2026\/03\/onpt-ai-logo-1-768x218.png 768w, https:\/\/psychosomatik-krause.de\/wp-content\/uploads\/2026\/03\/onpt-ai-logo-1-18x5.png 18w, https:\/\/psychosomatik-krause.de\/wp-content\/uploads\/2026\/03\/onpt-ai-logo-1-600x170.png 600w, https:\/\/psychosomatik-krause.de\/wp-content\/uploads\/2026\/03\/onpt-ai-logo-1.png 1419w\" sizes=\"(max-width: 1024px) 100vw, 1024px\" \/>\t\t\t\t\t\t\t\t\t\t\t\t\t\t\t<\/div>\n\t\t\t\t<\/div>\n\t\t\t\t<div class=\"elementor-element elementor-element-b1e9b9a elementor-widget elementor-widget-heading\" data-id=\"b1e9b9a\" data-element_type=\"widget\" data-e-type=\"widget\" data-widget_type=\"heading.default\">\n\t\t\t\t<div class=\"elementor-widget-container\">\n\t\t\t\t\t<h1 class=\"elementor-heading-title elementor-size-default\"><b>ONPT AI<\/b> - Ihr digitaler Assistent zur Orientierungshilfe bei Psychosomatik &amp; Stress<\/h1>\t\t\t\t<\/div>\n\t\t\t\t<\/div>\n\t\t\t\t<div class=\"elementor-element elementor-element-100f237 elementor-widget elementor-widget-text-editor\" data-id=\"100f237\" data-element_type=\"widget\" data-e-type=\"widget\" data-widget_type=\"text-editor.default\">\n\t\t\t\t<div class=\"elementor-widget-container\">\n\t\t\t\t\t\t\t\t\t<p>Viele Menschen leiden unter k\u00f6rperlich &#8211; und oder seelischen Beschwerden f\u00fcr die zun\u00e4chst keine klare medizinische Ursache gefunden wird oder bereits mehrere Therapien absolviert haben ohne zufriedenstellende nachhaltige Ergebnisse.<\/p><p>ONPT AI hilft Ihnen dabei, ihre Beschwerden besser einzuordnen und m\u00f6gliche n\u00e4chste Schritte zu verstehen auf Grundlage unseres Therapieverfahrens, welches Physiotherapie, Psychotherapie und funktionelle Medizin vereint.<\/p>\t\t\t\t\t\t\t\t<\/div>\n\t\t\t\t<\/div>\n\t\t\t\t<div class=\"elementor-element elementor-element-f90b0b6 elementor-widget elementor-widget-heading\" data-id=\"f90b0b6\" data-element_type=\"widget\" data-e-type=\"widget\" data-widget_type=\"heading.default\">\n\t\t\t\t<div class=\"elementor-widget-container\">\n\t\t\t\t\t<h2 class=\"elementor-heading-title elementor-size-default\">N\u00e4chster Schritt<\/h2>\t\t\t\t<\/div>\n\t\t\t\t<\/div>\n\t\t\t\t<div class=\"elementor-element elementor-element-c67742f elementor-widget elementor-widget-text-editor\" data-id=\"c67742f\" data-element_type=\"widget\" data-e-type=\"widget\" data-widget_type=\"text-editor.default\">\n\t\t\t\t<div class=\"elementor-widget-container\">\n\t\t\t\t\t\t\t\t\t<p>Beschreiben Sie kurz Ihre Beschwerden oder Ihr Anliegen.<br \/>ONPT AI stellt Ihnen einige Fragen und hilft, m\u00f6gliche n\u00e4chste Schritte einzuordnen.<\/p>\t\t\t\t\t\t\t\t<\/div>\n\t\t\t\t<\/div>\n\t\t\t\t<div class=\"elementor-element elementor-element-68054b2 elementor-widget elementor-widget-image\" data-id=\"68054b2\" data-element_type=\"widget\" data-e-type=\"widget\" data-widget_type=\"image.default\">\n\t\t\t\t<div class=\"elementor-widget-container\">\n\t\t\t\t\t\t\t\t\t\t\t\t\t\t\t<img decoding=\"async\" width=\"274\" height=\"318\" src=\"https:\/\/psychosomatik-krause.de\/wp-content\/uploads\/2026\/03\/onpt-ai-logo-symbol.png\" class=\"attachment-large size-large wp-image-17277\" alt=\"\" srcset=\"https:\/\/psychosomatik-krause.de\/wp-content\/uploads\/2026\/03\/onpt-ai-logo-symbol.png 274w, https:\/\/psychosomatik-krause.de\/wp-content\/uploads\/2026\/03\/onpt-ai-logo-symbol-258x300.png 258w, https:\/\/psychosomatik-krause.de\/wp-content\/uploads\/2026\/03\/onpt-ai-logo-symbol-10x12.png 10w\" sizes=\"(max-width: 274px) 100vw, 274px\" \/>\t\t\t\t\t\t\t\t\t\t\t\t\t\t\t<\/div>\n\t\t\t\t<\/div>\n\t\t\t\t<div class=\"elementor-element elementor-element-e05d1b8 elementor-widget-mobile__width-initial elementor-widget elementor-widget-shortcode\" data-id=\"e05d1b8\" data-element_type=\"widget\" data-e-type=\"widget\" data-widget_type=\"shortcode.default\">\n\t\t\t\t<div class=\"elementor-widget-container\">\n\t\t\t\t\t\t\t<div class=\"elementor-shortcode\"><div class='mwai-chatbot-container' data-params='{&quot;aiName&quot;:&quot;ONPT AI Basic&quot;,&quot;userName&quot;:&quot;User: &quot;,&quot;guestName&quot;:&quot;Guest:&quot;,&quot;aiAvatar&quot;:false,&quot;aiAvatarUrl&quot;:&quot;chat-traditional-1.svg&quot;,&quot;textSend&quot;:&quot;senden&quot;,&quot;textClear&quot;:&quot;l\\u00f6schen&quot;,&quot;imageUpload&quot;:false,&quot;fileUpload&quot;:false,&quot;multiUpload&quot;:false,&quot;maxUploads&quot;:1,&quot;fileUploads&quot;:0,&quot;mode&quot;:&quot;chat&quot;,&quot;textInputPlaceholder&quot;:&quot;Nachricht schreiben&quot;,&quot;textInputMaxLength&quot;:512,&quot;textCompliance&quot;:&quot;ONPT AI Basic 1.2.0 | KI kann Fehler machen. Weitere Informationen finden Sie in unserer Datenschutzerkl\\u00e4rung in der Fu\\u00dfzeile. Die Nutzung erfolgt eigenverantwortlich.&quot;,&quot;startSentence&quot;:&quot;Hallo, ich bin ONPT AI. Wie kann ich Ihnen weiterhelfen?&quot;,&quot;localMemory&quot;:false,&quot;themeId&quot;:&quot;messages&quot;,&quot;window&quot;:false,&quot;icon&quot;:&quot;&quot;,&quot;iconText&quot;:&quot;&quot;,&quot;iconTextDelay&quot;:1,&quot;iconAlt&quot;:&quot;AI Engine Chatbot&quot;,&quot;iconPosition&quot;:&quot;bottom-right&quot;,&quot;centerOpen&quot;:false,&quot;width&quot;:&quot;&quot;,&quot;openDelay&quot;:&quot;&quot;,&quot;iconBubble&quot;:false,&quot;windowAnimation&quot;:&quot;zoom&quot;,&quot;fullscreen&quot;:false,&quot;copyButton&quot;:false,&quot;headerSubtitle&quot;:&quot;Discuss with&quot;,&quot;containerType&quot;:&quot;standard&quot;,&quot;headerType&quot;:&quot;standard&quot;,&quot;messagesType&quot;:&quot;standard&quot;,&quot;inputType&quot;:&quot;standard&quot;,&quot;footerType&quot;:&quot;standard&quot;}' data-system='{&quot;botId&quot;:&quot;default&quot;,&quot;customId&quot;:null,&quot;userData&quot;:null,&quot;sessionId&quot;:&quot;69e8ec2b59542&quot;,&quot;restNonce&quot;:null,&quot;contextId&quot;:null,&quot;pluginUrl&quot;:&quot;https:\\\/\\\/psychosomatik-krause.de\\\/wp-content\\\/plugins\\\/ai-engine&quot;,&quot;restUrl&quot;:&quot;https:\\\/\\\/psychosomatik-krause.de\\\/en\\\/wp-json&quot;,&quot;stream&quot;:true,&quot;debugMode&quot;:false,&quot;eventLogs&quot;:false,&quot;speech_recognition&quot;:false,&quot;speech_synthesis&quot;:false,&quot;typewriter&quot;:false,&quot;crossSite&quot;:false,&quot;actions&quot;:[],&quot;blocks&quot;:[],&quot;shortcuts&quot;:[]}' data-theme='{&quot;type&quot;:&quot;internal&quot;,&quot;name&quot;:&quot;Messages&quot;,&quot;themeId&quot;:&quot;messages&quot;,&quot;settings&quot;:[],&quot;style&quot;:&quot;&quot;,&quot;cssUrl&quot;:&quot;https:\\\/\\\/psychosomatik-krause.de\\\/wp-content\\\/plugins\\\/ai-engine\\\/themes\\\/messages.css&quot;}'><\/div><\/div>\n\t\t\t\t\t\t<\/div>\n\t\t\t\t<\/div>\n\t\t\t\t<div class=\"elementor-element elementor-element-b3c4856 elementor-widget-mobile__width-initial elementor-widget-divider--view-line elementor-widget elementor-widget-divider\" data-id=\"b3c4856\" data-element_type=\"widget\" data-e-type=\"widget\" data-widget_type=\"divider.default\">\n\t\t\t\t<div class=\"elementor-widget-container\">\n\t\t\t\t\t\t\t<div class=\"elementor-divider\">\n\t\t\t<span class=\"elementor-divider-separator\">\n\t\t\t\t\t\t<\/span>\n\t\t<\/div>\n\t\t\t\t\t\t<\/div>\n\t\t\t\t<\/div>\n\t\t\t\t<div class=\"elementor-element elementor-element-47cf918 elementor-widget elementor-widget-heading\" data-id=\"47cf918\" data-element_type=\"widget\" data-e-type=\"widget\" data-widget_type=\"heading.default\">\n\t\t\t\t<div class=\"elementor-widget-container\">\n\t\t\t\t\t<h2 class=\"elementor-heading-title elementor-size-default\">Hinweis<\/h2>\t\t\t\t<\/div>\n\t\t\t\t<\/div>\n\t\t\t\t<div class=\"elementor-element elementor-element-cf1f291 elementor-widget elementor-widget-text-editor\" data-id=\"cf1f291\" data-element_type=\"widget\" data-e-type=\"widget\" data-widget_type=\"text-editor.default\">\n\t\t\t\t<div class=\"elementor-widget-container\">\n\t\t\t\t\t\t\t\t\t<p>In Notfallsituationen (Suizidalit\u00e4t, starke akute diffuse Beschwerden) kontaktieren Sie immer den Notruf 112<br \/>Bei der Nutzung der Funktion &#8220;ONPT AI&#8220; werden eingegebene Inhalte zur Verarbeitung an einen externen KI Dienst \u00fcbermittelt Bitte geben Sie keine sensiblen pers\u00f6nlichen Daten an die Nutzung erfolgt freiwillig<\/p>\t\t\t\t\t\t\t\t<\/div>\n\t\t\t\t<\/div>\n\t\t\t\t<div class=\"elementor-element elementor-element-ffa812e elementor-widget elementor-widget-text-editor\" data-id=\"ffa812e\" data-element_type=\"widget\" data-e-type=\"widget\" data-widget_type=\"text-editor.default\">\n\t\t\t\t<div class=\"elementor-widget-container\">\n\t\t\t\t\t\t\t\t\t<p>ONPT AI Basic <br>Die digitale Orientierungshilfe bei psychosomatischen und stressbedingten Themen entwickelt von Krause Health &amp; Business I.C.<\/p>\n<p>ONPT AI Basic | \u00a9 Krause Health &amp; Business I.C.<\/p>\t\t\t\t\t\t\t\t<\/div>\n\t\t\t\t<\/div>\n\t\t\t\t\t<\/div>\n\t\t<\/div>\n\t\t\t\t\t<\/div>\n\t\t<\/section>\n\t\t\t\t<\/div>","protected":false},"excerpt":{"rendered":"<p>ONPT AI &#8211; Ihr digitaler Assistent zur Orientierungshilfe bei Psychosomatik &amp; Stress Viele Menschen leiden unter k\u00f6rperlich &#8211; und oder [&hellip;]<\/p>\n","protected":false},"author":2,"featured_media":0,"parent":0,"menu_order":0,"comment_status":"closed","ping_status":"closed","template":"","meta":{"site-sidebar-layout":"no-sidebar","site-content-layout":"page-builder","ast-site-content-layout":"full-width-container","site-content-style":"unboxed","site-sidebar-style":"unboxed","ast-global-header-display":"","ast-banner-title-visibility":"","ast-main-header-display":"","ast-hfb-above-header-display":"","ast-hfb-below-header-display":"","ast-hfb-mobile-header-display":"","site-post-title":"disabled","ast-breadcrumbs-content":"","ast-featured-img":"disabled","footer-sml-layout":"","ast-disable-related-posts":"","theme-transparent-header-meta":"","adv-header-id-meta":"","stick-header-meta":"","header-above-stick-meta":"","header-main-stick-meta":"","header-below-stick-meta":"","astra-migrate-meta-layouts":"set","ast-page-background-enabled":"default","ast-page-background-meta":{"desktop":{"background-color":"var(--ast-global-color-4)","background-image":"","background-repeat":"repeat","background-position":"center center","background-size":"auto","background-attachment":"scroll","background-type":"","background-media":"","overlay-type":"","overlay-color":"","overlay-opacity":"","overlay-gradient":""},"tablet":{"background-color":"","background-image":"","background-repeat":"repeat","background-position":"center center","background-size":"auto","background-attachment":"scroll","background-type":"","background-media":"","overlay-type":"","overlay-color":"","overlay-opacity":"","overlay-gradient":""},"mobile":{"background-color":"","background-image":"","background-repeat":"repeat","background-position":"center center","background-size":"auto","background-attachment":"scroll","background-type":"","background-media":"","overlay-type":"","overlay-color":"","overlay-opacity":"","overlay-gradient":""}},"ast-content-background-meta":{"desktop":{"background-color":"var(--ast-global-color-5)","background-image":"","background-repeat":"repeat","background-position":"center center","background-size":"auto","background-attachment":"scroll","background-type":"","background-media":"","overlay-type":"","overlay-color":"","overlay-opacity":"","overlay-gradient":""},"tablet":{"background-color":"var(--ast-global-color-5)","background-image":"","background-repeat":"repeat","background-position":"center center","background-size":"auto","background-attachment":"scroll","background-type":"","background-media":"","overlay-type":"","overlay-color":"","overlay-opacity":"","overlay-gradient":""},"mobile":{"background-color":"var(--ast-global-color-5)","background-image":"","background-repeat":"repeat","background-position":"center center","background-size":"auto","background-attachment":"scroll","background-type":"","background-media":"","overlay-type":"","overlay-color":"","overlay-opacity":"","overlay-gradient":""}},"footnotes":""},"class_list":["post-13100","page","type-page","status-publish","hentry"],"jetpack_sharing_enabled":true,"_links":{"self":[{"href":"https:\/\/psychosomatik-krause.de\/en\/wp-json\/wp\/v2\/pages\/13100","targetHints":{"allow":["GET"]}}],"collection":[{"href":"https:\/\/psychosomatik-krause.de\/en\/wp-json\/wp\/v2\/pages"}],"about":[{"href":"https:\/\/psychosomatik-krause.de\/en\/wp-json\/wp\/v2\/types\/page"}],"author":[{"embeddable":true,"href":"https:\/\/psychosomatik-krause.de\/en\/wp-json\/wp\/v2\/users\/2"}],"replies":[{"embeddable":true,"href":"https:\/\/psychosomatik-krause.de\/en\/wp-json\/wp\/v2\/comments?post=13100"}],"version-history":[{"count":105,"href":"https:\/\/psychosomatik-krause.de\/en\/wp-json\/wp\/v2\/pages\/13100\/revisions"}],"predecessor-version":[{"id":17299,"href":"https:\/\/psychosomatik-krause.de\/en\/wp-json\/wp\/v2\/pages\/13100\/revisions\/17299"}],"wp:attachment":[{"href":"https:\/\/psychosomatik-krause.de\/en\/wp-json\/wp\/v2\/media?parent=13100"}],"curies":[{"name":"wp","href":"https:\/\/api.w.org\/{rel}","templated":true}]}}