{"id":10493,"date":"2025-05-29T21:46:20","date_gmt":"2025-05-29T19:46:20","guid":{"rendered":"https:\/\/psychosomatik-krause.de\/?page_id=10493"},"modified":"2026-03-15T11:01:43","modified_gmt":"2026-03-15T10:01:43","slug":"biofeedback","status":"publish","type":"page","link":"https:\/\/psychosomatik-krause.de\/en\/biofeedback","title":{"rendered":"Biofeedback &#8211; Diagnostik &amp; Therapie"},"content":{"rendered":"<div data-elementor-type=\"wp-page\" data-elementor-id=\"10493\" class=\"elementor elementor-10493\" data-elementor-post-type=\"page\">\n\t\t\t\t\t\t<section class=\"elementor-section elementor-top-section elementor-element elementor-element-c617951 elementor-section-boxed elementor-section-height-default elementor-section-height-default\" data-id=\"c617951\" data-element_type=\"section\" data-e-type=\"section\">\n\t\t\t\t\t\t<div class=\"elementor-container elementor-column-gap-default\">\n\t\t\t\t\t<div class=\"elementor-column elementor-col-100 elementor-top-column elementor-element elementor-element-1732dec\" data-id=\"1732dec\" data-element_type=\"column\" data-e-type=\"column\">\n\t\t\t<div class=\"elementor-widget-wrap elementor-element-populated\">\n\t\t\t\t\t\t<section class=\"elementor-section elementor-inner-section elementor-element elementor-element-2a61fbe elementor-section-boxed elementor-section-height-default elementor-section-height-default\" data-id=\"2a61fbe\" data-element_type=\"section\" data-e-type=\"section\">\n\t\t\t\t\t\t<div class=\"elementor-container elementor-column-gap-default\">\n\t\t\t\t\t<div class=\"elementor-column elementor-col-100 elementor-inner-column elementor-element elementor-element-f154b06\" data-id=\"f154b06\" data-element_type=\"column\" data-e-type=\"column\">\n\t\t\t<div class=\"elementor-widget-wrap elementor-element-populated\">\n\t\t\t\t\t\t<div class=\"elementor-element elementor-element-c93fa81 elementor-widget elementor-widget-heading\" data-id=\"c93fa81\" data-element_type=\"widget\" data-e-type=\"widget\" data-widget_type=\"heading.default\">\n\t\t\t\t<div class=\"elementor-widget-container\">\n\t\t\t\t\t<h1 class=\"elementor-heading-title elementor-size-default\">Biofeedback in Stuttgart - Diagnostik und Therapie des Nervensystems<\/h1>\t\t\t\t<\/div>\n\t\t\t\t<\/div>\n\t\t\t\t\t<\/div>\n\t\t<\/div>\n\t\t\t\t\t<\/div>\n\t\t<\/section>\n\t\t\t\t<div class=\"elementor-element elementor-element-3ed27ea elementor-widget elementor-widget-heading\" data-id=\"3ed27ea\" data-element_type=\"widget\" data-e-type=\"widget\" data-widget_type=\"heading.default\">\n\t\t\t\t<div class=\"elementor-widget-container\">\n\t\t\t\t\t<h2 class=\"elementor-heading-title elementor-size-default\">Was ist Biofeedback \u2013 und wie funktioniert es?<\/h2>\t\t\t\t<\/div>\n\t\t\t\t<\/div>\n\t\t\t\t<div class=\"elementor-element elementor-element-b46d3e1 elementor-widget elementor-widget-text-editor\" data-id=\"b46d3e1\" data-element_type=\"widget\" data-e-type=\"widget\" data-widget_type=\"text-editor.default\">\n\t\t\t\t<div class=\"elementor-widget-container\">\n\t\t\t\t\t\t\t\t\t<p>Biofeedback ist eine moderne, wissenschaftlich fundierte Methode, mit der k\u00f6rperliche Stressreaktionen sichtbar gemacht und gezielt reguliert werden k\u00f6nnen. In meiner Praxis arbeite ich v.\u202fa. mit der HRV-Messung (Herzratenvariabilit\u00e4t) \u2013 einem bew\u00e4hrten Verfahren, das zeigt, wie flexibel Ihr Nervensystem mit Belastung umgeht.<\/p><p>Durch Biofeedback lernen Sie, Ihre unbewussten Reaktionen bewusster wahrzunehmen \u2013 und mit konkreten \u00dcbungen positiven Einfluss auf Ihre innere Balance zu nehmen. So entsteht echte Ver\u00e4nderung \u2013 nicht nur im Kopf, sondern im ganzen System.<\/p>\t\t\t\t\t\t\t\t<\/div>\n\t\t\t\t<\/div>\n\t\t\t\t<div class=\"elementor-element elementor-element-093a08f elementor-align-left elementor-widget elementor-widget-button\" data-id=\"093a08f\" data-element_type=\"widget\" data-e-type=\"widget\" data-widget_type=\"button.default\">\n\t\t\t\t<div class=\"elementor-widget-container\">\n\t\t\t\t\t\t\t\t\t<div class=\"elementor-button-wrapper\">\n\t\t\t\t\t<a class=\"elementor-button elementor-button-link elementor-size-sm\" href=\"\/en\/#praxis-besuchen\">\n\t\t\t\t\t\t<span class=\"elementor-button-content-wrapper\">\n\t\t\t\t\t\t\t\t\t<span class=\"elementor-button-text\">zu den Therapieprogrammen<\/span>\n\t\t\t\t\t<\/span>\n\t\t\t\t\t<\/a>\n\t\t\t\t<\/div>\n\t\t\t\t\t\t\t\t<\/div>\n\t\t\t\t<\/div>\n\t\t\t\t\t<\/div>\n\t\t<\/div>\n\t\t\t\t\t<\/div>\n\t\t<\/section>\n\t\t\t\t<section class=\"elementor-section elementor-top-section elementor-element elementor-element-97b2eb5 elementor-section-boxed elementor-section-height-default elementor-section-height-default\" data-id=\"97b2eb5\" data-element_type=\"section\" data-e-type=\"section\" data-settings=\"{&quot;background_background&quot;:&quot;classic&quot;}\">\n\t\t\t\t\t\t<div class=\"elementor-container elementor-column-gap-default\">\n\t\t\t\t\t<div class=\"elementor-column elementor-col-100 elementor-top-column elementor-element elementor-element-d38c773\" data-id=\"d38c773\" data-element_type=\"column\" data-e-type=\"column\">\n\t\t\t<div class=\"elementor-widget-wrap elementor-element-populated\">\n\t\t\t\t\t\t<section class=\"elementor-section elementor-inner-section elementor-element elementor-element-0f23694 elementor-section-boxed elementor-section-height-default elementor-section-height-default\" data-id=\"0f23694\" data-element_type=\"section\" data-e-type=\"section\">\n\t\t\t\t\t\t<div class=\"elementor-container elementor-column-gap-default\">\n\t\t\t\t\t<div class=\"elementor-column elementor-col-100 elementor-inner-column elementor-element elementor-element-4484e77\" data-id=\"4484e77\" data-element_type=\"column\" data-e-type=\"column\">\n\t\t\t<div class=\"elementor-widget-wrap elementor-element-populated\">\n\t\t\t\t\t\t<div class=\"elementor-element elementor-element-90e6dd7 elementor-widget elementor-widget-heading\" data-id=\"90e6dd7\" data-element_type=\"widget\" data-e-type=\"widget\" data-widget_type=\"heading.default\">\n\t\t\t\t<div class=\"elementor-widget-container\">\n\t\t\t\t\t<h2 class=\"elementor-heading-title elementor-size-default\">Pr\u00e4zise Technik f\u00fcr fundierte Diagnostik<\/h2>\t\t\t\t<\/div>\n\t\t\t\t<\/div>\n\t\t\t\t<div class=\"elementor-element elementor-element-b4c0bac elementor-widget elementor-widget-text-editor\" data-id=\"b4c0bac\" data-element_type=\"widget\" data-e-type=\"widget\" data-widget_type=\"text-editor.default\">\n\t\t\t\t<div class=\"elementor-widget-container\">\n\t\t\t\t\t\t\t\t\t<p>Wir arbeiten mit dem Polar H10 \u2013 einem medizinisch anerkannten HRV-System, das objektive Werte \u00fcber Ihre Stressregulation liefert. So kann ich Ihre Therapie fundiert und individuell ausrichten.<\/p>\t\t\t\t\t\t\t\t<\/div>\n\t\t\t\t<\/div>\n\t\t\t\t<div class=\"elementor-element elementor-element-ebca420 elementor-widget elementor-widget-image\" data-id=\"ebca420\" data-element_type=\"widget\" data-e-type=\"widget\" data-widget_type=\"image.default\">\n\t\t\t\t<div class=\"elementor-widget-container\">\n\t\t\t\t\t\t\t\t\t\t\t\t\t\t\t<img fetchpriority=\"high\" decoding=\"async\" width=\"1024\" height=\"683\" src=\"https:\/\/psychosomatik-krause.de\/wp-content\/uploads\/2025\/05\/0A3D4DD5-8D45-4677-8AEC-A562BDB50C5E-1024x683.png\" class=\"attachment-large size-large wp-image-10533\" alt=\"\" srcset=\"https:\/\/psychosomatik-krause.de\/wp-content\/uploads\/2025\/05\/0A3D4DD5-8D45-4677-8AEC-A562BDB50C5E-1024x683.png 1024w, https:\/\/psychosomatik-krause.de\/wp-content\/uploads\/2025\/05\/0A3D4DD5-8D45-4677-8AEC-A562BDB50C5E-600x400.png 600w, https:\/\/psychosomatik-krause.de\/wp-content\/uploads\/2025\/05\/0A3D4DD5-8D45-4677-8AEC-A562BDB50C5E-300x200.png 300w, https:\/\/psychosomatik-krause.de\/wp-content\/uploads\/2025\/05\/0A3D4DD5-8D45-4677-8AEC-A562BDB50C5E-768x512.png 768w, https:\/\/psychosomatik-krause.de\/wp-content\/uploads\/2025\/05\/0A3D4DD5-8D45-4677-8AEC-A562BDB50C5E.png 1536w\" sizes=\"(max-width: 1024px) 100vw, 1024px\" \/>\t\t\t\t\t\t\t\t\t\t\t\t\t\t\t<\/div>\n\t\t\t\t<\/div>\n\t\t\t\t\t<\/div>\n\t\t<\/div>\n\t\t\t\t\t<\/div>\n\t\t<\/section>\n\t\t\t\t\t<\/div>\n\t\t<\/div>\n\t\t\t\t\t<\/div>\n\t\t<\/section>\n\t\t\t\t<section class=\"elementor-section elementor-top-section elementor-element elementor-element-4fd066d elementor-section-boxed elementor-section-height-default elementor-section-height-default\" data-id=\"4fd066d\" data-element_type=\"section\" data-e-type=\"section\">\n\t\t\t\t\t\t<div class=\"elementor-container elementor-column-gap-default\">\n\t\t\t\t\t<div class=\"elementor-column elementor-col-100 elementor-top-column elementor-element elementor-element-581ae94\" data-id=\"581ae94\" data-element_type=\"column\" data-e-type=\"column\">\n\t\t\t<div class=\"elementor-widget-wrap elementor-element-populated\">\n\t\t\t\t\t\t<div class=\"elementor-element elementor-element-9611045 elementor-widget elementor-widget-heading\" data-id=\"9611045\" data-element_type=\"widget\" data-e-type=\"widget\" data-widget_type=\"heading.default\">\n\t\t\t\t<div class=\"elementor-widget-container\">\n\t\t\t\t\t<h2 class=\"elementor-heading-title elementor-size-default\">F\u00fcr wen ist Biofeedback geeignet?<\/h2>\t\t\t\t<\/div>\n\t\t\t\t<\/div>\n\t\t\t\t<div class=\"elementor-element elementor-element-04e1ecf elementor-widget elementor-widget-text-editor\" data-id=\"04e1ecf\" data-element_type=\"widget\" data-e-type=\"widget\" data-widget_type=\"text-editor.default\">\n\t\t\t\t<div class=\"elementor-widget-container\">\n\t\t\t\t\t\t\t\t\t<p>Typische Anwendungsbereiche:<\/p><ul><li>Chronischer Stress Reizbarkeit, Ersch\u00f6pfung<\/li><li>Psychosomatische Beschwerden, wie Reizdarm, Spannungskopfschmerz, Herzstolpern<\/li><li>Schlafprobleme Einschlafst\u00f6rungen, unruhiger Schlaf<\/li><li>Emotionale \u00dcberlastung Burnout-Symptome, Gr\u00fcbelzwang<\/li><li>Angst- oder Panikreaktionen, Atemprobleme, vegetative Dysbalance<\/li><\/ul>\t\t\t\t\t\t\t\t<\/div>\n\t\t\t\t<\/div>\n\t\t\t\t<div class=\"elementor-element elementor-element-f264c24 elementor-widget elementor-widget-heading\" data-id=\"f264c24\" data-element_type=\"widget\" data-e-type=\"widget\" data-widget_type=\"heading.default\">\n\t\t\t\t<div class=\"elementor-widget-container\">\n\t\t\t\t\t<h2 class=\"elementor-heading-title elementor-size-default\">Biofeedback - f\u00fcr Physiotherapie und Psychotherapie<\/h2>\t\t\t\t<\/div>\n\t\t\t\t<\/div>\n\t\t\t\t<div class=\"elementor-element elementor-element-4ddcf9a elementor-widget elementor-widget-text-editor\" data-id=\"4ddcf9a\" data-element_type=\"widget\" data-e-type=\"widget\" data-widget_type=\"text-editor.default\">\n\t\t\t\t<div class=\"elementor-widget-container\">\n\t\t\t\t\t\t\t\t\t<p>Biofeedback ist bei uns kein Selbstbedienungssystem und keine Technikspielerei. Wir nutzen es als Teil einer ganzheitlichen, therapeutisch begleiteten Behandlung, die K\u00f6rper und Psyche verbindet.<\/p><p>Dabei erheben wir verschiedene Messwerte des Nervensystems um unter anderem darauf basierend einen effektiven Therapieplan f\u00fcr Sie zu erstellen und durchzuf\u00fchren. In unseren Therapieprogrammen f\u00fchren wir regelm\u00e4\u00dfige Verlaufskontrollen durch, um den therapeutischen Prozess verifizieren zu k\u00f6nnen.<\/p>\t\t\t\t\t\t\t\t<\/div>\n\t\t\t\t<\/div>\n\t\t\t\t\t<\/div>\n\t\t<\/div>\n\t\t\t\t\t<\/div>\n\t\t<\/section>\n\t\t\t\t<section class=\"elementor-section elementor-top-section elementor-element elementor-element-267a6af elementor-section-boxed elementor-section-height-default elementor-section-height-default\" data-id=\"267a6af\" data-element_type=\"section\" data-e-type=\"section\" data-settings=\"{&quot;background_background&quot;:&quot;classic&quot;}\">\n\t\t\t\t\t\t<div class=\"elementor-container elementor-column-gap-default\">\n\t\t\t\t\t<div class=\"elementor-column elementor-col-100 elementor-top-column elementor-element elementor-element-8bb28a2\" data-id=\"8bb28a2\" data-element_type=\"column\" data-e-type=\"column\">\n\t\t\t<div class=\"elementor-widget-wrap elementor-element-populated\">\n\t\t\t\t\t\t<section class=\"elementor-section elementor-inner-section elementor-element elementor-element-ed07e68 elementor-section-boxed elementor-section-height-default elementor-section-height-default\" data-id=\"ed07e68\" data-element_type=\"section\" data-e-type=\"section\">\n\t\t\t\t\t\t<div class=\"elementor-container elementor-column-gap-default\">\n\t\t\t\t\t<div class=\"elementor-column elementor-col-100 elementor-inner-column elementor-element elementor-element-efd4951\" data-id=\"efd4951\" data-element_type=\"column\" data-e-type=\"column\">\n\t\t\t<div class=\"elementor-widget-wrap elementor-element-populated\">\n\t\t\t\t\t\t<div class=\"elementor-element elementor-element-3178ca6 elementor-widget elementor-widget-heading\" data-id=\"3178ca6\" data-element_type=\"widget\" data-e-type=\"widget\" data-widget_type=\"heading.default\">\n\t\t\t\t<div class=\"elementor-widget-container\">\n\t\t\t\t\t<h3 class=\"elementor-heading-title elementor-size-default\">Ihre Vorteile durch HRV - Biofeedback<\/h3>\t\t\t\t<\/div>\n\t\t\t\t<\/div>\n\t\t\t\t<div class=\"elementor-element elementor-element-aaf610e elementor-widget elementor-widget-text-editor\" data-id=\"aaf610e\" data-element_type=\"widget\" data-e-type=\"widget\" data-widget_type=\"text-editor.default\">\n\t\t\t\t<div class=\"elementor-widget-container\">\n\t\t\t\t\t\t\t\t\t<ol><li>Fr\u00fcherkennung von Stressmustern: Identifiziert fr\u00fchzeitig Anzeichen von Stress und Ungleichgewichten im autonomen Nervensystem.<\/li><li>Objektive Messung: Liefert pr\u00e4zise, messbare Daten \u00fcber den aktuellen Gesundheitszustand.<\/li><li>Individuelle Stressprofile: Erm\u00f6glicht die Erstellung personalisierter Stressprofile f\u00fcr gezielte Therapieans\u00e4tze.<\/li><li>Verlaufskontrolle: Zeigt Ver\u00e4nderungen und Fortschritte im Zeitverlauf, um den Therapieerfolg zu \u00fcberwachen.<\/li><li>Ganzheitliche Diagnostik: Erg\u00e4nzt die psychotherapeutische Diagnostik um physiologische Parameter f\u00fcr ein umfassenderes Bild.<\/li><li>Stressreduktion: Hilft, den Stresslevel zu senken und das allgemeine Wohlbefinden zu verbessern.<\/li><li>Bessere emotionale Regulierung: Unterst\u00fctzt dabei, Emotionen besser zu steuern und ausgeglichener zu sein.<\/li><\/ol>\t\t\t\t\t\t\t\t<\/div>\n\t\t\t\t<\/div>\n\t\t\t\t\t<\/div>\n\t\t<\/div>\n\t\t\t\t\t<\/div>\n\t\t<\/section>\n\t\t\t\t\t<\/div>\n\t\t<\/div>\n\t\t\t\t\t<\/div>\n\t\t<\/section>\n\t\t\t\t<section class=\"elementor-section elementor-top-section elementor-element elementor-element-d092a79 elementor-section-boxed elementor-section-height-default elementor-section-height-default\" data-id=\"d092a79\" data-element_type=\"section\" data-e-type=\"section\">\n\t\t\t\t\t\t<div class=\"elementor-container elementor-column-gap-default\">\n\t\t\t\t\t<div class=\"elementor-column elementor-col-100 elementor-top-column elementor-element elementor-element-0cfe214\" data-id=\"0cfe214\" data-element_type=\"column\" data-e-type=\"column\">\n\t\t\t<div class=\"elementor-widget-wrap elementor-element-populated\">\n\t\t\t\t\t\t<div class=\"elementor-element elementor-element-0e536c6 elementor-widget elementor-widget-heading\" data-id=\"0e536c6\" data-element_type=\"widget\" data-e-type=\"widget\" data-widget_type=\"heading.default\">\n\t\t\t\t<div class=\"elementor-widget-container\">\n\t\t\t\t\t<h3 class=\"elementor-heading-title elementor-size-default\">Meine Angebote<\/h3>\t\t\t\t<\/div>\n\t\t\t\t<\/div>\n\t\t\t\t<div class=\"elementor-element elementor-element-1cdd876 elementor-widget elementor-widget-icon-box\" data-id=\"1cdd876\" data-element_type=\"widget\" data-e-type=\"widget\" data-widget_type=\"icon-box.default\">\n\t\t\t\t<div class=\"elementor-widget-container\">\n\t\t\t\t\t\t\t<div class=\"elementor-icon-box-wrapper\">\n\n\t\t\t\n\t\t\t\t\t\t<div class=\"elementor-icon-box-content\">\n\n\t\t\t\t\t\t\t\t\t<h4 class=\"elementor-icon-box-title\">\n\t\t\t\t\t\t<a href=\"\/en\/home\/\" >\n\t\t\t\t\t\t\tDiagnostik und Therapie\t\t\t\t\t\t<\/a>\n\t\t\t\t\t<\/h4>\n\t\t\t\t\n\t\t\t\t\t\t\t\t\t<p class=\"elementor-icon-box-description\">\n\t\t\t\t\t\tDie auf dieser Seite aufgelisteten Leistungen wurden mit weiteren Leistungen zu einem neuen, hauseigenen Therapieverfahren ''ONPT'' zusammengefasst. <br> Mehr \u00dcber ONPT und Preise erfahren Sie hier.\t\t\t\t\t<\/p>\n\t\t\t\t\n\t\t\t<\/div>\n\t\t\t\n\t\t<\/div>\n\t\t\t\t\t\t<\/div>\n\t\t\t\t<\/div>\n\t\t\t\t<div class=\"elementor-element elementor-element-9861661 elementor-align-left elementor-widget elementor-widget-button\" data-id=\"9861661\" data-element_type=\"widget\" data-e-type=\"widget\" data-widget_type=\"button.default\">\n\t\t\t\t<div class=\"elementor-widget-container\">\n\t\t\t\t\t\t\t\t\t<div class=\"elementor-button-wrapper\">\n\t\t\t\t\t<a class=\"elementor-button elementor-button-link elementor-size-sm\" href=\"\/en\/#praxis-besuchen\">\n\t\t\t\t\t\t<span class=\"elementor-button-content-wrapper\">\n\t\t\t\t\t\t\t\t\t<span class=\"elementor-button-text\">zu den Therapieprogrammen<\/span>\n\t\t\t\t\t<\/span>\n\t\t\t\t\t<\/a>\n\t\t\t\t<\/div>\n\t\t\t\t\t\t\t\t<\/div>\n\t\t\t\t<\/div>\n\t\t\t\t\t<\/div>\n\t\t<\/div>\n\t\t\t\t\t<\/div>\n\t\t<\/section>\n\t\t\t\t<\/div>","protected":false},"excerpt":{"rendered":"<p>Biofeedback in Stuttgart &#8211; Diagnostik und Therapie des Nervensystems Was ist Biofeedback \u2013 und wie funktioniert es? Biofeedback ist eine [&hellip;]<\/p>\n","protected":false},"author":2,"featured_media":10494,"parent":0,"menu_order":0,"comment_status":"closed","ping_status":"closed","template":"","meta":{"site-sidebar-layout":"no-sidebar","site-content-layout":"page-builder","ast-site-content-layout":"full-width-container","site-content-style":"default","site-sidebar-style":"default","ast-global-header-display":"","ast-banner-title-visibility":"","ast-main-header-display":"","ast-hfb-above-header-display":"","ast-hfb-below-header-display":"","ast-hfb-mobile-header-display":"","site-post-title":"disabled","ast-breadcrumbs-content":"","ast-featured-img":"disabled","footer-sml-layout":"","ast-disable-related-posts":"","theme-transparent-header-meta":"","adv-header-id-meta":"","stick-header-meta":"","header-above-stick-meta":"","header-main-stick-meta":"","header-below-stick-meta":"","astra-migrate-meta-layouts":"set","ast-page-background-enabled":"default","ast-page-background-meta":{"desktop":{"background-color":"var(--ast-global-color-4)","background-image":"","background-repeat":"repeat","background-position":"center center","background-size":"auto","background-attachment":"scroll","background-type":"","background-media":"","overlay-type":"","overlay-color":"","overlay-opacity":"","overlay-gradient":""},"tablet":{"background-color":"","background-image":"","background-repeat":"repeat","background-position":"center center","background-size":"auto","background-attachment":"scroll","background-type":"","background-media":"","overlay-type":"","overlay-color":"","overlay-opacity":"","overlay-gradient":""},"mobile":{"background-color":"","background-image":"","background-repeat":"repeat","background-position":"center center","background-size":"auto","background-attachment":"scroll","background-type":"","background-media":"","overlay-type":"","overlay-color":"","overlay-opacity":"","overlay-gradient":""}},"ast-content-background-meta":{"desktop":{"background-color":"var(--ast-global-color-5)","background-image":"","background-repeat":"repeat","background-position":"center center","background-size":"auto","background-attachment":"scroll","background-type":"","background-media":"","overlay-type":"","overlay-color":"","overlay-opacity":"","overlay-gradient":""},"tablet":{"background-color":"var(--ast-global-color-5)","background-image":"","background-repeat":"repeat","background-position":"center center","background-size":"auto","background-attachment":"scroll","background-type":"","background-media":"","overlay-type":"","overlay-color":"","overlay-opacity":"","overlay-gradient":""},"mobile":{"background-color":"var(--ast-global-color-5)","background-image":"","background-repeat":"repeat","background-position":"center center","background-size":"auto","background-attachment":"scroll","background-type":"","background-media":"","overlay-type":"","overlay-color":"","overlay-opacity":"","overlay-gradient":""}},"footnotes":""},"class_list":["post-10493","page","type-page","status-publish","has-post-thumbnail","hentry"],"jetpack_sharing_enabled":true,"_links":{"self":[{"href":"https:\/\/psychosomatik-krause.de\/en\/wp-json\/wp\/v2\/pages\/10493","targetHints":{"allow":["GET"]}}],"collection":[{"href":"https:\/\/psychosomatik-krause.de\/en\/wp-json\/wp\/v2\/pages"}],"about":[{"href":"https:\/\/psychosomatik-krause.de\/en\/wp-json\/wp\/v2\/types\/page"}],"author":[{"embeddable":true,"href":"https:\/\/psychosomatik-krause.de\/en\/wp-json\/wp\/v2\/users\/2"}],"replies":[{"embeddable":true,"href":"https:\/\/psychosomatik-krause.de\/en\/wp-json\/wp\/v2\/comments?post=10493"}],"version-history":[{"count":136,"href":"https:\/\/psychosomatik-krause.de\/en\/wp-json\/wp\/v2\/pages\/10493\/revisions"}],"predecessor-version":[{"id":17462,"href":"https:\/\/psychosomatik-krause.de\/en\/wp-json\/wp\/v2\/pages\/10493\/revisions\/17462"}],"wp:featuredmedia":[{"embeddable":true,"href":"https:\/\/psychosomatik-krause.de\/en\/wp-json\/wp\/v2\/media\/10494"}],"wp:attachment":[{"href":"https:\/\/psychosomatik-krause.de\/en\/wp-json\/wp\/v2\/media?parent=10493"}],"curies":[{"name":"wp","href":"https:\/\/api.w.org\/{rel}","templated":true}]}}